{"id":8492,"date":"2025-09-24T06:09:32","date_gmt":"2025-09-24T06:09:32","guid":{"rendered":"https:\/\/hs-sensortechnik.at\/accessibility\/"},"modified":"2025-09-24T06:22:16","modified_gmt":"2025-09-24T06:22:16","slug":"accessibility","status":"publish","type":"page","link":"https:\/\/hs-sensortechnik.at\/en\/accessibility\/","title":{"rendered":"Accessibility"},"content":{"rendered":"\t\t<div data-elementor-type=\"wp-page\" data-elementor-id=\"8492\" class=\"elementor elementor-8492 elementor-8484\" data-elementor-post-type=\"page\">\n\t\t\t\t\t\t<section class=\"elementor-section elementor-top-section elementor-element elementor-element-c91d25b elementor-section-boxed elementor-section-height-default elementor-section-height-default\" data-id=\"c91d25b\" data-element_type=\"section\" data-e-type=\"section\">\n\t\t\t\t\t\t<div class=\"elementor-container elementor-column-gap-default\">\n\t\t\t\t\t<div class=\"elementor-column elementor-col-100 elementor-top-column elementor-element elementor-element-6fe7976\" data-id=\"6fe7976\" data-element_type=\"column\" data-e-type=\"column\">\n\t\t\t<div class=\"elementor-widget-wrap elementor-element-populated\">\n\t\t\t\t\t\t<div class=\"elementor-element elementor-element-32d6c01 elementor-widget elementor-widget-heading\" data-id=\"32d6c01\" data-element_type=\"widget\" data-e-type=\"widget\" data-widget_type=\"heading.default\">\n\t\t\t\t<div class=\"elementor-widget-container\">\n\t\t\t\t\t<h1 class=\"elementor-heading-title elementor-size-default\">Accessibility<\/h1>\t\t\t\t<\/div>\n\t\t\t\t<\/div>\n\t\t\t\t\t<\/div>\n\t\t<\/div>\n\t\t\t\t\t<\/div>\n\t\t<\/section>\n\t\t\t\t<section class=\"elementor-section elementor-top-section elementor-element elementor-element-924ffb7 elementor-section-boxed elementor-section-height-default elementor-section-height-default\" data-id=\"924ffb7\" data-element_type=\"section\" data-e-type=\"section\">\n\t\t\t\t\t\t<div class=\"elementor-container elementor-column-gap-default\">\n\t\t\t\t\t<div class=\"elementor-column elementor-col-100 elementor-top-column elementor-element elementor-element-9e0d122\" data-id=\"9e0d122\" data-element_type=\"column\" data-e-type=\"column\">\n\t\t\t<div class=\"elementor-widget-wrap elementor-element-populated\">\n\t\t\t\t\t\t<div class=\"elementor-element elementor-element-62caabb elementor-widget elementor-widget-text-editor\" data-id=\"62caabb\" data-element_type=\"widget\" data-e-type=\"widget\" data-widget_type=\"text-editor.default\">\n\t\t\t\t<div class=\"elementor-widget-container\">\n\t\t\t\t\t\t\t\t\t<div data-id=\"c7b9a9d\" data-element_type=\"widget\" data-widget_type=\"shortcode.default\"><div><div><p><strong>Accessibility statement<\/strong><\/p><p>H&amp;S Sensortechnik GmbH strives to make its website <a href=\"http:\/\/www.hs-sensortechnik.at\">www.hs-sensortechnik.at<\/a> accessible in accordance with the Web Accessibility Act (WZG).<\/p><p><strong>Status of compliance with requirements<\/strong><br>This website is partially compliant with the Web Content Accessibility Guidelines (WCAG) 2.1 at conformity level AA due to the incompatibilities and exceptions listed below.<\/p><p><strong>Non-accessible content<\/strong><br>Despite all efforts to make the website accessible, there may still be restrictions in the following areas:<\/p><ul><li>Some PDF documents are not yet fully optimised for screen readers. <\/li><li>Interactive elements, such as forms or captchas, may not be fully operable with the keyboard. <\/li><li>Colour contrasts and individual display options (e.g. font size adjustment) do not yet comply with the recommended standards in all areas. <\/li><li>The semantic structure of individual pages (e.g. heading order or landmarks) is being improved step by step.<\/li><\/ul><p>We are continuously working to improve these areas and further reduce barriers.<\/p><p><strong>Creation of this statement<\/strong><br>This statement was created on 24 September 2025.<br>The website was evaluated through a self-assessment.<\/p><p><strong>Feedback and contact details<\/strong><br>We are continuously working to further improve accessibility. If you notice any barriers or content that is not accessible, please contact us: <\/p><p><strong>Contact point:<\/strong><br>H&amp;S Sensortechnik GmbH <br>Jagern 62<br>4761 Enzenkirchen<br>office@hs-sensortechnik.at<br>+43 (0) 77 62 \/ 43 705-0<\/p><p><strong>Enforcement procedure<\/strong><br>If you do not receive a satisfactory response to your report or enquiry regarding accessibility, you can contact the complaints office:<\/p><p>\u00d6sterreichische Forschungsf\u00f6rderungsgesellschaft mbH (FFG)<br>Kompetenzstelle f\u00fcr barrierefreie IT <br>Sensengasse 1, 1090 Wien <br>Web: <a href=\"https:\/\/www.ffg.at\/barrierefreiheit\" rel=\"noopener\">https:\/\/www.ffg.at\/barrierefreiheit<\/a><br>E-Mail: <a href=\"mailto:barrierefreiheit@ffg.at\">barrierefreiheit@ffg.at<\/a><\/p><\/div><\/div><\/div><div data-id=\"518a02e\" data-element_type=\"widget\" data-widget_type=\"text-editor.default\"><div> <\/div><\/div>\t\t\t\t\t\t\t\t<\/div>\n\t\t\t\t<\/div>\n\t\t\t\t\t<\/div>\n\t\t<\/div>\n\t\t\t\t\t<\/div>\n\t\t<\/section>\n\t\t\t\t<\/div>\n\t\t","protected":false},"excerpt":{"rendered":"<p>Accessibility Accessibility statement H&amp;S Sensortechnik GmbH strives to make its website www.hs-sensortechnik.at accessible in accordance with the Web Accessibility Act (WZG). Status of compliance with requirementsThis website is partially compliant with the Web Content Accessibility Guidelines (WCAG) 2.1 at conformity level AA due to the incompatibilities and exceptions listed below. Non-accessible contentDespite all efforts to [&hellip;]<\/p>\n","protected":false},"author":7,"featured_media":0,"parent":0,"menu_order":0,"comment_status":"closed","ping_status":"closed","template":"","meta":{"_acf_changed":false,"_genesis_hide_title":false,"_genesis_hide_breadcrumbs":false,"_genesis_hide_singular_image":false,"_genesis_hide_footer_widgets":false,"_genesis_custom_body_class":"","_genesis_custom_post_class":"","_genesis_layout":"","footnotes":""},"class_list":{"0":"post-8492","1":"page","2":"type-page","3":"status-publish","5":"entry"},"acf":[],"_links":{"self":[{"href":"https:\/\/hs-sensortechnik.at\/en\/wp-json\/wp\/v2\/pages\/8492","targetHints":{"allow":["GET"]}}],"collection":[{"href":"https:\/\/hs-sensortechnik.at\/en\/wp-json\/wp\/v2\/pages"}],"about":[{"href":"https:\/\/hs-sensortechnik.at\/en\/wp-json\/wp\/v2\/types\/page"}],"author":[{"embeddable":true,"href":"https:\/\/hs-sensortechnik.at\/en\/wp-json\/wp\/v2\/users\/7"}],"replies":[{"embeddable":true,"href":"https:\/\/hs-sensortechnik.at\/en\/wp-json\/wp\/v2\/comments?post=8492"}],"version-history":[{"count":1,"href":"https:\/\/hs-sensortechnik.at\/en\/wp-json\/wp\/v2\/pages\/8492\/revisions"}],"predecessor-version":[{"id":8493,"href":"https:\/\/hs-sensortechnik.at\/en\/wp-json\/wp\/v2\/pages\/8492\/revisions\/8493"}],"wp:attachment":[{"href":"https:\/\/hs-sensortechnik.at\/en\/wp-json\/wp\/v2\/media?parent=8492"}],"curies":[{"name":"wp","href":"https:\/\/api.w.org\/{rel}","templated":true}]}}