{"id":7783,"date":"2025-04-03T09:02:55","date_gmt":"2025-04-03T09:02:55","guid":{"rendered":"https:\/\/p-sil6td.project.space\/?post_type=product&#038;p=7783"},"modified":"2025-06-13T08:44:33","modified_gmt":"2025-06-13T08:44:33","slug":"adapter-for-lambda-sensor","status":"publish","type":"product","link":"https:\/\/hs-sensortechnik.at\/en\/produkt\/adapter-for-lambda-sensor\/","title":{"rendered":"Adapter for lambda sensor"},"content":{"rendered":"<div>\n<h2>Adapter for lambda sensor NGK OZA685-WW1 (Niterra)<\/h2>\n<\/div>\n<div>\n<h5><b>Description:<br \/>\n<\/b><\/h5>\n<p>The adapter is perfectly suited for the OZA685-WW1 <a href=\"https:\/\/hs-sensortechnik.at\/en\/produkt\/lambda-sensor-118-02-7100\/\">lambda sensor<\/a> from Niterra.<\/p>\n<p><strong>Characteristics:<\/strong><\/p>\n<ul>\n<li>Materia\u0142: go\u0142y mosi\u0105dz CuZn40Pb2<\/li>\n<\/ul>\n<\/div>\n","protected":false},"excerpt":{"rendered":"<div>\n<p>Adapter for lambda sensor OZA685-WW1<\/p>\n<\/div>\n","protected":false},"featured_media":7788,"comment_status":"closed","ping_status":"closed","template":"","meta":{"_acf_changed":false,"_genesis_hide_title":false,"_genesis_hide_breadcrumbs":false,"_genesis_hide_singular_image":false,"_genesis_hide_footer_widgets":false,"_genesis_custom_body_class":"","_genesis_custom_post_class":"","_genesis_layout":""},"product_brand":[],"product_cat":[242,221],"product_tag":[244,243],"class_list":{"0":"post-7783","1":"product","2":"type-product","3":"status-publish","4":"has-post-thumbnail","6":"product_cat-lambda-sensor","7":"product_cat-uncategorized","8":"product_tag-lambda-sensor-accessories","9":"product_tag-socket","10":"entry","12":"first","13":"instock","14":"taxable","15":"shipping-taxable","16":"purchasable","17":"product-type-simple"},"acf":[],"tiered_pricing_type":"fixed","tiered_pricing_fixed_rules":[],"tiered_pricing_product_settings":{"layout":"default","base_unit_name":{"singular":null,"plural":null},"default_variation":null},"tiered_pricing_minimum_quantity":null,"tiered_pricing_roles_data":[],"tiered_pricing_percentage_rules":[],"_links":{"self":[{"href":"https:\/\/hs-sensortechnik.at\/en\/wp-json\/wp\/v2\/product\/7783","targetHints":{"allow":["GET"]}}],"collection":[{"href":"https:\/\/hs-sensortechnik.at\/en\/wp-json\/wp\/v2\/product"}],"about":[{"href":"https:\/\/hs-sensortechnik.at\/en\/wp-json\/wp\/v2\/types\/product"}],"replies":[{"embeddable":true,"href":"https:\/\/hs-sensortechnik.at\/en\/wp-json\/wp\/v2\/comments?post=7783"}],"wp:featuredmedia":[{"embeddable":true,"href":"https:\/\/hs-sensortechnik.at\/en\/wp-json\/wp\/v2\/media\/7788"}],"wp:attachment":[{"href":"https:\/\/hs-sensortechnik.at\/en\/wp-json\/wp\/v2\/media?parent=7783"}],"wp:term":[{"taxonomy":"product_brand","embeddable":true,"href":"https:\/\/hs-sensortechnik.at\/en\/wp-json\/wp\/v2\/product_brand?post=7783"},{"taxonomy":"product_cat","embeddable":true,"href":"https:\/\/hs-sensortechnik.at\/en\/wp-json\/wp\/v2\/product_cat?post=7783"},{"taxonomy":"product_tag","embeddable":true,"href":"https:\/\/hs-sensortechnik.at\/en\/wp-json\/wp\/v2\/product_tag?post=7783"}],"curies":[{"name":"wp","href":"https:\/\/api.w.org\/{rel}","templated":true}]}}