{"id":8494,"date":"2025-09-24T06:09:32","date_gmt":"2025-09-24T06:09:32","guid":{"rendered":"https:\/\/hs-sensortechnik.at\/accessibilite\/"},"modified":"2025-09-24T06:26:16","modified_gmt":"2025-09-24T06:26:16","slug":"accessibilite","status":"publish","type":"page","link":"https:\/\/hs-sensortechnik.at\/fr\/accessibilite\/","title":{"rendered":"Accessibilit\u00e9"},"content":{"rendered":"\t\t<div data-elementor-type=\"wp-page\" data-elementor-id=\"8494\" class=\"elementor elementor-8494 elementor-8484\" data-elementor-post-type=\"page\">\n\t\t\t\t\t\t<section class=\"elementor-section elementor-top-section elementor-element elementor-element-c91d25b elementor-section-boxed elementor-section-height-default elementor-section-height-default\" data-id=\"c91d25b\" data-element_type=\"section\" data-e-type=\"section\">\n\t\t\t\t\t\t<div class=\"elementor-container elementor-column-gap-default\">\n\t\t\t\t\t<div class=\"elementor-column elementor-col-100 elementor-top-column elementor-element elementor-element-6fe7976\" data-id=\"6fe7976\" data-element_type=\"column\" data-e-type=\"column\">\n\t\t\t<div class=\"elementor-widget-wrap elementor-element-populated\">\n\t\t\t\t\t\t<div class=\"elementor-element elementor-element-32d6c01 elementor-widget elementor-widget-heading\" data-id=\"32d6c01\" data-element_type=\"widget\" data-e-type=\"widget\" data-widget_type=\"heading.default\">\n\t\t\t\t<div class=\"elementor-widget-container\">\n\t\t\t\t\t<h1 class=\"elementor-heading-title elementor-size-default\">Accessibilit\u00e9<\/h1>\t\t\t\t<\/div>\n\t\t\t\t<\/div>\n\t\t\t\t\t<\/div>\n\t\t<\/div>\n\t\t\t\t\t<\/div>\n\t\t<\/section>\n\t\t\t\t<section class=\"elementor-section elementor-top-section elementor-element elementor-element-924ffb7 elementor-section-boxed elementor-section-height-default elementor-section-height-default\" data-id=\"924ffb7\" data-element_type=\"section\" data-e-type=\"section\">\n\t\t\t\t\t\t<div class=\"elementor-container elementor-column-gap-default\">\n\t\t\t\t\t<div class=\"elementor-column elementor-col-100 elementor-top-column elementor-element elementor-element-9e0d122\" data-id=\"9e0d122\" data-element_type=\"column\" data-e-type=\"column\">\n\t\t\t<div class=\"elementor-widget-wrap elementor-element-populated\">\n\t\t\t\t\t\t<div class=\"elementor-element elementor-element-62caabb elementor-widget elementor-widget-text-editor\" data-id=\"62caabb\" data-element_type=\"widget\" data-e-type=\"widget\" data-widget_type=\"text-editor.default\">\n\t\t\t\t<div class=\"elementor-widget-container\">\n\t\t\t\t\t\t\t\t\t<div data-id=\"c7b9a9d\" data-element_type=\"widget\" data-widget_type=\"shortcode.default\"><div><div><p><strong>D\u00e9claration relative \u00e0 l\u2019accessibilit\u00e9<\/strong><\/p><p>La soci\u00e9t\u00e9 H&amp;S Sensortechnik GmbH s\u2019efforce de rendre son site Web <a href=\"http:\/\/www.hs-sensortechnik.at\">www.hs-sensortechnik.at<\/a> accessible conform\u00e9ment \u00e0 la loi allemande sur l\u2019accessibilit\u00e9 du Web (WZG).<\/p><p><strong>\u00c9tat de conformit\u00e9 aux exigences<\/strong><br>Ce site web est partiellement conforme aux directives d\u2019accessibilit\u00e9 des contenus web (WCAG) 2.1 au niveau de conformit\u00e9 AA en raison des incompatibilit\u00e9s et exceptions mentionn\u00e9es ci-dessous.<\/p><p><strong>Contenus non accessibles<\/strong><br>Malgr\u00e9 tous les efforts d\u00e9ploy\u00e9s pour rendre le site web accessible, des restrictions peuvent encore exister dans les domaines suivants :<\/p><ul><li>Les documents PDF ne sont pas encore enti\u00e8rement optimis\u00e9s pour les lecteurs d\u2019\u00e9cran. <\/li><li>Les \u00e9l\u00e9ments interactifs, tels que les formulaires ou les captchas, ne peuvent pas toujours \u00eatre utilis\u00e9s avec le clavier. <\/li><li>Les contrastes de couleurs et les options d\u2019affichage individuelles (par exemple, le r\u00e9glage de la taille des caract\u00e8res) ne sont pas encore partout conformes aux normes recommand\u00e9es. <\/li><li>La structure s\u00e9mantique des diff\u00e9rentes pages (par exemple, l\u2019ordre des titres ou les rep\u00e8res) est progressivement am\u00e9lior\u00e9e.<\/li><\/ul><p>Nous travaillons en permanence \u00e0 l\u2019am\u00e9lioration de ces domaines et \u00e0 la suppression des barri\u00e8res..<\/p><p><strong>Cr\u00e9ation de cette d\u00e9claration<\/strong><br>Cette d\u00e9claration a \u00e9t\u00e9 \u00e9tablie le 24 septembre 2025.<br>L&rsquo;\u00e9valuation du site web a \u00e9t\u00e9 r\u00e9alis\u00e9e par le biais d&rsquo;une auto-\u00e9valuation.<\/p><p><strong>Point de contact :<\/strong><br>Nous travaillons en permanence \u00e0 l&rsquo;am\u00e9lioration de l&rsquo;accessibilit\u00e9. Si vous constatez des obstacles ou que certains contenus ne sont pas accessibles, veuillez nous contacter : <\/p><p><strong>Point de contact :<\/strong><br>H&amp;S Sensortechnik GmbH <br>Jagern 62<br>4761 Enzenkirchen<br>office@hs-sensortechnik.at<br>+43 (0) 77 62 \/ 43 705-0<\/p><p><strong>Proc\u00e9dure d\u2019application<\/strong><br>Si vous n\u2019obtenez pas de r\u00e9ponse satisfaisante \u00e0 votre signalement ou \u00e0 votre demande concernant l\u2019accessibilit\u00e9, vous pouvez vous adresser au service des r\u00e9clamations :<\/p><p>\u00d6sterreichische Forschungsf\u00f6rderungsgesellschaft mbH (FFG)<br>Kompetenzstelle f\u00fcr barrierefreie IT <br>Sensengasse 1, 1090 Wien <br>Web: <a href=\"https:\/\/www.ffg.at\/barrierefreiheit\" rel=\"noopener\">https:\/\/www.ffg.at\/barrierefreiheit<\/a><br>E-Mail: <a href=\"mailto:barrierefreiheit@ffg.at\">barrierefreiheit@ffg.at<\/a><\/p><\/div><\/div><\/div><div data-id=\"518a02e\" data-element_type=\"widget\" data-widget_type=\"text-editor.default\"><div> <\/div><\/div>\t\t\t\t\t\t\t\t<\/div>\n\t\t\t\t<\/div>\n\t\t\t\t\t<\/div>\n\t\t<\/div>\n\t\t\t\t\t<\/div>\n\t\t<\/section>\n\t\t\t\t<\/div>\n\t\t","protected":false},"excerpt":{"rendered":"<p>Accessibilit\u00e9 D\u00e9claration relative \u00e0 l\u2019accessibilit\u00e9 La soci\u00e9t\u00e9 H&amp;S Sensortechnik GmbH s\u2019efforce de rendre son site Web www.hs-sensortechnik.at accessible conform\u00e9ment \u00e0 la loi allemande sur l\u2019accessibilit\u00e9 du Web (WZG). \u00c9tat de conformit\u00e9 aux exigencesCe site web est partiellement conforme aux directives d\u2019accessibilit\u00e9 des contenus web (WCAG) 2.1 au niveau de conformit\u00e9 AA en raison des incompatibilit\u00e9s [&hellip;]<\/p>\n","protected":false},"author":7,"featured_media":0,"parent":0,"menu_order":0,"comment_status":"closed","ping_status":"closed","template":"","meta":{"_acf_changed":false,"_genesis_hide_title":false,"_genesis_hide_breadcrumbs":false,"_genesis_hide_singular_image":false,"_genesis_hide_footer_widgets":false,"_genesis_custom_body_class":"","_genesis_custom_post_class":"","_genesis_layout":"","footnotes":""},"class_list":{"0":"post-8494","1":"page","2":"type-page","3":"status-publish","5":"entry"},"acf":[],"_links":{"self":[{"href":"https:\/\/hs-sensortechnik.at\/fr\/wp-json\/wp\/v2\/pages\/8494","targetHints":{"allow":["GET"]}}],"collection":[{"href":"https:\/\/hs-sensortechnik.at\/fr\/wp-json\/wp\/v2\/pages"}],"about":[{"href":"https:\/\/hs-sensortechnik.at\/fr\/wp-json\/wp\/v2\/types\/page"}],"author":[{"embeddable":true,"href":"https:\/\/hs-sensortechnik.at\/fr\/wp-json\/wp\/v2\/users\/7"}],"replies":[{"embeddable":true,"href":"https:\/\/hs-sensortechnik.at\/fr\/wp-json\/wp\/v2\/comments?post=8494"}],"version-history":[{"count":1,"href":"https:\/\/hs-sensortechnik.at\/fr\/wp-json\/wp\/v2\/pages\/8494\/revisions"}],"predecessor-version":[{"id":8495,"href":"https:\/\/hs-sensortechnik.at\/fr\/wp-json\/wp\/v2\/pages\/8494\/revisions\/8495"}],"wp:attachment":[{"href":"https:\/\/hs-sensortechnik.at\/fr\/wp-json\/wp\/v2\/media?parent=8494"}],"curies":[{"name":"wp","href":"https:\/\/api.w.org\/{rel}","templated":true}]}}