{"id":5957,"date":"2023-07-31T06:48:12","date_gmt":"2023-07-31T06:48:12","guid":{"rendered":"https:\/\/p-sil6td.project.space\/produkt\/connecteur-5pol\/"},"modified":"2025-12-10T07:54:11","modified_gmt":"2025-12-10T07:54:11","slug":"connecteur-5pol-312-05-6205","status":"publish","type":"product","link":"https:\/\/hs-sensortechnik.at\/fr\/produkt\/connecteur-5pol-312-05-6205\/","title":{"rendered":"Connecteur 5pol. VENTE"},"content":{"rendered":"<div>\n<h2>Steckverbinder 5 pol. -VENTE<\/h2>\n<\/div>\n<div>\n<p><strong>Description :<\/strong><\/p>\n<p>Bo\u00eetier de prises connecteur 5pol. MSTB, vert, non imprim\u00e9 avec connexion \u00e0 vis pour le montage du c\u00e2ble.<\/p>\n<p>&nbsp;<\/p>\n<\/div>\n<div>\n<h5><b>Caract\u00e9ristiques :<\/b><\/h5>\n<\/div>\n<ul>\n<li>Dimension de la trame : 5 mm<\/li>\n<li>Forme de construction : douille droite<\/li>\n<li>Nombre de p\u00f4les : 5<\/li>\n<li>Courant nominal : 12 A<\/li>\n<li>Tension nominale : 320 V<\/li>\n<li>Dimensions : 15 x 25 x 18,20 mm (L x l x H)<\/li>\n<li>Raccordement : Borne \u00e0 vis Connecteur<\/li>\n<\/ul>\n<p>&nbsp;<\/p>\n<p><strong>Num\u00e9ro de fabricant :<\/strong><\/p>\n<ul>\n<li>1754504<\/li>\n<\/ul>\n","protected":false},"excerpt":{"rendered":"<div>\n<p>vert<\/p>\n<\/div>\n","protected":false},"featured_media":6486,"comment_status":"closed","ping_status":"closed","template":"","meta":{"_acf_changed":false,"_genesis_hide_title":false,"_genesis_hide_breadcrumbs":false,"_genesis_hide_singular_image":false,"_genesis_hide_footer_widgets":false,"_genesis_custom_body_class":"","_genesis_custom_post_class":"","_genesis_layout":""},"product_brand":[],"product_cat":[299,298],"product_tag":[308],"class_list":{"0":"post-5957","1":"product","2":"type-product","3":"status-publish","4":"has-post-thumbnail","6":"product_cat-fin-du-stock","7":"product_cat-non-categorise","8":"product_tag-connecteur-5pol","9":"entry","11":"first","12":"instock","13":"taxable","14":"shipping-taxable","15":"purchasable","16":"product-type-simple"},"acf":[],"tiered_pricing_type":"fixed","tiered_pricing_fixed_rules":{"500":3.2},"tiered_pricing_product_settings":{"layout":"default","base_unit_name":{"singular":null,"plural":null},"default_variation":null},"tiered_pricing_minimum_quantity":null,"tiered_pricing_roles_data":[],"tiered_pricing_percentage_rules":[],"_links":{"self":[{"href":"https:\/\/hs-sensortechnik.at\/fr\/wp-json\/wp\/v2\/product\/5957","targetHints":{"allow":["GET"]}}],"collection":[{"href":"https:\/\/hs-sensortechnik.at\/fr\/wp-json\/wp\/v2\/product"}],"about":[{"href":"https:\/\/hs-sensortechnik.at\/fr\/wp-json\/wp\/v2\/types\/product"}],"replies":[{"embeddable":true,"href":"https:\/\/hs-sensortechnik.at\/fr\/wp-json\/wp\/v2\/comments?post=5957"}],"wp:featuredmedia":[{"embeddable":true,"href":"https:\/\/hs-sensortechnik.at\/fr\/wp-json\/wp\/v2\/media\/6486"}],"wp:attachment":[{"href":"https:\/\/hs-sensortechnik.at\/fr\/wp-json\/wp\/v2\/media?parent=5957"}],"wp:term":[{"taxonomy":"product_brand","embeddable":true,"href":"https:\/\/hs-sensortechnik.at\/fr\/wp-json\/wp\/v2\/product_brand?post=5957"},{"taxonomy":"product_cat","embeddable":true,"href":"https:\/\/hs-sensortechnik.at\/fr\/wp-json\/wp\/v2\/product_cat?post=5957"},{"taxonomy":"product_tag","embeddable":true,"href":"https:\/\/hs-sensortechnik.at\/fr\/wp-json\/wp\/v2\/product_tag?post=5957"}],"curies":[{"name":"wp","href":"https:\/\/api.w.org\/{rel}","templated":true}]}}