{"id":5966,"date":"2023-07-17T13:54:47","date_gmt":"2023-07-17T13:54:47","guid":{"rendered":"https:\/\/p-sil6td.project.space\/produkt\/capteur-de-temperature-a-cable-2m-sil-incl-embout-de-cable\/"},"modified":"2025-07-21T05:51:34","modified_gmt":"2025-07-21T05:51:34","slug":"capteur-de-temperature-a-cable-con-edc-110-01-0822","status":"publish","type":"product","link":"https:\/\/hs-sensortechnik.at\/fr\/produkt\/capteur-de-temperature-a-cable-con-edc-110-01-0822\/","title":{"rendered":"Sonde de temp\u00e9rature PT1000\/B SIL incl. Embout de c\u00e2ble 2,00m"},"content":{"rendered":"<div>\n<h2>Sonde de temp\u00e9rature PT1000\/B SIL incl. Embout de c\u00e2ble 2,00m<\/h2>\n<p>C\u00e2ble en silicone noir<br \/>\n+200\u00b0C<\/p>\n<\/div>\n<div>\n<div>\n<p><strong>Description :<\/strong><\/p>\n<p>Les sondes de temp\u00e9rature \u00e0 c\u00e2ble sont principalement utilis\u00e9es dans le domaine du chauffage. Ils mesurent la temp\u00e9rature gr\u00e2ce \u00e0 un capteur situ\u00e9 \u00e0 l&rsquo;int\u00e9rieur du doigt de gant.<\/p>\n<\/div>\n<div>\n<h5><b>Caract\u00e9ristiques :<\/b><\/h5>\n<ul>\n<li>Capteur : classe B selon DIN EN 60751<\/li>\n<li>Type de circuit : circuit \u00e0 2 fils<\/li>\n<li>Diam\u00e8tre du doigt de gant : 6 mm<\/li>\n<li>Longueur du doigt de gant : 50mm<\/li>\n<li>C\u00e2ble de connexion : FEP\/silicone 2 x 0,22 mm<\/li>\n<li>Longueur du c\u00e2ble de connexion : 2.000mm<\/li>\n<li>Extr\u00e9mit\u00e9s de connexion : embouts isol\u00e9s<\/li>\n<li>Plage de temp\u00e9rature admissible : -50&#8230;+200\u00b0C<\/li>\n<\/ul>\n<p><b>Num\u00e9ro de fabricant :<br \/>\n<\/b>8800 1163<\/p>\n<\/div>\n<\/div>\n","protected":false},"excerpt":{"rendered":"<div>\n<p>PT1000\/B &#8211; 200\u00b0<\/p>\n<\/div>\n","protected":false},"featured_media":8294,"comment_status":"closed","ping_status":"closed","template":"","meta":{"_acf_changed":false,"_genesis_hide_title":false,"_genesis_hide_breadcrumbs":false,"_genesis_hide_singular_image":false,"_genesis_hide_footer_widgets":false,"_genesis_custom_body_class":"","_genesis_custom_post_class":"","_genesis_layout":""},"product_brand":[],"product_cat":[316,298],"product_tag":[321,322,323],"class_list":{"0":"post-5966","1":"product","2":"type-product","3":"status-publish","4":"has-post-thumbnail","6":"product_cat-capteur-de-temperature","7":"product_cat-non-categorise","8":"product_tag-capteur-de-temperature","9":"product_tag-capteur-de-temperature-a-cable","10":"product_tag-embout-de-cable","11":"entry","13":"first","14":"instock","15":"taxable","16":"shipping-taxable","17":"purchasable","18":"product-type-simple"},"acf":[],"tiered_pricing_type":"fixed","tiered_pricing_fixed_rules":{"10":15.02,"20":11.55},"tiered_pricing_product_settings":{"layout":"default","base_unit_name":{"singular":null,"plural":null},"default_variation":null},"tiered_pricing_minimum_quantity":null,"tiered_pricing_roles_data":[],"tiered_pricing_percentage_rules":[],"_links":{"self":[{"href":"https:\/\/hs-sensortechnik.at\/fr\/wp-json\/wp\/v2\/product\/5966","targetHints":{"allow":["GET"]}}],"collection":[{"href":"https:\/\/hs-sensortechnik.at\/fr\/wp-json\/wp\/v2\/product"}],"about":[{"href":"https:\/\/hs-sensortechnik.at\/fr\/wp-json\/wp\/v2\/types\/product"}],"replies":[{"embeddable":true,"href":"https:\/\/hs-sensortechnik.at\/fr\/wp-json\/wp\/v2\/comments?post=5966"}],"wp:featuredmedia":[{"embeddable":true,"href":"https:\/\/hs-sensortechnik.at\/fr\/wp-json\/wp\/v2\/media\/8294"}],"wp:attachment":[{"href":"https:\/\/hs-sensortechnik.at\/fr\/wp-json\/wp\/v2\/media?parent=5966"}],"wp:term":[{"taxonomy":"product_brand","embeddable":true,"href":"https:\/\/hs-sensortechnik.at\/fr\/wp-json\/wp\/v2\/product_brand?post=5966"},{"taxonomy":"product_cat","embeddable":true,"href":"https:\/\/hs-sensortechnik.at\/fr\/wp-json\/wp\/v2\/product_cat?post=5966"},{"taxonomy":"product_tag","embeddable":true,"href":"https:\/\/hs-sensortechnik.at\/fr\/wp-json\/wp\/v2\/product_tag?post=5966"}],"curies":[{"name":"wp","href":"https:\/\/api.w.org\/{rel}","templated":true}]}}