{"id":5998,"date":"2023-07-31T05:48:18","date_gmt":"2023-07-31T05:48:18","guid":{"rendered":"https:\/\/p-sil6td.project.space\/produkt\/petite-protection\/"},"modified":"2025-12-10T07:52:25","modified_gmt":"2025-12-10T07:52:25","slug":"petite-protection-123-10-0304","status":"publish","type":"product","link":"https:\/\/hs-sensortechnik.at\/fr\/produkt\/petite-protection-123-10-0304\/","title":{"rendered":"VENTE de Kleinsch\u00fctz"},"content":{"rendered":"<div>\n<h2>Petit contacteur avec \u00e9l\u00e9ment perturbateur &#8211; VENTE<\/h2>\n<\/div>\n<div>\n<p><strong>Description :<\/strong><\/p>\n<p>Un petit contacteur est d\u00e9velopp\u00e9 pour les applications dans l&rsquo;industrie l\u00e9g\u00e8re, pour lesquelles l&rsquo;espace de l&rsquo;armoire \u00e9lectrique est surtout important. Un contacteur miniature est tr\u00e8s plat et n\u00e9cessite donc une faible profondeur d&rsquo;armoire.<\/p>\n<p>&nbsp;<\/p>\n<\/div>\n<div>\n<h5><b>Caract\u00e9ristiques :<\/b><\/h5>\n<\/div>\n<ul>\n<li>Puissance : 4kW \/ AC-3<\/li>\n<li>S\u00e9rie de produits : 100-K, 5-12A<\/li>\n<li>Nombre de contacts principaux : 3 p\u00f4les<\/li>\n<li>Nombre de contacts auxiliaires : 1 (ouverture\/fermeture)<\/li>\n<li>Type de connexion : connexion \u00e0 vis<\/li>\n<li>Tension de la bobine : 24 VDC<\/li>\n<li>Courant : 9A<\/li>\n<\/ul>\n<p>&nbsp;<\/p>\n<p><strong>Num\u00e9ro de fabricant :<\/strong><\/p>\n<ul>\n<li>100-K09DJ01<\/li>\n<\/ul>\n","protected":false},"excerpt":{"rendered":"<div>\n<p>compris El\u00e9ment perturbateur<\/p>\n<\/div>\n","protected":false},"featured_media":6471,"comment_status":"closed","ping_status":"closed","template":"","meta":{"_acf_changed":false,"_genesis_hide_title":false,"_genesis_hide_breadcrumbs":false,"_genesis_hide_singular_image":false,"_genesis_hide_footer_widgets":false,"_genesis_custom_body_class":"","_genesis_custom_post_class":"","_genesis_layout":""},"product_brand":[],"product_cat":[299,298],"product_tag":[327,326],"class_list":{"0":"post-5998","1":"product","2":"type-product","3":"status-publish","4":"has-post-thumbnail","6":"product_cat-fin-du-stock","7":"product_cat-non-categorise","8":"product_tag-contacteur-miniature","9":"product_tag-petite-protection","10":"entry","12":"first","13":"instock","14":"taxable","15":"shipping-taxable","16":"purchasable","17":"product-type-simple"},"acf":[],"tiered_pricing_type":"fixed","tiered_pricing_fixed_rules":{"100":48},"tiered_pricing_product_settings":{"layout":"default","base_unit_name":{"singular":null,"plural":null},"default_variation":null},"tiered_pricing_minimum_quantity":null,"tiered_pricing_roles_data":[],"tiered_pricing_percentage_rules":[],"_links":{"self":[{"href":"https:\/\/hs-sensortechnik.at\/fr\/wp-json\/wp\/v2\/product\/5998","targetHints":{"allow":["GET"]}}],"collection":[{"href":"https:\/\/hs-sensortechnik.at\/fr\/wp-json\/wp\/v2\/product"}],"about":[{"href":"https:\/\/hs-sensortechnik.at\/fr\/wp-json\/wp\/v2\/types\/product"}],"replies":[{"embeddable":true,"href":"https:\/\/hs-sensortechnik.at\/fr\/wp-json\/wp\/v2\/comments?post=5998"}],"wp:featuredmedia":[{"embeddable":true,"href":"https:\/\/hs-sensortechnik.at\/fr\/wp-json\/wp\/v2\/media\/6471"}],"wp:attachment":[{"href":"https:\/\/hs-sensortechnik.at\/fr\/wp-json\/wp\/v2\/media?parent=5998"}],"wp:term":[{"taxonomy":"product_brand","embeddable":true,"href":"https:\/\/hs-sensortechnik.at\/fr\/wp-json\/wp\/v2\/product_brand?post=5998"},{"taxonomy":"product_cat","embeddable":true,"href":"https:\/\/hs-sensortechnik.at\/fr\/wp-json\/wp\/v2\/product_cat?post=5998"},{"taxonomy":"product_tag","embeddable":true,"href":"https:\/\/hs-sensortechnik.at\/fr\/wp-json\/wp\/v2\/product_tag?post=5998"}],"curies":[{"name":"wp","href":"https:\/\/api.w.org\/{rel}","templated":true}]}}