{"id":6043,"date":"2023-06-27T09:44:56","date_gmt":"2023-06-27T09:44:56","guid":{"rendered":"https:\/\/p-sil6td.project.space\/produkt\/allumeur-ceramique-psx-6-240-b\/"},"modified":"2026-04-02T14:27:18","modified_gmt":"2026-04-02T14:27:18","slug":"allumeur-ceramique-psx-6-240-b-116-86-0300","status":"publish","type":"product","link":"https:\/\/hs-sensortechnik.at\/fr\/produkt\/allumeur-ceramique-psx-6-240-b-116-86-0300\/","title":{"rendered":"Allumeur \u00e0 incandescence en c\u00e9ramique PSX-6-240-B"},"content":{"rendered":"<h2>Allumeur \u00e0 incandescence en c\u00e9ramique PSX-6-240-B (116.86-0300)<\/h2>\n<h3>Tige incandescente pour l&rsquo;allumage du bois, des pellets et d&rsquo;autres combustibles issus de la biomasse.<\/h3>\n<p>Ces allumeurs \u00e0 incandescence avanc\u00e9s sont optimaux pour l&rsquo;allumage des syst\u00e8mes de chauffage \u00e0 granul\u00e9s et \u00e0 biomasse. Ils n&rsquo;utilisent qu&rsquo;une fraction de l&rsquo;\u00e9nergie requise par les souffleurs d&rsquo;air chaud et les souffleurs d&rsquo;allumage. La tige incandescente dans un chauffage est id\u00e9ale pour les granul\u00e9s de bois, les c\u00e9r\u00e9ales, le ma\u00efs, le charbon et le coke. Avec une temp\u00e9rature consid\u00e9rablement plus \u00e9lev\u00e9e, soit le double des produits traditionnels \u00e0 enveloppe m\u00e9tallique, le temps d&rsquo;allumage est ainsi r\u00e9duit d&rsquo;environ 60 secondes. Cela les rend nettement plus \u00e9conomiques \u00e0 l&rsquo;usage.    <\/p>\n<p><b>\u00d817mm Bride c\u00e9ramique G3\/8<br \/>\n<\/b><\/p>\n<p>&nbsp;<\/p>\n<p><b>Syst\u00e8mes  <\/b><\/p>\n<ul>\n<li>Po\u00eale \u00e0 granul\u00e9s<\/li>\n<li>Chaudi\u00e8res \u00e0 pellets<\/li>\n<li>Br\u00fbleur \u00e0 pellets<\/li>\n<\/ul>\n<div><\/div>\n<p><b>  Avantages techniques des allume-cigares en c\u00e9ramique  <\/b><\/p>\n<ul>\n<li>Consommation d&rsquo;\u00e9nergie consid\u00e9rablement r\u00e9duite par rapport aux cartouches conventionnelles et aux pistolets \u00e0 air chaud<\/li>\n<li>Moins de fum\u00e9e lors de la mise en service du four et donc un chauffage plus rapide<\/li>\n<li>Allumage en 60~90 secondes<\/li>\n<li>Longue dur\u00e9e de vie test\u00e9e jusqu&rsquo;\u00e0 100.000 cycles, utilis\u00e9e pendant longtemps sur le march\u00e9 japonais (15 ans)<\/li>\n<li>Facilit\u00e9 de montage<\/li>\n<li>1000\u00b0 \u00e0 temp\u00e9rature constante<\/li>\n<li>Disponible pour 100\/120\/220\/240V<\/li>\n<li>Enti\u00e8rement isol\u00e9 \u00e9lectriquement, sans contacts expos\u00e9s<\/li>\n<li>Insensible \u00e0 l&rsquo;oxydation et \u00e0 la corrosion<\/li>\n<li>Enti\u00e8rement conforme aux directives CE (certification T\u00dcV Rheinland), RoHS et REACH (certification T\u00dcV Rheinland).<\/li>\n<li>Allume les copeaux de bois, les b\u00fbches, les briquettes et autres biomasses, la paille, etc.<\/li>\n<\/ul>\n<p>&nbsp;<\/p>\n<p><b>Dessin et fiche technique<br \/>\n<\/b><\/p>\n<p><a href=\"https:\/\/hs-sensortechnik.at\/wp-content\/uploads\/2023\/06\/Pellet_system_heater_PSx-6-240-B_drawing.pdf\">Dessin PSX-6 116.86-0300<\/a><\/p>\n<p><a href=\"https:\/\/hs-sensortechnik.at\/wp-content\/uploads\/2023\/06\/Pellet_system_heater_PSx-6-240-B_data-sheet_FR.pdf\">Fiche technique PSX-6 116.86-0300_FR<\/a><\/p>\n","protected":false},"excerpt":{"rendered":"<p>Pour l&rsquo;allumage du bois, des pellets et d&rsquo;autres combustibles issus de la biomasse<\/p>\n","protected":false},"featured_media":6362,"comment_status":"closed","ping_status":"closed","template":"","meta":{"_acf_changed":false,"_genesis_hide_title":false,"_genesis_hide_breadcrumbs":false,"_genesis_hide_singular_image":false,"_genesis_hide_footer_widgets":false,"_genesis_custom_body_class":"","_genesis_custom_post_class":"","_genesis_layout":""},"product_brand":[],"product_cat":[355,298],"product_tag":[356,357,358],"class_list":{"0":"post-6043","1":"product","2":"type-product","3":"status-publish","4":"has-post-thumbnail","6":"product_cat-allumeur-ceramique","7":"product_cat-non-categorise","8":"product_tag-allumeur-ceramique","9":"product_tag-allumeur-ceramique-fr","10":"product_tag-psx-6-fr","11":"entry","13":"first","14":"instock","15":"taxable","16":"shipping-taxable","17":"purchasable","18":"product-type-simple"},"acf":[],"tiered_pricing_type":"fixed","tiered_pricing_fixed_rules":{"5":47.2,"10":35.4},"tiered_pricing_product_settings":{"layout":"default","base_unit_name":{"singular":null,"plural":null},"default_variation":null},"tiered_pricing_minimum_quantity":null,"tiered_pricing_roles_data":[],"tiered_pricing_percentage_rules":[],"_links":{"self":[{"href":"https:\/\/hs-sensortechnik.at\/fr\/wp-json\/wp\/v2\/product\/6043","targetHints":{"allow":["GET"]}}],"collection":[{"href":"https:\/\/hs-sensortechnik.at\/fr\/wp-json\/wp\/v2\/product"}],"about":[{"href":"https:\/\/hs-sensortechnik.at\/fr\/wp-json\/wp\/v2\/types\/product"}],"replies":[{"embeddable":true,"href":"https:\/\/hs-sensortechnik.at\/fr\/wp-json\/wp\/v2\/comments?post=6043"}],"wp:featuredmedia":[{"embeddable":true,"href":"https:\/\/hs-sensortechnik.at\/fr\/wp-json\/wp\/v2\/media\/6362"}],"wp:attachment":[{"href":"https:\/\/hs-sensortechnik.at\/fr\/wp-json\/wp\/v2\/media?parent=6043"}],"wp:term":[{"taxonomy":"product_brand","embeddable":true,"href":"https:\/\/hs-sensortechnik.at\/fr\/wp-json\/wp\/v2\/product_brand?post=6043"},{"taxonomy":"product_cat","embeddable":true,"href":"https:\/\/hs-sensortechnik.at\/fr\/wp-json\/wp\/v2\/product_cat?post=6043"},{"taxonomy":"product_tag","embeddable":true,"href":"https:\/\/hs-sensortechnik.at\/fr\/wp-json\/wp\/v2\/product_tag?post=6043"}],"curies":[{"name":"wp","href":"https:\/\/api.w.org\/{rel}","templated":true}]}}