{"id":6061,"date":"2023-07-12T08:44:42","date_gmt":"2023-07-12T08:44:42","guid":{"rendered":"https:\/\/p-sil6td.project.space\/produkt\/limiteur-de-temperature-de-securite-110c\/"},"modified":"2025-07-21T06:03:19","modified_gmt":"2025-07-21T06:03:19","slug":"limiteur-de-temperature-de-securiter-110degre","status":"publish","type":"product","link":"https:\/\/hs-sensortechnik.at\/fr\/produkt\/limiteur-de-temperature-de-securiter-110degre\/","title":{"rendered":"Limiteur de temp\u00e9rature de s\u00e9curit\u00e9 110\u00b0C"},"content":{"rendered":"<div>\n<h2>Limiteur de temp\u00e9rature de s\u00e9curit\u00e9 110\u00b0C<\/h2>\n<h3>Longueur des capillaires 1,5m<\/h3>\n<\/div>\n<p><strong>Description :<\/strong><\/p>\n<p>Dispositif de r\u00e9gulation et de limitation de la temp\u00e9rature pour les installations de production de chaleur, \u00e9talonnage fixe avec r\u00e9initialisation manuelle.<\/p>\n<p>En chauffant la sonde, l&rsquo;augmentation de la pression provoque l&rsquo;ouverture des contacts dans le circuit \u00e9lectrique du limiteur de temp\u00e9rature. Une coupure de l&rsquo;alimentation \u00e9lectrique est d\u00e9clench\u00e9e au plus tard lorsque la temp\u00e9rature relevant de la s\u00e9curit\u00e9 est atteinte.<\/p>\n<p><strong>Caract\u00e9ristiques :<\/strong><\/p>\n<ul>\n<li>Niveau de r\u00e9glage : 110\u00b0C<\/li>\n<li>Diam\u00e8tre de la capteur : 6,5mm<\/li>\n<\/ul>\n<p><b>Num\u00e9ro de fabricant :<br \/>\n<\/b>971-11338-00A<\/p>\n","protected":false},"excerpt":{"rendered":"<p>Longueur des capillaires 1,5m<\/p>\n","protected":false},"featured_media":8319,"comment_status":"closed","ping_status":"closed","template":"","meta":{"_acf_changed":false,"_genesis_hide_title":false,"_genesis_hide_breadcrumbs":false,"_genesis_hide_singular_image":false,"_genesis_hide_footer_widgets":false,"_genesis_custom_body_class":"","_genesis_custom_post_class":"","_genesis_layout":""},"product_brand":[],"product_cat":[351,298],"product_tag":[353,352],"class_list":{"0":"post-6061","1":"product","2":"type-product","3":"status-publish","4":"has-post-thumbnail","6":"product_cat-lts-limiteur-de-temperature-de-securite","7":"product_cat-non-categorise","8":"product_tag-limiteur-de-temperature-de-securite","9":"product_tag-lts","10":"entry","12":"first","13":"instock","14":"taxable","15":"shipping-taxable","16":"purchasable","17":"product-type-simple"},"acf":[],"tiered_pricing_type":"fixed","tiered_pricing_fixed_rules":[],"tiered_pricing_product_settings":{"layout":"default","base_unit_name":{"singular":null,"plural":null},"default_variation":null},"tiered_pricing_minimum_quantity":null,"tiered_pricing_roles_data":[],"tiered_pricing_percentage_rules":[],"_links":{"self":[{"href":"https:\/\/hs-sensortechnik.at\/fr\/wp-json\/wp\/v2\/product\/6061","targetHints":{"allow":["GET"]}}],"collection":[{"href":"https:\/\/hs-sensortechnik.at\/fr\/wp-json\/wp\/v2\/product"}],"about":[{"href":"https:\/\/hs-sensortechnik.at\/fr\/wp-json\/wp\/v2\/types\/product"}],"replies":[{"embeddable":true,"href":"https:\/\/hs-sensortechnik.at\/fr\/wp-json\/wp\/v2\/comments?post=6061"}],"wp:featuredmedia":[{"embeddable":true,"href":"https:\/\/hs-sensortechnik.at\/fr\/wp-json\/wp\/v2\/media\/8319"}],"wp:attachment":[{"href":"https:\/\/hs-sensortechnik.at\/fr\/wp-json\/wp\/v2\/media?parent=6061"}],"wp:term":[{"taxonomy":"product_brand","embeddable":true,"href":"https:\/\/hs-sensortechnik.at\/fr\/wp-json\/wp\/v2\/product_brand?post=6061"},{"taxonomy":"product_cat","embeddable":true,"href":"https:\/\/hs-sensortechnik.at\/fr\/wp-json\/wp\/v2\/product_cat?post=6061"},{"taxonomy":"product_tag","embeddable":true,"href":"https:\/\/hs-sensortechnik.at\/fr\/wp-json\/wp\/v2\/product_tag?post=6061"}],"curies":[{"name":"wp","href":"https:\/\/api.w.org\/{rel}","templated":true}]}}