{"id":6067,"date":"2023-07-17T13:43:40","date_gmt":"2023-07-17T13:43:40","guid":{"rendered":"https:\/\/p-sil6td.project.space\/produkt\/capteur-de-temperature-a-cable-2m-sil\/"},"modified":"2025-07-21T05:53:13","modified_gmt":"2025-07-21T05:53:13","slug":"capteur-de-temperature-a-cable-2m-sil","status":"publish","type":"product","link":"https:\/\/hs-sensortechnik.at\/fr\/produkt\/capteur-de-temperature-a-cable-2m-sil\/","title":{"rendered":"Sonde de temp\u00e9rature PT1000\/B SIL 2,00m"},"content":{"rendered":"<div>\n<h2>Sonde de temp\u00e9rature PT1000\/B SIL 2,00m<\/h2>\n<\/div>\n<p>C\u00e2ble en silicone rouge-brun<br \/>\n+180\u00b0C<\/p>\n<p><strong>Description :<\/strong><\/p>\n<p>Un PT1000 est un capteur de temp\u00e9rature \u00e0 r\u00e9sistance qui utilise des \u00e9l\u00e9ments en platine avec une r\u00e9sistance de 1000 ohms \u00e0 0\u00b0C. Les sondes PT1000 conviennent donc particuli\u00e8rement bien aux applications \u00e0 2 fils et sont utilis\u00e9es pour une multitude de mesures de temp\u00e9rature diff\u00e9rentes.<\/p>\n<p>&nbsp;<\/p>\n<div>\n<h5><b>Caract\u00e9ristiques :<br \/>\n<\/b><\/h5>\n<ul>\n<li>Capteur : PT1000\/B selon DIN EN 60751<\/li>\n<li>Type de circuit : circuit \u00e0 2 fils<\/li>\n<li>Diam\u00e8tre du doigt de gant : 6 mm<\/li>\n<li>Longueur du doigt de gant : 50mm<\/li>\n<li>C\u00e2ble de connexion : SIL\/SIL 2 x 0,22mm\u00b2<\/li>\n<li>Longueur du c\u00e2ble de connexion : 2.000mm<\/li>\n<li>Extr\u00e9mit\u00e9s de connexion: 50mm FE avec embouts de c\u00e2ble<\/li>\n<li>Plage de temp\u00e9rature admissible : -50&#8230;+180\u00b0C<\/li>\n<\/ul>\n<p><b>Num\u00e9ro de fabricant :<br \/>\n<\/b>8104 1101<\/p>\n<\/div>\n","protected":false},"excerpt":{"rendered":"<div>\n<p>PT1000\/B &#8211; 6x50mm<\/p>\n<\/div>\n","protected":false},"featured_media":8289,"comment_status":"closed","ping_status":"closed","template":"","meta":{"_acf_changed":false,"_genesis_hide_title":false,"_genesis_hide_breadcrumbs":false,"_genesis_hide_singular_image":false,"_genesis_hide_footer_widgets":false,"_genesis_custom_body_class":"","_genesis_custom_post_class":"","_genesis_layout":""},"product_brand":[],"product_cat":[316,298],"product_tag":[321,322],"class_list":{"0":"post-6067","1":"product","2":"type-product","3":"status-publish","4":"has-post-thumbnail","6":"product_cat-capteur-de-temperature","7":"product_cat-non-categorise","8":"product_tag-capteur-de-temperature","9":"product_tag-capteur-de-temperature-a-cable","10":"entry","12":"first","13":"outofstock","14":"taxable","15":"shipping-taxable","16":"purchasable","17":"product-type-simple"},"acf":[],"tiered_pricing_type":"fixed","tiered_pricing_fixed_rules":{"10":9.52,"20":7.32},"tiered_pricing_product_settings":{"layout":"default","base_unit_name":{"singular":null,"plural":null},"default_variation":null},"tiered_pricing_minimum_quantity":null,"tiered_pricing_roles_data":[],"tiered_pricing_percentage_rules":[],"_links":{"self":[{"href":"https:\/\/hs-sensortechnik.at\/fr\/wp-json\/wp\/v2\/product\/6067","targetHints":{"allow":["GET"]}}],"collection":[{"href":"https:\/\/hs-sensortechnik.at\/fr\/wp-json\/wp\/v2\/product"}],"about":[{"href":"https:\/\/hs-sensortechnik.at\/fr\/wp-json\/wp\/v2\/types\/product"}],"replies":[{"embeddable":true,"href":"https:\/\/hs-sensortechnik.at\/fr\/wp-json\/wp\/v2\/comments?post=6067"}],"wp:featuredmedia":[{"embeddable":true,"href":"https:\/\/hs-sensortechnik.at\/fr\/wp-json\/wp\/v2\/media\/8289"}],"wp:attachment":[{"href":"https:\/\/hs-sensortechnik.at\/fr\/wp-json\/wp\/v2\/media?parent=6067"}],"wp:term":[{"taxonomy":"product_brand","embeddable":true,"href":"https:\/\/hs-sensortechnik.at\/fr\/wp-json\/wp\/v2\/product_brand?post=6067"},{"taxonomy":"product_cat","embeddable":true,"href":"https:\/\/hs-sensortechnik.at\/fr\/wp-json\/wp\/v2\/product_cat?post=6067"},{"taxonomy":"product_tag","embeddable":true,"href":"https:\/\/hs-sensortechnik.at\/fr\/wp-json\/wp\/v2\/product_tag?post=6067"}],"curies":[{"name":"wp","href":"https:\/\/api.w.org\/{rel}","templated":true}]}}