{"id":6117,"date":"2023-06-28T06:30:04","date_gmt":"2023-06-28T06:30:04","guid":{"rendered":"https:\/\/p-sil6td.project.space\/produkt\/transmetteur-lambda-zfas-u2-12v\/"},"modified":"2025-12-10T07:49:39","modified_gmt":"2025-12-10T07:49:39","slug":"transmetteur-lambda-zfas-u2-12v","status":"publish","type":"product","link":"https:\/\/hs-sensortechnik.at\/fr\/produkt\/transmetteur-lambda-zfas-u2-12v\/","title":{"rendered":"Transmetteur lambda ZFAS-U2 12V"},"content":{"rendered":"<div>\n<h2>Transmetteur lambda ZFAS-U2 12V<\/h2>\n<div><b>Entr\u00e9e : 12V<br \/>\nSortie : 0-10V<br \/>\n<\/b><\/div>\n<\/div>\n<div>\n<p><span style=\"color: #000000;\">Lambda system control LSC a \u00e9t\u00e9 d\u00e9velopp\u00e9 pour le fonctionnement <a href=\"https:\/\/hs-sensortechnik.at\/produkt\/breitbandsonde-zfas-u2\/\">d&rsquo;une sonde lambda \u00e0 large bande de type NGK\/NTK 118.02-8110 ZFAS-U2<\/a>, ainsi que Bosch 102.02-8110 LSU4.9. Dans ce cas, la commande compl\u00e8te du capteur est effectu\u00e9e. Le signal de sortie est de 0-10Volt (0-21% O2). <\/span><\/p>\n<h4>Fiche technique et courbe caract\u00e9ristique :<\/h4>\n<p><a href=\"https:\/\/hs-sensortechnik.at\/wp-content\/uploads\/2023\/06\/118.02-1211-lambda-system-control-12V-HS-Sensortechnik.pdf\">Fiche technique Transmetteur lambda ZFAS-U2 12V<\/a><\/p>\n<p><a href=\"https:\/\/hs-sensortechnik.at\/wp-content\/uploads\/2023\/06\/Kennlinie_Lambda-transmitter_ZFAS-118.02-xx11.pdf\">Courbe caract\u00e9ristique Transmetteur lambda ZFAS-U2 24V<\/a><\/p>\n<\/div>\n","protected":false},"excerpt":{"rendered":"<p>Entr\u00e9e 12V<br \/>\nSortie 0-10V<\/p>\n","protected":false},"featured_media":6419,"comment_status":"closed","ping_status":"closed","template":"","meta":{"_acf_changed":false,"_genesis_hide_title":false,"_genesis_hide_breadcrumbs":false,"_genesis_hide_singular_image":false,"_genesis_hide_footer_widgets":false,"_genesis_custom_body_class":"","_genesis_custom_post_class":"","_genesis_layout":""},"product_brand":[],"product_cat":[298,388],"product_tag":[390],"class_list":{"0":"post-6117","1":"product","2":"type-product","3":"status-publish","4":"has-post-thumbnail","6":"product_cat-non-categorise","7":"product_cat-sonde-a-large-bande","8":"product_tag-transmetteur-lambda-sonde-a-large-bande","9":"entry","11":"first","12":"instock","13":"taxable","14":"shipping-taxable","15":"purchasable","16":"product-type-simple"},"acf":[],"tiered_pricing_type":"fixed","tiered_pricing_fixed_rules":{"5":179,"10":139},"tiered_pricing_product_settings":{"layout":"default","base_unit_name":{"singular":null,"plural":null},"default_variation":null},"tiered_pricing_minimum_quantity":null,"tiered_pricing_roles_data":[],"tiered_pricing_percentage_rules":[],"_links":{"self":[{"href":"https:\/\/hs-sensortechnik.at\/fr\/wp-json\/wp\/v2\/product\/6117","targetHints":{"allow":["GET"]}}],"collection":[{"href":"https:\/\/hs-sensortechnik.at\/fr\/wp-json\/wp\/v2\/product"}],"about":[{"href":"https:\/\/hs-sensortechnik.at\/fr\/wp-json\/wp\/v2\/types\/product"}],"replies":[{"embeddable":true,"href":"https:\/\/hs-sensortechnik.at\/fr\/wp-json\/wp\/v2\/comments?post=6117"}],"wp:featuredmedia":[{"embeddable":true,"href":"https:\/\/hs-sensortechnik.at\/fr\/wp-json\/wp\/v2\/media\/6419"}],"wp:attachment":[{"href":"https:\/\/hs-sensortechnik.at\/fr\/wp-json\/wp\/v2\/media?parent=6117"}],"wp:term":[{"taxonomy":"product_brand","embeddable":true,"href":"https:\/\/hs-sensortechnik.at\/fr\/wp-json\/wp\/v2\/product_brand?post=6117"},{"taxonomy":"product_cat","embeddable":true,"href":"https:\/\/hs-sensortechnik.at\/fr\/wp-json\/wp\/v2\/product_cat?post=6117"},{"taxonomy":"product_tag","embeddable":true,"href":"https:\/\/hs-sensortechnik.at\/fr\/wp-json\/wp\/v2\/product_tag?post=6117"}],"curies":[{"name":"wp","href":"https:\/\/api.w.org\/{rel}","templated":true}]}}