{"id":6120,"date":"2023-06-28T06:21:02","date_gmt":"2023-06-28T06:21:02","guid":{"rendered":"https:\/\/p-sil6td.project.space\/produkt\/cable-dalimentation-de-la-sonde-a-large-bande-170m\/"},"modified":"2025-07-21T06:12:20","modified_gmt":"2025-07-21T06:12:20","slug":"cable-dalimentation-de-la-sonde-a-large-bande-118-02-8120","status":"publish","type":"product","link":"https:\/\/hs-sensortechnik.at\/fr\/produkt\/cable-dalimentation-de-la-sonde-a-large-bande-118-02-8120\/","title":{"rendered":"C\u00e2ble d&rsquo;alimentation de la sonde \u00e0 large bande 1,70m"},"content":{"rendered":"<div>\n<h2>C\u00e2ble d&rsquo;alimentation de la sonde \u00e0 large bande NGK|NTK ZFAS-U2.<\/h2>\n<\/div>\n<div>\n<p>C\u00e2ble d&rsquo;alimentation pour sonde lin\u00e9aire \u00e0 large bande d&rsquo;une longueur de 1,70m.<\/p>\n<h5><b>Disponible en diff\u00e9rentes longueurs et variantes.<\/b><\/h5>\n<h4>Dessin:<\/h4>\n<p><a href=\"https:\/\/hs-sensortechnik.at\/wp-content\/uploads\/2023\/06\/118.02-8120_Zeichnung-Zuleitung-Breitbandsonde.pdf\">118.02-8120_Dessin C\u00e2ble d&rsquo;alimentation de la sonde \u00e0 large bande<\/a><\/p>\n<p>&nbsp;<\/p>\n<p>&nbsp;<\/p>\n<\/div>\n","protected":false},"excerpt":{"rendered":"<div>\n<p>C\u00e2ble d&rsquo;alimentation de la sonde \u00e0 large bande ZFAS-U2<\/p>\n<\/div>\n","protected":false},"featured_media":8264,"comment_status":"closed","ping_status":"closed","template":"","meta":{"_acf_changed":false,"_genesis_hide_title":false,"_genesis_hide_breadcrumbs":false,"_genesis_hide_singular_image":false,"_genesis_hide_footer_widgets":false,"_genesis_custom_body_class":"","_genesis_custom_post_class":"","_genesis_layout":""},"product_brand":[],"product_cat":[298,388],"product_tag":[384,385],"class_list":{"0":"post-6120","1":"product","2":"type-product","3":"status-publish","4":"has-post-thumbnail","6":"product_cat-non-categorise","7":"product_cat-sonde-a-large-bande","8":"product_tag-cable-dalimentation","9":"product_tag-cable-dalimentation-fr","10":"entry","12":"first","13":"instock","14":"taxable","15":"shipping-taxable","16":"purchasable","17":"product-type-simple"},"acf":[],"tiered_pricing_type":"fixed","tiered_pricing_fixed_rules":{"5":12,"10":9},"tiered_pricing_product_settings":{"layout":"default","base_unit_name":{"singular":null,"plural":null},"default_variation":null},"tiered_pricing_minimum_quantity":null,"tiered_pricing_roles_data":[],"tiered_pricing_percentage_rules":[],"_links":{"self":[{"href":"https:\/\/hs-sensortechnik.at\/fr\/wp-json\/wp\/v2\/product\/6120","targetHints":{"allow":["GET"]}}],"collection":[{"href":"https:\/\/hs-sensortechnik.at\/fr\/wp-json\/wp\/v2\/product"}],"about":[{"href":"https:\/\/hs-sensortechnik.at\/fr\/wp-json\/wp\/v2\/types\/product"}],"replies":[{"embeddable":true,"href":"https:\/\/hs-sensortechnik.at\/fr\/wp-json\/wp\/v2\/comments?post=6120"}],"wp:featuredmedia":[{"embeddable":true,"href":"https:\/\/hs-sensortechnik.at\/fr\/wp-json\/wp\/v2\/media\/8264"}],"wp:attachment":[{"href":"https:\/\/hs-sensortechnik.at\/fr\/wp-json\/wp\/v2\/media?parent=6120"}],"wp:term":[{"taxonomy":"product_brand","embeddable":true,"href":"https:\/\/hs-sensortechnik.at\/fr\/wp-json\/wp\/v2\/product_brand?post=6120"},{"taxonomy":"product_cat","embeddable":true,"href":"https:\/\/hs-sensortechnik.at\/fr\/wp-json\/wp\/v2\/product_cat?post=6120"},{"taxonomy":"product_tag","embeddable":true,"href":"https:\/\/hs-sensortechnik.at\/fr\/wp-json\/wp\/v2\/product_tag?post=6120"}],"curies":[{"name":"wp","href":"https:\/\/api.w.org\/{rel}","templated":true}]}}