{"id":6122,"date":"2023-06-28T06:10:10","date_gmt":"2023-06-28T06:10:10","guid":{"rendered":"https:\/\/p-sil6td.project.space\/produkt\/sonde-a-large-bande-zfas-u2\/"},"modified":"2025-11-05T10:52:52","modified_gmt":"2025-11-05T10:52:52","slug":"sonde-a-large-bande-zfas-u2-118-02-8110","status":"publish","type":"product","link":"https:\/\/hs-sensortechnik.at\/fr\/produkt\/sonde-a-large-bande-zfas-u2-118-02-8110\/","title":{"rendered":"Sonde \u00e0 large bande ZFAS-U2"},"content":{"rendered":"<div>\n<h2>Sonde \u00e0 large bande ZFAS-U2 118.02-8110 Niterra NGK|NTK<\/h2>\n<p><strong>Sonde lin\u00e9aire en utilisation avec ASIC L9780<\/strong><\/p>\n<\/div>\n<div>\n<div><b>Num\u00e9ro du fabricant<br \/>\n<\/b><\/div>\n<div>UAA000A-WW001<\/div>\n<\/div>\n<div><\/div>\n<div><b>Tube de protection <\/b><\/div>\n<div>Le tube de protection en m\u00e9tal prot\u00e8ge l&rsquo;\u00e9l\u00e9ment de la sonde des corps solides et de la poussi\u00e8re pr\u00e9sents dans les gaz d&rsquo;\u00e9chappement.<\/div>\n<div><\/div>\n<div><b>El\u00e9ment planaire avec r\u00e9chauffeur <\/b><\/div>\n<div>L&rsquo;\u00e9l\u00e9ment planaire d&rsquo;une sonde lambda \u00e0 large bande NTK se compose de plusieurs couches. En plus d&rsquo;une cellule de pompage et d&rsquo;une cellule de mesure, on y trouve \u00e9galement un r\u00e9chauffeur int\u00e9gr\u00e9.<\/div>\n<div><\/div>\n<div><b>Porte-\u00e9l\u00e9ments <\/b><\/div>\n<div>Le support d&rsquo;\u00e9l\u00e9ment assure un maintien solide et prot\u00e9g\u00e9 contre les vibrations de l&rsquo;\u00e9l\u00e9ment c\u00e9ramique.<\/div>\n<div><\/div>\n<div><b>Hexagonal <\/b><\/div>\n<div>L&rsquo;hexagone permet d&rsquo;installer la sonde en utilisant le couple de serrage appropri\u00e9.<\/div>\n<div><\/div>\n<div><b>Joint <\/b><\/div>\n<div>Pour \u00e9viter que l&rsquo;humidit\u00e9 ne p\u00e9n\u00e8tre dans le capteur, les c\u00e2bles sont guid\u00e9s vers l&rsquo;ext\u00e9rieur par un joint en caoutchouc Ce joint en caoutchouc est press\u00e9 sur le bo\u00eetier du capteur.<\/div>\n<div><\/div>\n<div><b>C\u00e2ble de connexion <\/b><\/div>\n<div>La sonde est reli\u00e9e \u00e0 l&rsquo;appareil de commande par les c\u00e2bles de connexion. L&rsquo;appareil de commande r\u00e9gule la cellule de pompage, mesure le courant de pompage n\u00e9cessaire et l&rsquo;\u00e9value pour la r\u00e9gulation lambda.<\/div>\n<div><\/div>\n<div><b>Caract\u00e9ristiques g\u00e9n\u00e9rales <\/b><\/div>\n<div>\n<ul>\n<li>assurent une formation parfaite du m\u00e9lange<\/li>\n<li>garantissent au catalyseur des conditions de travail optimales<\/li>\n<li>r\u00e9duisent les \u00e9missions nocives<\/li>\n<li>maintiennent la consommation de chauffage aussi basse que possible<\/li>\n<\/ul>\n<\/div>\n<h4>T\u00e9l\u00e9chargement<\/h4>\n<p><a href=\"https:\/\/hs-sensortechnik.at\/wp-content\/uploads\/2025\/05\/Breitbandsonde-Katalog-Niterra-Neu.pdf\">118.02-8110_Sonda a banda larga ZFAS-U2<\/a><\/p>\n<p>&nbsp;<\/p>\n<p><img fetchpriority=\"high\" decoding=\"async\" class=\"alignnone wp-image-8388 \" src=\"https:\/\/hs-sensortechnik.at\/wp-content\/uploads\/2023\/04\/ngk-ntk_niterra_quer.png\" alt=\"NGK NTK Niterra Logo\" width=\"487\" height=\"122\" srcset=\"https:\/\/hs-sensortechnik.at\/wp-content\/uploads\/2023\/04\/ngk-ntk_niterra_quer.png 1182w, https:\/\/hs-sensortechnik.at\/wp-content\/uploads\/2023\/04\/ngk-ntk_niterra_quer-655x164.png 655w, https:\/\/hs-sensortechnik.at\/wp-content\/uploads\/2023\/04\/ngk-ntk_niterra_quer-300x75.png 300w, https:\/\/hs-sensortechnik.at\/wp-content\/uploads\/2023\/04\/ngk-ntk_niterra_quer-1024x256.png 1024w, https:\/\/hs-sensortechnik.at\/wp-content\/uploads\/2023\/04\/ngk-ntk_niterra_quer-768x192.png 768w\" sizes=\"(max-width: 487px) 100vw, 487px\" \/><br \/>\n<b>Nous sommes distributeur europ\u00e9en de la sonde \u00e0 large bande <a href=\"https:\/\/www.ngkntk.com\/de\/produkte\/lambdasonden\/\" target=\"_blank\" rel=\"noopener\">Niterra <\/a>(anciennement NGK | NTK).<\/b><\/p>\n<p>&nbsp;<\/p>\n","protected":false},"excerpt":{"rendered":"<p>Sonde lin\u00e9aire en utilisation avec ASIC L9780<\/p>\n<p>UAA000A-WW001<\/p>\n","protected":false},"featured_media":5934,"comment_status":"closed","ping_status":"closed","template":"","meta":{"_acf_changed":false,"_genesis_hide_title":false,"_genesis_hide_breadcrumbs":false,"_genesis_hide_singular_image":false,"_genesis_hide_footer_widgets":false,"_genesis_custom_body_class":"","_genesis_custom_post_class":"","_genesis_layout":""},"product_brand":[],"product_cat":[298,388],"product_tag":[393,391,392],"class_list":{"0":"post-6122","1":"product","2":"type-product","3":"status-publish","4":"has-post-thumbnail","6":"product_cat-non-categorise","7":"product_cat-sonde-a-large-bande","8":"product_tag-asic-l9780-fr","9":"product_tag-sonde-a-large-bande","10":"product_tag-sonde-lineaire","11":"entry","13":"first","14":"instock","15":"taxable","16":"shipping-taxable","17":"purchasable","18":"product-type-simple"},"acf":[],"tiered_pricing_type":"fixed","tiered_pricing_fixed_rules":{"5":185,"10":175},"tiered_pricing_product_settings":{"layout":"default","base_unit_name":{"singular":null,"plural":null},"default_variation":null},"tiered_pricing_minimum_quantity":null,"tiered_pricing_roles_data":[],"tiered_pricing_percentage_rules":[],"_links":{"self":[{"href":"https:\/\/hs-sensortechnik.at\/fr\/wp-json\/wp\/v2\/product\/6122","targetHints":{"allow":["GET"]}}],"collection":[{"href":"https:\/\/hs-sensortechnik.at\/fr\/wp-json\/wp\/v2\/product"}],"about":[{"href":"https:\/\/hs-sensortechnik.at\/fr\/wp-json\/wp\/v2\/types\/product"}],"replies":[{"embeddable":true,"href":"https:\/\/hs-sensortechnik.at\/fr\/wp-json\/wp\/v2\/comments?post=6122"}],"wp:featuredmedia":[{"embeddable":true,"href":"https:\/\/hs-sensortechnik.at\/fr\/wp-json\/wp\/v2\/media\/5934"}],"wp:attachment":[{"href":"https:\/\/hs-sensortechnik.at\/fr\/wp-json\/wp\/v2\/media?parent=6122"}],"wp:term":[{"taxonomy":"product_brand","embeddable":true,"href":"https:\/\/hs-sensortechnik.at\/fr\/wp-json\/wp\/v2\/product_brand?post=6122"},{"taxonomy":"product_cat","embeddable":true,"href":"https:\/\/hs-sensortechnik.at\/fr\/wp-json\/wp\/v2\/product_cat?post=6122"},{"taxonomy":"product_tag","embeddable":true,"href":"https:\/\/hs-sensortechnik.at\/fr\/wp-json\/wp\/v2\/product_tag?post=6122"}],"curies":[{"name":"wp","href":"https:\/\/api.w.org\/{rel}","templated":true}]}}