{"id":6148,"date":"2023-04-11T07:10:42","date_gmt":"2023-04-11T07:10:42","guid":{"rendered":"https:\/\/p-sil6td.project.space\/produkt\/sonde-lambda-oza685-ww1\/"},"modified":"2026-04-12T18:15:01","modified_gmt":"2026-04-12T18:15:01","slug":"sonde-lambda-118-02-7100","status":"publish","type":"product","link":"https:\/\/hs-sensortechnik.at\/fr\/produkt\/sonde-lambda-118-02-7100\/","title":{"rendered":"Sonde lambda OZA685-WW1"},"content":{"rendered":"<div>\n<h2>Lambdasonde OZA685-WW1 Niterra (NGK) &#8211; 118.02-7100<\/h2>\n<h3>Capteur de biomasse<\/h3>\n<div><\/div>\n<div><b>\u00c9l\u00e9ment en dioxyde de zirconium<\/b><\/div>\n<\/div>\n<div>\n<p>L\u2019elemento zirconio \u00e8 un cosiddetto elettrolita allo stato solido.<br \/>\nIl nucleo di questa sonda \u00e8 costituito da una ceramica a forma di dito, cava all\u2019interno.<br \/>\nPer raggiungere la temperatura di esercizio desiderata, viene acceso un riscaldatore inserito nell\u2019elemento. In un processo complesso, questo crea \u2013 a seconda del contenuto di ossigeno residuo nei gas di scarico \u2013 una tensione elettrica alta o bassa. Au cours d&rsquo;un processus complexe, une tension \u00e9lectrique \u00e9lev\u00e9e ou faible est ainsi g\u00e9n\u00e9r\u00e9e &#8211; en fonction de la teneur r\u00e9siduelle en oxyg\u00e8ne dans les gaz d&rsquo;\u00e9chappement.<\/p>\n<p><b>Tube de protection<\/b><br \/>\nLe tube de protection en m\u00e9tal prot\u00e8ge l\u2019\u00e9l\u00e9ment de la sonde contre les corps solides et la poussi\u00e8re dans les gaz d\u2019\u00e9chappement.<\/p>\n<p><b>Chauffeur<\/b><br \/>\nUn chauffage int\u00e9gr\u00e9 permet \u00e0 l\u2019\u00e9l\u00e9ment de la sonde d\u2019atteindre tr\u00e8s rapidement la temp\u00e9rature de fonctionnement requise et de fournir un signal mV constant au bout de quelques minutes seulement.<\/p>\n<p><b>Support en c\u00e9ramique<\/b><br \/>\nLe support en c\u00e9ramique maintient l\u2019\u00e9l\u00e9ment de la sonde et le prot\u00e8ge des vibrations.<\/p>\n<p><b>Joint d\u2019\u00e9tanch\u00e9it\u00e9<\/b><br \/>\nLa joint d\u2019\u00e9tanch\u00e9it\u00e9 assure un ajustement \u00e9tanche entre la sonde lambda et le manchon filet\u00e9.<\/p>\n<p><b>Hexagonal<\/b><br \/>\nLa sonde est viss\u00e9e \u00e0 l\u2019aide de l\u2019hexagone. Il faut alors veiller \u00e0 appliquer le couple de serrage appropri\u00e9. Il faut alors veiller \u00e0 appliquer le couple de serrage appropri\u00e9.<\/p>\n<p><b>Joint<\/b><br \/>\nPour \u00e9viter que l\u2019humidit\u00e9 ne p\u00e9n\u00e8tre dans le capteur, les c\u00e2bles sont guid\u00e9s vers l\u2019ext\u00e9rieur par un joint en caoutchouc Ce joint en caoutchouc est press\u00e9 sur le bo\u00eetier du capteur. Ce joint en caoutchouc est press\u00e9 sur le bo\u00eetier du capteur.<\/p>\n<p><b>Raccordement du chauffage<\/b><br \/>\nLe chauffage de la sonde lambda est aliment\u00e9 en courant via ces deux connexions blanches.<\/p>\n<p><b>Masse de la sonde<\/b><br \/>\nCe fil gris assure la liaison de masse avec l\u2019\u00e9lectronique.<\/p>\n<p><b>Signal de la sonde<\/b><br \/>\nLe signal de la sonde est transmis \u00e0 l\u2019\u00e9lectronique via ce c\u00e2ble noir.<\/p>\n<p><b>Produit de remplacement pour Bosch LSM 11<\/b><br \/>\nLa sonde convient aux syst\u00e8mes de chauffage \u00e0 biomasse dans lesquels le Bosch LSM 11 \u00e9tait auparavant install\u00e9. Elle est id\u00e9ale pour les installations existantes qui n\u00e9cessitent un remplacement simple sans modifications. <\/p>\n<p>&nbsp;<\/p>\n<\/div>\n<h4>T\u00e9l\u00e9chargement<\/h4>\n<p><a href=\"https:\/\/hs-sensortechnik.at\/wp-content\/uploads\/2025\/05\/HSSensortechnik_DEFRITE-Niterra.pdf\">Brochure Sonde lambda 118.02-7100<\/a><\/p>\n<p>&nbsp;<\/p>\n<p><img fetchpriority=\"high\" decoding=\"async\" class=\"alignnone wp-image-8388 \" src=\"https:\/\/hs-sensortechnik.at\/wp-content\/uploads\/2023\/04\/ngk-ntk_niterra_quer.png\" alt=\"NGK NTK Niterra Logo\" width=\"487\" height=\"122\" srcset=\"https:\/\/hs-sensortechnik.at\/wp-content\/uploads\/2023\/04\/ngk-ntk_niterra_quer.png 1182w, https:\/\/hs-sensortechnik.at\/wp-content\/uploads\/2023\/04\/ngk-ntk_niterra_quer-655x164.png 655w, https:\/\/hs-sensortechnik.at\/wp-content\/uploads\/2023\/04\/ngk-ntk_niterra_quer-300x75.png 300w, https:\/\/hs-sensortechnik.at\/wp-content\/uploads\/2023\/04\/ngk-ntk_niterra_quer-1024x256.png 1024w, https:\/\/hs-sensortechnik.at\/wp-content\/uploads\/2023\/04\/ngk-ntk_niterra_quer-768x192.png 768w\" sizes=\"(max-width: 487px) 100vw, 487px\" \/><br \/>\n<b>Nous sommes distributeur europ\u00e9en de la sonde lambda <a href=\"https:\/\/www.ngkntk.com\/de\/produkte\/lambdasonden\/\" target=\"_blank\" rel=\"noopener\">Niterra <\/a>(anciennement NGK | NTK).<\/b><\/p>\n<p>&nbsp;<\/p>\n","protected":false},"excerpt":{"rendered":"<p>Num\u00e9ro d&rsquo;article 118.02-7100.<br \/>\nCapteur Niterra (NGK | NTK) pour syst\u00e8mes de chauffage \u00e0 biomasse<br \/>\nRemplacement pour Bosch LSM 11<\/p>\n","protected":false},"featured_media":8226,"comment_status":"closed","ping_status":"closed","template":"","meta":{"_acf_changed":false,"_genesis_hide_title":false,"_genesis_hide_breadcrumbs":false,"_genesis_hide_singular_image":false,"_genesis_hide_footer_widgets":false,"_genesis_custom_body_class":"","_genesis_custom_post_class":"","_genesis_layout":""},"product_brand":[],"product_cat":[298,360],"product_tag":[589,572,571,404,506,403,401,402],"class_list":{"0":"post-6148","1":"product","2":"type-product","3":"status-publish","4":"has-post-thumbnail","6":"product_cat-non-categorise","7":"product_cat-sonde-lambda","8":"product_tag-118-02-7100","9":"product_tag-572","10":"product_tag-bosch-lsm-11","11":"product_tag-ngk-ntk-fr","12":"product_tag-niterra-fr","13":"product_tag-oza685-ww1-fr","14":"product_tag-sonde-lambda","15":"product_tag-sonde-lambda-biomasse","16":"entry","18":"first","19":"instock","20":"taxable","21":"shipping-taxable","22":"purchasable","23":"product-type-simple"},"acf":[],"tiered_pricing_type":"fixed","tiered_pricing_fixed_rules":{"5":179,"10":169},"tiered_pricing_product_settings":{"layout":"default","base_unit_name":{"singular":null,"plural":null},"default_variation":null},"tiered_pricing_minimum_quantity":null,"tiered_pricing_roles_data":[],"tiered_pricing_percentage_rules":[],"_links":{"self":[{"href":"https:\/\/hs-sensortechnik.at\/fr\/wp-json\/wp\/v2\/product\/6148","targetHints":{"allow":["GET"]}}],"collection":[{"href":"https:\/\/hs-sensortechnik.at\/fr\/wp-json\/wp\/v2\/product"}],"about":[{"href":"https:\/\/hs-sensortechnik.at\/fr\/wp-json\/wp\/v2\/types\/product"}],"replies":[{"embeddable":true,"href":"https:\/\/hs-sensortechnik.at\/fr\/wp-json\/wp\/v2\/comments?post=6148"}],"wp:featuredmedia":[{"embeddable":true,"href":"https:\/\/hs-sensortechnik.at\/fr\/wp-json\/wp\/v2\/media\/8226"}],"wp:attachment":[{"href":"https:\/\/hs-sensortechnik.at\/fr\/wp-json\/wp\/v2\/media?parent=6148"}],"wp:term":[{"taxonomy":"product_brand","embeddable":true,"href":"https:\/\/hs-sensortechnik.at\/fr\/wp-json\/wp\/v2\/product_brand?post=6148"},{"taxonomy":"product_cat","embeddable":true,"href":"https:\/\/hs-sensortechnik.at\/fr\/wp-json\/wp\/v2\/product_cat?post=6148"},{"taxonomy":"product_tag","embeddable":true,"href":"https:\/\/hs-sensortechnik.at\/fr\/wp-json\/wp\/v2\/product_tag?post=6148"}],"curies":[{"name":"wp","href":"https:\/\/api.w.org\/{rel}","templated":true}]}}