{"id":8496,"date":"2025-09-24T06:09:32","date_gmt":"2025-09-24T06:09:32","guid":{"rendered":"https:\/\/hs-sensortechnik.at\/accessibilita\/"},"modified":"2025-09-24T06:34:17","modified_gmt":"2025-09-24T06:34:17","slug":"accessibilita","status":"publish","type":"page","link":"https:\/\/hs-sensortechnik.at\/it\/accessibilita\/","title":{"rendered":"Accessibilit\u00e0"},"content":{"rendered":"\t\t<div data-elementor-type=\"wp-page\" data-elementor-id=\"8496\" class=\"elementor elementor-8496 elementor-8484\" data-elementor-post-type=\"page\">\n\t\t\t\t\t\t<section class=\"elementor-section elementor-top-section elementor-element elementor-element-c91d25b elementor-section-boxed elementor-section-height-default elementor-section-height-default\" data-id=\"c91d25b\" data-element_type=\"section\" data-e-type=\"section\">\n\t\t\t\t\t\t<div class=\"elementor-container elementor-column-gap-default\">\n\t\t\t\t\t<div class=\"elementor-column elementor-col-100 elementor-top-column elementor-element elementor-element-6fe7976\" data-id=\"6fe7976\" data-element_type=\"column\" data-e-type=\"column\">\n\t\t\t<div class=\"elementor-widget-wrap elementor-element-populated\">\n\t\t\t\t\t\t<div class=\"elementor-element elementor-element-32d6c01 elementor-widget elementor-widget-heading\" data-id=\"32d6c01\" data-element_type=\"widget\" data-e-type=\"widget\" data-widget_type=\"heading.default\">\n\t\t\t\t<div class=\"elementor-widget-container\">\n\t\t\t\t\t<h1 class=\"elementor-heading-title elementor-size-default\">Accessibilit\u00e0<\/h1>\t\t\t\t<\/div>\n\t\t\t\t<\/div>\n\t\t\t\t\t<\/div>\n\t\t<\/div>\n\t\t\t\t\t<\/div>\n\t\t<\/section>\n\t\t\t\t<section class=\"elementor-section elementor-top-section elementor-element elementor-element-924ffb7 elementor-section-boxed elementor-section-height-default elementor-section-height-default\" data-id=\"924ffb7\" data-element_type=\"section\" data-e-type=\"section\">\n\t\t\t\t\t\t<div class=\"elementor-container elementor-column-gap-default\">\n\t\t\t\t\t<div class=\"elementor-column elementor-col-100 elementor-top-column elementor-element elementor-element-9e0d122\" data-id=\"9e0d122\" data-element_type=\"column\" data-e-type=\"column\">\n\t\t\t<div class=\"elementor-widget-wrap elementor-element-populated\">\n\t\t\t\t\t\t<div class=\"elementor-element elementor-element-62caabb elementor-widget elementor-widget-text-editor\" data-id=\"62caabb\" data-element_type=\"widget\" data-e-type=\"widget\" data-widget_type=\"text-editor.default\">\n\t\t\t\t<div class=\"elementor-widget-container\">\n\t\t\t\t\t\t\t\t\t<div data-id=\"c7b9a9d\" data-element_type=\"widget\" data-widget_type=\"shortcode.default\"><div><div><p><strong>Dichiarazione di accessibilit\u00e0<\/strong><\/p><p>H&amp;S Sensortechnik GmbH si impegna a rendere il proprio sito web <a href=\"http:\/\/www.hs-sensortechnik.at\">www.hs-sensortechnik.at<\/a> accessibile in conformit\u00e0 con la legge sull\u2019accessibilit\u00e0 del web (WZG).<\/p><p><strong>Stato di conformit\u00e0 ai requisiti<\/strong><br>Questo sito web \u00e8 parzialmente conforme alle Linee guida per l\u2019accessibilit\u00e0 dei contenuti web (WCAG) 2.1 al livello di conformit\u00e0 AA a causa delle incompatibilit\u00e0 ed eccezioni indicate di seguito.<\/p><p><strong>Contenuti non accessibili<\/strong><br>Nonostante tutti gli sforzi compiuti per rendere il sito web accessibile, attualmente possono ancora verificarsi limitazioni nelle seguenti aree:<\/p><ul><li>I documenti PDF non sono ancora completamente ottimizzati per gli screen reader. <\/li><li>Gli elementi interattivi, come moduli o captcha, potrebbero non essere sempre utilizzabili con la tastiera. <\/li><li>I contrasti cromatici e le opzioni di visualizzazione personalizzate (ad es. la regolazione della dimensione dei caratteri) non sono ancora conformi agli standard raccomandati in tutti i casi. <\/li><li>La struttura semantica delle singole pagine (ad es. l\u2019ordine dei titoli o i punti di riferimento) viene migliorata gradualmente.<\/li><\/ul><p>Lavoriamo costantemente per migliorare questi aspetti e abbattere ulteriormente le barriere.<\/p><p><strong>Creazione della presente dichiarazioneg<\/strong><br>La presente dichiarazione \u00e8 stata redatta il 26\/08\/2025.<br>La valutazione del sito web \u00e8 stata effettuata tramite autovalutazione.<\/p><p><strong>Feedback e recapiti<\/strong><br>Lavoriamo costantemente per migliorare l\u2019accessibilit\u00e0. Se riscontrate ostacoli o contenuti non accessibili, vi preghiamo di contattarci: Lavoriamo costantemente per migliorare ulteriormente l&#8217;accessibilit\u00e0. Se riscontrate barriere o contenuti non accessibili, vi preghiamo di contattarci:<\/p><p><strong>Referente:<\/strong><br>H&amp;S Sensortechnik GmbH <br>Jagern 62<br>4761 Enzenkirchen<br>office@hs-sensortechnik.at<br>+43 (0) 77 62 \/ 43 705-0<\/p><p><strong>Procedura di ricorso<\/strong><br>Se non ricevi una risposta soddisfacente alla tua segnalazione o richiesta relativa all\u2019accessibilit\u00e0, puoi rivolgerti all\u2019ufficio reclami:<\/p><p>\u00d6sterreichische Forschungsf\u00f6rderungsgesellschaft mbH (FFG)<br>Kompetenzstelle f\u00fcr barrierefreie IT <br>Sensengasse 1, 1090 Wien <br>Web: <a href=\"https:\/\/www.ffg.at\/barrierefreiheit\" rel=\"noopener\">https:\/\/www.ffg.at\/barrierefreiheit<\/a><br>E-Mail: <a href=\"mailto:barrierefreiheit@ffg.at\">barrierefreiheit@ffg.at<\/a><\/p><\/div><\/div><\/div><div data-id=\"518a02e\" data-element_type=\"widget\" data-widget_type=\"text-editor.default\"><div> <\/div><\/div>\t\t\t\t\t\t\t\t<\/div>\n\t\t\t\t<\/div>\n\t\t\t\t\t<\/div>\n\t\t<\/div>\n\t\t\t\t\t<\/div>\n\t\t<\/section>\n\t\t\t\t<\/div>\n\t\t","protected":false},"excerpt":{"rendered":"<p>Accessibilit\u00e0 Dichiarazione di accessibilit\u00e0 H&amp;S Sensortechnik GmbH si impegna a rendere il proprio sito web www.hs-sensortechnik.at accessibile in conformit\u00e0 con la legge sull\u2019accessibilit\u00e0 del web (WZG). Stato di conformit\u00e0 ai requisitiQuesto sito web \u00e8 parzialmente conforme alle Linee guida per l\u2019accessibilit\u00e0 dei contenuti web (WCAG) 2.1 al livello di conformit\u00e0 AA a causa delle incompatibilit\u00e0 [&hellip;]<\/p>\n","protected":false},"author":7,"featured_media":0,"parent":0,"menu_order":0,"comment_status":"closed","ping_status":"closed","template":"","meta":{"_acf_changed":false,"_genesis_hide_title":false,"_genesis_hide_breadcrumbs":false,"_genesis_hide_singular_image":false,"_genesis_hide_footer_widgets":false,"_genesis_custom_body_class":"","_genesis_custom_post_class":"","_genesis_layout":"","footnotes":""},"class_list":{"0":"post-8496","1":"page","2":"type-page","3":"status-publish","5":"entry"},"acf":[],"_links":{"self":[{"href":"https:\/\/hs-sensortechnik.at\/it\/wp-json\/wp\/v2\/pages\/8496","targetHints":{"allow":["GET"]}}],"collection":[{"href":"https:\/\/hs-sensortechnik.at\/it\/wp-json\/wp\/v2\/pages"}],"about":[{"href":"https:\/\/hs-sensortechnik.at\/it\/wp-json\/wp\/v2\/types\/page"}],"author":[{"embeddable":true,"href":"https:\/\/hs-sensortechnik.at\/it\/wp-json\/wp\/v2\/users\/7"}],"replies":[{"embeddable":true,"href":"https:\/\/hs-sensortechnik.at\/it\/wp-json\/wp\/v2\/comments?post=8496"}],"version-history":[{"count":1,"href":"https:\/\/hs-sensortechnik.at\/it\/wp-json\/wp\/v2\/pages\/8496\/revisions"}],"predecessor-version":[{"id":8497,"href":"https:\/\/hs-sensortechnik.at\/it\/wp-json\/wp\/v2\/pages\/8496\/revisions\/8497"}],"wp:attachment":[{"href":"https:\/\/hs-sensortechnik.at\/it\/wp-json\/wp\/v2\/media?parent=8496"}],"curies":[{"name":"wp","href":"https:\/\/api.w.org\/{rel}","templated":true}]}}