{"id":6062,"date":"2023-06-28T06:10:10","date_gmt":"2023-06-28T06:10:10","guid":{"rendered":"https:\/\/p-sil6td.project.space\/produkt\/sonda-a-banda-larga-zfas-u2\/"},"modified":"2026-03-03T21:29:00","modified_gmt":"2026-03-03T21:29:00","slug":"sonda-a-banda-larga-zfas-u2-118-02-8110","status":"publish","type":"product","link":"https:\/\/hs-sensortechnik.at\/it\/produkt\/sonda-a-banda-larga-zfas-u2-118-02-8110\/","title":{"rendered":"Sonda a banda larga ZFAS-U2"},"content":{"rendered":"<div>\n<h2>Sonda a banda larga ZFAS-U2 118.02-8110 Niterra NGK|NTK<\/h2>\n<p><strong>Sensore lineare in uso con ASIC L9780<\/strong><\/p>\n<\/div>\n<div>\n<div><b>Numero del produttore<br \/>\n<\/b><\/div>\n<div>UAA000A-WW001<\/div>\n<\/div>\n<div><\/div>\n<div><b>Tubo di protezione <\/b><\/div>\n<div>Il tubo di protezione in metallo protegge l&#8217;elemento della sonda dai solidi e dalle polveri presenti nel gas di scarico.<\/div>\n<div><\/div>\n<div><b>Elemento planare con riscaldatore <\/b><\/div>\n<div>L&#8217;elemento planare di una sonda lambda a banda larga NTK \u00e8 costituito da diversi strati. Oltre a una cella di pompaggio e a una cella di misurazione, contiene anche un riscaldatore integrato.<\/div>\n<div><\/div>\n<div><b>Supporto dell&#8217;elemento <\/b><\/div>\n<div>Il supporto dell&#8217;elemento garantisce una presa salda e protetta dalle vibrazioni dell&#8217;elemento ceramico.<\/div>\n<div><\/div>\n<div><b>Esagono <\/b><\/div>\n<div>L&#8217;esagono viene utilizzato per installare la sonda utilizzando la coppia di serraggio corretta.<\/div>\n<div><\/div>\n<div><b>Sigillo <\/b><\/div>\n<div>Per evitare che l&#8217;umidit\u00e0 penetri nel sensore, i cavi sono condotti all&#8217;esterno attraverso una guarnizione di gomma. Questa guarnizione di gomma viene premuta sull&#8217;alloggiamento del sensore.<\/div>\n<div><\/div>\n<div><b>Cavo di collegamento <\/b><\/div>\n<div>La sonda \u00e8 collegata all&#8217;unit\u00e0 di controllo tramite i cavi di collegamento. L&#8217;unit\u00e0 di controllo regola la cella della pompa e misura la corrente necessaria alla pompa e la valuta per il controllo del lambda.<\/div>\n<div><\/div>\n<div><b>Dati Generali <\/b><\/div>\n<div>\n<ul>\n<li>garantisce la perfetta formazione della miscela<\/li>\n<li>garantire condizioni di lavoro ottimali per il catalizzatore<\/li>\n<li>ridurre le emissioni nocive<\/li>\n<li>mantenere il consumo del veicolo il pi\u00f9 basso possibile<\/li>\n<\/ul>\n<\/div>\n<h4>Scaricare<\/h4>\n<p><a href=\"https:\/\/hs-sensortechnik.at\/wp-content\/uploads\/2025\/05\/Breitbandsonde-Katalog-Niterra-Neu.pdf\">118.02-8110_Breitbandsonde<\/a><\/p>\n<p>&nbsp;<\/p>\n<p><img fetchpriority=\"high\" decoding=\"async\" class=\"alignnone wp-image-8388 \" src=\"https:\/\/hs-sensortechnik.at\/wp-content\/uploads\/2023\/04\/ngk-ntk_niterra_quer.png\" alt=\"NGK NTK Niterra Logo\" width=\"487\" height=\"122\" srcset=\"https:\/\/hs-sensortechnik.at\/wp-content\/uploads\/2023\/04\/ngk-ntk_niterra_quer.png 1182w, https:\/\/hs-sensortechnik.at\/wp-content\/uploads\/2023\/04\/ngk-ntk_niterra_quer-655x164.png 655w, https:\/\/hs-sensortechnik.at\/wp-content\/uploads\/2023\/04\/ngk-ntk_niterra_quer-300x75.png 300w, https:\/\/hs-sensortechnik.at\/wp-content\/uploads\/2023\/04\/ngk-ntk_niterra_quer-1024x256.png 1024w, https:\/\/hs-sensortechnik.at\/wp-content\/uploads\/2023\/04\/ngk-ntk_niterra_quer-768x192.png 768w\" sizes=\"(max-width: 487px) 100vw, 487px\" \/><br \/>\n<b>Siamo distributori a livello europeo della <a href=\"https:\/\/www.ngkntk.com\/de\/produkte\/lambdasonden\/\" target=\"_blank\" rel=\"noopener\">sonda a banda larga Niterra<\/a> (ex NGK | NTK).<\/b><\/p>\n<p>&nbsp;<\/p>\n","protected":false},"excerpt":{"rendered":"<p>Sensore lineare in uso con ASIC L9780<\/p>\n<p>UAA000A-WW001<\/p>\n","protected":false},"featured_media":5970,"comment_status":"closed","ping_status":"closed","template":"","meta":{"_acf_changed":false,"_genesis_hide_title":false,"_genesis_hide_breadcrumbs":false,"_genesis_hide_singular_image":false,"_genesis_hide_footer_widgets":false,"_genesis_custom_body_class":"","_genesis_custom_post_class":"","_genesis_layout":""},"product_brand":[],"product_cat":[314,359],"product_tag":[368,367,366],"class_list":{"0":"post-6062","1":"product","2":"type-product","3":"status-publish","4":"has-post-thumbnail","6":"product_cat-senza-categoria","7":"product_cat-sonda-a-banda-larga","8":"product_tag-asic-l9780-it","9":"product_tag-sensore-lineare","10":"product_tag-sonda-a-banda-larga","11":"entry","13":"first","14":"instock","15":"taxable","16":"shipping-taxable","17":"purchasable","18":"product-type-simple"},"acf":[],"tiered_pricing_type":"fixed","tiered_pricing_fixed_rules":{"5":185,"10":175},"tiered_pricing_product_settings":{"layout":"default","base_unit_name":{"singular":null,"plural":null},"default_variation":null},"tiered_pricing_minimum_quantity":null,"tiered_pricing_roles_data":[],"tiered_pricing_percentage_rules":[],"_links":{"self":[{"href":"https:\/\/hs-sensortechnik.at\/it\/wp-json\/wp\/v2\/product\/6062","targetHints":{"allow":["GET"]}}],"collection":[{"href":"https:\/\/hs-sensortechnik.at\/it\/wp-json\/wp\/v2\/product"}],"about":[{"href":"https:\/\/hs-sensortechnik.at\/it\/wp-json\/wp\/v2\/types\/product"}],"replies":[{"embeddable":true,"href":"https:\/\/hs-sensortechnik.at\/it\/wp-json\/wp\/v2\/comments?post=6062"}],"wp:featuredmedia":[{"embeddable":true,"href":"https:\/\/hs-sensortechnik.at\/it\/wp-json\/wp\/v2\/media\/5970"}],"wp:attachment":[{"href":"https:\/\/hs-sensortechnik.at\/it\/wp-json\/wp\/v2\/media?parent=6062"}],"wp:term":[{"taxonomy":"product_brand","embeddable":true,"href":"https:\/\/hs-sensortechnik.at\/it\/wp-json\/wp\/v2\/product_brand?post=6062"},{"taxonomy":"product_cat","embeddable":true,"href":"https:\/\/hs-sensortechnik.at\/it\/wp-json\/wp\/v2\/product_cat?post=6062"},{"taxonomy":"product_tag","embeddable":true,"href":"https:\/\/hs-sensortechnik.at\/it\/wp-json\/wp\/v2\/product_tag?post=6062"}],"curies":[{"name":"wp","href":"https:\/\/api.w.org\/{rel}","templated":true}]}}