{"id":6198,"date":"2023-07-31T05:48:18","date_gmt":"2023-07-31T05:48:18","guid":{"rendered":"https:\/\/p-sil6td.project.space\/produkt\/contattore-piccolo\/"},"modified":"2025-12-10T07:53:29","modified_gmt":"2025-12-10T07:53:29","slug":"kleinschuetz-123-10-0304","status":"publish","type":"product","link":"https:\/\/hs-sensortechnik.at\/it\/produkt\/kleinschuetz-123-10-0304\/","title":{"rendered":"Vendita Kleinsch\u00fctz"},"content":{"rendered":"<div>\n<h2>Piccolo contattore con elemento di disturbo &#8211; VENDITA<\/h2>\n<\/div>\n<div>\n<p><strong>Descrizione:<\/strong><\/p>\n<p>Un contattore di dimensioni ridotte \u00e8 stato sviluppato per l&#8217;impiego nell&#8217;industria leggera, dove lo spazio nell&#8217;armadio di controllo \u00e8 particolarmente importante. Un contattore miniaturizzato \u00e8 molto piatto e richiede quindi una profondit\u00e0 ridotta dell&#8217;armadio di comando.<\/p>\n<p>&nbsp;<\/p>\n<\/div>\n<div>\n<h5><b>Propriet\u00e0:<\/b><\/h5>\n<\/div>\n<ul>\n<li>Potenza: 4kW \/ AC-3<\/li>\n<li>Gamma di prodotti: 100-K, 5-12A<\/li>\n<li>Numero di contatti principali: 3 Pol.<\/li>\n<li>Numero di contatti ausiliari: 1 (contatto NC\/NO)<\/li>\n<li>Tipo di connessione: connessione a vite<\/li>\n<li>Tensione della bobina: 24 VDC<\/li>\n<li>Corrente: 9A<\/li>\n<\/ul>\n<p>&nbsp;<\/p>\n<p><strong>Numero del produttore:<\/strong><\/p>\n<ul>\n<li>100-K09DJ01<\/li>\n<\/ul>\n","protected":false},"excerpt":{"rendered":"<div>\n<p>incl. Elemento di disturbo<\/p>\n<\/div>\n","protected":false},"featured_media":6472,"comment_status":"closed","ping_status":"closed","template":"","meta":{"_acf_changed":false,"_genesis_hide_title":false,"_genesis_hide_breadcrumbs":false,"_genesis_hide_singular_image":false,"_genesis_hide_footer_widgets":false,"_genesis_custom_body_class":"","_genesis_custom_post_class":"","_genesis_layout":""},"product_brand":[],"product_cat":[411,314],"product_tag":[421,420],"class_list":{"0":"post-6198","1":"product","2":"type-product","3":"status-publish","4":"has-post-thumbnail","6":"product_cat-scorte-rimanenti","7":"product_cat-senza-categoria","8":"product_tag-contattore-in-miniatura","9":"product_tag-kleinschuetz-it","10":"entry","12":"first","13":"instock","14":"taxable","15":"shipping-taxable","16":"purchasable","17":"product-type-simple"},"acf":[],"tiered_pricing_type":"fixed","tiered_pricing_fixed_rules":{"100":48},"tiered_pricing_product_settings":{"layout":"default","base_unit_name":{"singular":null,"plural":null},"default_variation":null},"tiered_pricing_minimum_quantity":null,"tiered_pricing_roles_data":[],"tiered_pricing_percentage_rules":[],"_links":{"self":[{"href":"https:\/\/hs-sensortechnik.at\/it\/wp-json\/wp\/v2\/product\/6198","targetHints":{"allow":["GET"]}}],"collection":[{"href":"https:\/\/hs-sensortechnik.at\/it\/wp-json\/wp\/v2\/product"}],"about":[{"href":"https:\/\/hs-sensortechnik.at\/it\/wp-json\/wp\/v2\/types\/product"}],"replies":[{"embeddable":true,"href":"https:\/\/hs-sensortechnik.at\/it\/wp-json\/wp\/v2\/comments?post=6198"}],"wp:featuredmedia":[{"embeddable":true,"href":"https:\/\/hs-sensortechnik.at\/it\/wp-json\/wp\/v2\/media\/6472"}],"wp:attachment":[{"href":"https:\/\/hs-sensortechnik.at\/it\/wp-json\/wp\/v2\/media?parent=6198"}],"wp:term":[{"taxonomy":"product_brand","embeddable":true,"href":"https:\/\/hs-sensortechnik.at\/it\/wp-json\/wp\/v2\/product_brand?post=6198"},{"taxonomy":"product_cat","embeddable":true,"href":"https:\/\/hs-sensortechnik.at\/it\/wp-json\/wp\/v2\/product_cat?post=6198"},{"taxonomy":"product_tag","embeddable":true,"href":"https:\/\/hs-sensortechnik.at\/it\/wp-json\/wp\/v2\/product_tag?post=6198"}],"curies":[{"name":"wp","href":"https:\/\/api.w.org\/{rel}","templated":true}]}}