{"id":6221,"date":"2023-07-28T09:06:44","date_gmt":"2023-07-28T09:06:44","guid":{"rendered":"https:\/\/p-sil6td.project.space\/produkt\/mini-steckrelais\/"},"modified":"2025-12-10T07:53:45","modified_gmt":"2025-12-10T07:53:45","slug":"mini-steckrelais-123-10-0001","status":"publish","type":"product","link":"https:\/\/hs-sensortechnik.at\/it\/produkt\/mini-steckrelais-123-10-0001\/","title":{"rendered":"Mini rel\u00e8 plug-in VENDITA"},"content":{"rendered":"<div>\n<h2>Mini rel\u00e8 plug-in OMRON &#8211; VENDITA<\/h2>\n<\/div>\n<div>\n<p><strong>Descrizione:<\/strong><\/p>\n<p>Il mini rel\u00e8 plug-in \u00e8 un rel\u00e8 generico.<\/p>\n<p>&nbsp;<\/p>\n<\/div>\n<div>\n<h5><b>Propriet\u00e0:<\/b><\/h5>\n<\/div>\n<div>\n<ul>\n<li>per il rel\u00e8 di stampa<\/li>\n<li>Tensione nominale bobina: 24V\/DC<\/li>\n<li>Corrente di commutazione: 5 A (max.)<\/li>\n<li>Tipo di contatto: 2 contatti in scambio<\/li>\n<li>Terminale di contatto: Pin a saldare<\/li>\n<li>Marchio: Omron Electronics<\/li>\n<\/ul>\n<p>&nbsp;<\/p>\n<p><strong>Numero del produttore:<\/strong><\/p>\n<ul>\n<li>G2R-2-24V<\/li>\n<\/ul>\n<\/div>\n","protected":false},"excerpt":{"rendered":"<div>\n<p>OMRON<\/p>\n<\/div>\n","protected":false},"featured_media":6469,"comment_status":"closed","ping_status":"closed","template":"","meta":{"_acf_changed":false,"_genesis_hide_title":false,"_genesis_hide_breadcrumbs":false,"_genesis_hide_singular_image":false,"_genesis_hide_footer_widgets":false,"_genesis_custom_body_class":"","_genesis_custom_post_class":"","_genesis_layout":""},"product_brand":[],"product_cat":[411,314],"product_tag":[442],"class_list":{"0":"post-6221","1":"product","2":"type-product","3":"status-publish","4":"has-post-thumbnail","6":"product_cat-scorte-rimanenti","7":"product_cat-senza-categoria","8":"product_tag-mini-rele-a-innesto","9":"entry","11":"first","12":"instock","13":"taxable","14":"shipping-taxable","15":"purchasable","16":"product-type-simple"},"acf":[],"tiered_pricing_type":"fixed","tiered_pricing_fixed_rules":{"500":3},"tiered_pricing_product_settings":{"layout":"default","base_unit_name":{"singular":null,"plural":null},"default_variation":null},"tiered_pricing_minimum_quantity":null,"tiered_pricing_roles_data":[],"tiered_pricing_percentage_rules":[],"_links":{"self":[{"href":"https:\/\/hs-sensortechnik.at\/it\/wp-json\/wp\/v2\/product\/6221","targetHints":{"allow":["GET"]}}],"collection":[{"href":"https:\/\/hs-sensortechnik.at\/it\/wp-json\/wp\/v2\/product"}],"about":[{"href":"https:\/\/hs-sensortechnik.at\/it\/wp-json\/wp\/v2\/types\/product"}],"replies":[{"embeddable":true,"href":"https:\/\/hs-sensortechnik.at\/it\/wp-json\/wp\/v2\/comments?post=6221"}],"wp:featuredmedia":[{"embeddable":true,"href":"https:\/\/hs-sensortechnik.at\/it\/wp-json\/wp\/v2\/media\/6469"}],"wp:attachment":[{"href":"https:\/\/hs-sensortechnik.at\/it\/wp-json\/wp\/v2\/media?parent=6221"}],"wp:term":[{"taxonomy":"product_brand","embeddable":true,"href":"https:\/\/hs-sensortechnik.at\/it\/wp-json\/wp\/v2\/product_brand?post=6221"},{"taxonomy":"product_cat","embeddable":true,"href":"https:\/\/hs-sensortechnik.at\/it\/wp-json\/wp\/v2\/product_cat?post=6221"},{"taxonomy":"product_tag","embeddable":true,"href":"https:\/\/hs-sensortechnik.at\/it\/wp-json\/wp\/v2\/product_tag?post=6221"}],"curies":[{"name":"wp","href":"https:\/\/api.w.org\/{rel}","templated":true}]}}