{"id":8498,"date":"2025-09-24T06:09:32","date_gmt":"2025-09-24T06:09:32","guid":{"rendered":"https:\/\/hs-sensortechnik.at\/dostepnosc\/"},"modified":"2025-09-24T06:38:01","modified_gmt":"2025-09-24T06:38:01","slug":"dostepnosc","status":"publish","type":"page","link":"https:\/\/hs-sensortechnik.at\/pl\/dostepnosc\/","title":{"rendered":"Dost\u0119pno\u015b\u0107"},"content":{"rendered":"\t\t<div data-elementor-type=\"wp-page\" data-elementor-id=\"8498\" class=\"elementor elementor-8498 elementor-8484\" data-elementor-post-type=\"page\">\n\t\t\t\t\t\t<section class=\"elementor-section elementor-top-section elementor-element elementor-element-c91d25b elementor-section-boxed elementor-section-height-default elementor-section-height-default\" data-id=\"c91d25b\" data-element_type=\"section\" data-e-type=\"section\">\n\t\t\t\t\t\t<div class=\"elementor-container elementor-column-gap-default\">\n\t\t\t\t\t<div class=\"elementor-column elementor-col-100 elementor-top-column elementor-element elementor-element-6fe7976\" data-id=\"6fe7976\" data-element_type=\"column\" data-e-type=\"column\">\n\t\t\t<div class=\"elementor-widget-wrap elementor-element-populated\">\n\t\t\t\t\t\t<div class=\"elementor-element elementor-element-32d6c01 elementor-widget elementor-widget-heading\" data-id=\"32d6c01\" data-element_type=\"widget\" data-e-type=\"widget\" data-widget_type=\"heading.default\">\n\t\t\t\t<div class=\"elementor-widget-container\">\n\t\t\t\t\t<h1 class=\"elementor-heading-title elementor-size-default\">Dost\u0119pno\u015b\u0107<\/h1>\t\t\t\t<\/div>\n\t\t\t\t<\/div>\n\t\t\t\t\t<\/div>\n\t\t<\/div>\n\t\t\t\t\t<\/div>\n\t\t<\/section>\n\t\t\t\t<section class=\"elementor-section elementor-top-section elementor-element elementor-element-924ffb7 elementor-section-boxed elementor-section-height-default elementor-section-height-default\" data-id=\"924ffb7\" data-element_type=\"section\" data-e-type=\"section\">\n\t\t\t\t\t\t<div class=\"elementor-container elementor-column-gap-default\">\n\t\t\t\t\t<div class=\"elementor-column elementor-col-100 elementor-top-column elementor-element elementor-element-9e0d122\" data-id=\"9e0d122\" data-element_type=\"column\" data-e-type=\"column\">\n\t\t\t<div class=\"elementor-widget-wrap elementor-element-populated\">\n\t\t\t\t\t\t<div class=\"elementor-element elementor-element-62caabb elementor-widget elementor-widget-text-editor\" data-id=\"62caabb\" data-element_type=\"widget\" data-e-type=\"widget\" data-widget_type=\"text-editor.default\">\n\t\t\t\t<div class=\"elementor-widget-container\">\n\t\t\t\t\t\t\t\t\t<div data-id=\"c7b9a9d\" data-element_type=\"widget\" data-widget_type=\"shortcode.default\"><div><div><p><strong>O\u015bwiadczenie dotycz\u0105ce dost\u0119pno\u015bci<\/strong><\/p><p>Firma H&amp;S Sensortechnik GmbH dok\u0142ada wszelkich stara\u0144, aby jej strona internetowa <a href=\"http:\/\/www.hs-sensortechnik.at\">www.hs-sensortechnik.at<\/a> by\u0142a dost\u0119pna zgodnie z ustaw\u0105 o dost\u0119pno\u015bci stron internetowych (WZG).<\/p><p><strong>Stan zgodno\u015bci z wymaganiami<\/strong><br>Niniejsza strona internetowa jest cz\u0119\u015bciowo zgodna z wytycznymi dotycz\u0105cymi dost\u0119pno\u015bci tre\u015bci internetowych (WCAG) 2.1 na poziomie zgodno\u015bci AA ze wzgl\u0119du na wymienione poni\u017cej niezgodno\u015bci i wyj\u0105tki.<\/p><p><strong>Tre\u015bci niedost\u0119pne<\/strong><br>Pomimo wszelkich stara\u0144, aby strona internetowa by\u0142a dost\u0119pna, obecnie mog\u0105 wyst\u0119powa\u0107 ograniczenia w nast\u0119puj\u0105cych obszarach:<\/p><ul><li>Dokumenty PDF nie s\u0105 jeszcze w pe\u0142ni zoptymalizowane pod k\u0105tem czytnik\u00f3w ekranu. <\/li><li>Elementy interaktywne, takie jak formularze lub captcha, mog\u0105 nie by\u0107 w pe\u0142ni obs\u0142ugiwane za pomoc\u0105 klawiatury. <\/li><li>Kontrasty kolor\u00f3w i indywidualne opcje wy\u015bwietlania (np. dostosowanie rozmiaru czcionki) nie wsz\u0119dzie odpowiadaj\u0105 zalecanym standardom. <\/li><li>Struktura semantyczna poszczeg\u00f3lnych stron (np. kolejno\u015b\u0107 nag\u0142\u00f3wk\u00f3w lub punkty orientacyjne) jest stopniowo ulepszana.<\/li><\/ul><p>Nieustannie pracujemy nad popraw\u0105 tych obszar\u00f3w i dalszym znoszeniem barier.<\/p><p><strong>Sporz\u0105dzenie niniejszego o\u015bwiadczenia<\/strong><br>Niniejsze o\u015bwiadczenie zosta\u0142o sporz\u0105dzone w dniu 24.09.2025 r.<br>Ocena strony internetowej zosta\u0142a przeprowadzona w drodze samooceny.<\/p><p><strong>Opinie i dane kontaktowe<\/strong><br>Nieustannie pracujemy nad popraw\u0105 dost\u0119pno\u015bci naszej strony. Je\u015bli zauwa\u017cysz jakie\u015b bariery lub tre\u015bci, kt\u00f3re s\u0105 niedost\u0119pne, skontaktuj si\u0119 z nami: <\/p><p><strong>Punkt kontaktowy:<\/strong><br>H&amp;S Sensortechnik GmbH <br>Jagern 62<br>4761 Enzenkirchen<br>office@hs-sensortechnik.at<br>+43 (0) 77 62 \/ 43 705-0<\/p><p><strong>Procedura egzekucyjna<\/strong><br>Je\u015bli nie otrzymaj\u0105 Pa\u0144stwo satysfakcjonuj\u0105cej odpowiedzi na zg\u0142oszenie lub zapytanie dotycz\u0105ce dost\u0119pno\u015bci, mog\u0105 Pa\u0144stwo skontaktowa\u0107 si\u0119 z organem rozpatruj\u0105cym skargi:<\/p><p>\u00d6sterreichische Forschungsf\u00f6rderungsgesellschaft mbH (FFG)<br>Kompetenzstelle f\u00fcr barrierefreie IT <br>Sensengasse 1, 1090 Wien <br>Web: <a href=\"https:\/\/www.ffg.at\/barrierefreiheit\" rel=\"noopener\">https:\/\/www.ffg.at\/barrierefreiheit<\/a><br>E-Mail: <a href=\"mailto:barrierefreiheit@ffg.at\">barrierefreiheit@ffg.at<\/a><\/p><\/div><\/div><\/div><div data-id=\"518a02e\" data-element_type=\"widget\" data-widget_type=\"text-editor.default\"><div> <\/div><\/div>\t\t\t\t\t\t\t\t<\/div>\n\t\t\t\t<\/div>\n\t\t\t\t\t<\/div>\n\t\t<\/div>\n\t\t\t\t\t<\/div>\n\t\t<\/section>\n\t\t\t\t<\/div>\n\t\t","protected":false},"excerpt":{"rendered":"<p>Dost\u0119pno\u015b\u0107 O\u015bwiadczenie dotycz\u0105ce dost\u0119pno\u015bci Firma H&amp;S Sensortechnik GmbH dok\u0142ada wszelkich stara\u0144, aby jej strona internetowa www.hs-sensortechnik.at by\u0142a dost\u0119pna zgodnie z ustaw\u0105 o dost\u0119pno\u015bci stron internetowych (WZG). Stan zgodno\u015bci z wymaganiamiNiniejsza strona internetowa jest cz\u0119\u015bciowo zgodna z wytycznymi dotycz\u0105cymi dost\u0119pno\u015bci tre\u015bci internetowych (WCAG) 2.1 na poziomie zgodno\u015bci AA ze wzgl\u0119du na wymienione poni\u017cej niezgodno\u015bci i wyj\u0105tki. [&hellip;]<\/p>\n","protected":false},"author":7,"featured_media":0,"parent":0,"menu_order":0,"comment_status":"closed","ping_status":"closed","template":"","meta":{"_acf_changed":false,"_genesis_hide_title":false,"_genesis_hide_breadcrumbs":false,"_genesis_hide_singular_image":false,"_genesis_hide_footer_widgets":false,"_genesis_custom_body_class":"","_genesis_custom_post_class":"","_genesis_layout":"","footnotes":""},"class_list":{"0":"post-8498","1":"page","2":"type-page","3":"status-publish","5":"entry"},"acf":[],"_links":{"self":[{"href":"https:\/\/hs-sensortechnik.at\/pl\/wp-json\/wp\/v2\/pages\/8498","targetHints":{"allow":["GET"]}}],"collection":[{"href":"https:\/\/hs-sensortechnik.at\/pl\/wp-json\/wp\/v2\/pages"}],"about":[{"href":"https:\/\/hs-sensortechnik.at\/pl\/wp-json\/wp\/v2\/types\/page"}],"author":[{"embeddable":true,"href":"https:\/\/hs-sensortechnik.at\/pl\/wp-json\/wp\/v2\/users\/7"}],"replies":[{"embeddable":true,"href":"https:\/\/hs-sensortechnik.at\/pl\/wp-json\/wp\/v2\/comments?post=8498"}],"version-history":[{"count":1,"href":"https:\/\/hs-sensortechnik.at\/pl\/wp-json\/wp\/v2\/pages\/8498\/revisions"}],"predecessor-version":[{"id":8499,"href":"https:\/\/hs-sensortechnik.at\/pl\/wp-json\/wp\/v2\/pages\/8498\/revisions\/8499"}],"wp:attachment":[{"href":"https:\/\/hs-sensortechnik.at\/pl\/wp-json\/wp\/v2\/media?parent=8498"}],"curies":[{"name":"wp","href":"https:\/\/api.w.org\/{rel}","templated":true}]}}