{"id":5921,"date":"2023-07-31T07:29:47","date_gmt":"2023-07-31T07:29:47","guid":{"rendered":"https:\/\/p-sil6td.project.space\/produkt\/gniazdo-zasilania-w-zestawie-przelacznik\/"},"modified":"2025-07-07T06:30:25","modified_gmt":"2025-07-07T06:30:25","slug":"gniazdo-zasilania-346-03-0230","status":"publish","type":"product","link":"https:\/\/hs-sensortechnik.at\/pl\/produkt\/gniazdo-zasilania-346-03-0230\/","title":{"rendered":"Gniazdo zasilania w zestawie. Prze\u0142\u0105cznik sprzeda\u017cy"},"content":{"rendered":"<div>\n<h2>Gniazdo zasilania w zestawie. Prze\u0142\u0105czniki &#8211; SPRZEDA\u017b<\/h2>\n<\/div>\n<div>\n<p><strong>Opis:<\/strong><\/p>\n<p>Gniazdo zasilania w kolorze czarnym. Prze\u0142\u0105cznik zasilania AC<\/p>\n<p>&nbsp;<\/p>\n<\/div>\n<div>\n<h5><b>W\u0142a\u015bciwo\u015bci:<\/b><\/h5>\n<\/div>\n<ul>\n<li>Z\u0142\u0105cze: gniazdo<\/li>\n<li>Pr\u0105d znamionowy: 10 A<\/li>\n<li>Monta\u017c: przykr\u0119cane panele przednie, z\u0142\u0105cze wtykowe 4,8 mm<\/li>\n<li>Napi\u0119cie znamionowe: 250 V AC<\/li>\n<li>Temperatura pracy: od -25\u00b0C do +70\u00b0C<\/li>\n<\/ul>\n<p><strong>Numer producenta:<\/strong><\/p>\n<ul>\n<li>4304.6058<\/li>\n<\/ul>\n","protected":false},"excerpt":{"rendered":"<div>\n<p>czarny<\/p>\n<\/div>\n","protected":false},"featured_media":6500,"comment_status":"closed","ping_status":"closed","template":"","meta":{"_acf_changed":false,"_genesis_hide_title":false,"_genesis_hide_breadcrumbs":false,"_genesis_hide_singular_image":false,"_genesis_hide_footer_widgets":false,"_genesis_custom_body_class":"","_genesis_custom_post_class":"","_genesis_layout":""},"product_brand":[],"product_cat":[276,275],"product_tag":[297],"class_list":{"0":"post-5921","1":"product","2":"type-product","3":"status-publish","4":"has-post-thumbnail","6":"product_cat-pozostale-zapasy","7":"product_cat-uncategorized-pl","8":"product_tag-gniazdo-zasilania","9":"entry","11":"first","12":"instock","13":"taxable","14":"shipping-taxable","15":"purchasable","16":"product-type-simple"},"acf":[],"tiered_pricing_type":"fixed","tiered_pricing_fixed_rules":{"500":9},"tiered_pricing_product_settings":{"layout":"default","base_unit_name":{"singular":null,"plural":null},"default_variation":null},"tiered_pricing_minimum_quantity":null,"tiered_pricing_roles_data":[],"tiered_pricing_percentage_rules":[],"_links":{"self":[{"href":"https:\/\/hs-sensortechnik.at\/pl\/wp-json\/wp\/v2\/product\/5921","targetHints":{"allow":["GET"]}}],"collection":[{"href":"https:\/\/hs-sensortechnik.at\/pl\/wp-json\/wp\/v2\/product"}],"about":[{"href":"https:\/\/hs-sensortechnik.at\/pl\/wp-json\/wp\/v2\/types\/product"}],"replies":[{"embeddable":true,"href":"https:\/\/hs-sensortechnik.at\/pl\/wp-json\/wp\/v2\/comments?post=5921"}],"wp:featuredmedia":[{"embeddable":true,"href":"https:\/\/hs-sensortechnik.at\/pl\/wp-json\/wp\/v2\/media\/6500"}],"wp:attachment":[{"href":"https:\/\/hs-sensortechnik.at\/pl\/wp-json\/wp\/v2\/media?parent=5921"}],"wp:term":[{"taxonomy":"product_brand","embeddable":true,"href":"https:\/\/hs-sensortechnik.at\/pl\/wp-json\/wp\/v2\/product_brand?post=5921"},{"taxonomy":"product_cat","embeddable":true,"href":"https:\/\/hs-sensortechnik.at\/pl\/wp-json\/wp\/v2\/product_cat?post=5921"},{"taxonomy":"product_tag","embeddable":true,"href":"https:\/\/hs-sensortechnik.at\/pl\/wp-json\/wp\/v2\/product_tag?post=5921"}],"curies":[{"name":"wp","href":"https:\/\/api.w.org\/{rel}","templated":true}]}}