{"id":5960,"date":"2023-07-31T05:48:18","date_gmt":"2023-07-31T05:48:18","guid":{"rendered":"https:\/\/p-sil6td.project.space\/produkt\/maly-stycznik-atur\/"},"modified":"2025-12-10T07:55:44","modified_gmt":"2025-12-10T07:55:44","slug":"maly-stycznik-atur-123-10-0304","status":"publish","type":"product","link":"https:\/\/hs-sensortechnik.at\/pl\/produkt\/maly-stycznik-atur-123-10-0304\/","title":{"rendered":"Ma\u0142y stycznik Sprzeda\u017c"},"content":{"rendered":"<div>\n<h2>Ma\u0142y stycznik z elementem zak\u0142\u00f3caj\u0105cym &#8211; Sprzeda\u017c<\/h2>\n<\/div>\n<div>\n<p><strong>Opis:<\/strong><\/p>\n<p>Ma\u0142y stycznik jest przeznaczony do u\u017cytku w przemy\u015ble lekkim, gdzie przestrze\u0144 w szafie sterowniczej jest szczeg\u00f3lnie wa\u017cna. Stycznik miniaturowy jest bardzo p\u0142aski i dlatego wymaga niewielkiej g\u0142\u0119boko\u015bci szafy sterowniczej.<\/p>\n<p>&nbsp;<\/p>\n<\/div>\n<div>\n<h5><b>W\u0142a\u015bciwo\u015bci:<\/b><\/h5>\n<\/div>\n<ul>\n<li>Wydajno\u015b\u0107: 4kW \/ AC-3<\/li>\n<li>Zakres produkt\u00f3w: 100-K, 5-12A<\/li>\n<li>Liczba g\u0142\u00f3wnych kontakt\u00f3w: 3 Pol.<\/li>\n<li>Liczba styk\u00f3w pomocniczych: 1 (\u00d6ffner\/Schliesser)<\/li>\n<li>Typ po\u0142\u0105czenia: Po\u0142\u0105czenie \u015brubowe<\/li>\n<li>Napi\u0119cie cewki: 24 VDC<\/li>\n<li>Moc: 9A<\/li>\n<\/ul>\n<p>&nbsp;<\/p>\n<p><strong>Numer producenta:<\/strong><\/p>\n<ul>\n<li>100-K09DJ01<\/li>\n<\/ul>\n","protected":false},"excerpt":{"rendered":"<div>\n<p>w tym. Element zak\u0142\u00f3caj\u0105cy<\/p>\n<\/div>\n","protected":false},"featured_media":6473,"comment_status":"closed","ping_status":"closed","template":"","meta":{"_acf_changed":false,"_genesis_hide_title":false,"_genesis_hide_breadcrumbs":false,"_genesis_hide_singular_image":false,"_genesis_hide_footer_widgets":false,"_genesis_custom_body_class":"","_genesis_custom_post_class":"","_genesis_layout":""},"product_brand":[],"product_cat":[276,275],"product_tag":[310,311],"class_list":{"0":"post-5960","1":"product","2":"type-product","3":"status-publish","4":"has-post-thumbnail","6":"product_cat-pozostale-zapasy","7":"product_cat-uncategorized-pl","8":"product_tag-maly-stycznik-atur","9":"product_tag-stycznik-miniaturowy","10":"entry","12":"first","13":"instock","14":"taxable","15":"shipping-taxable","16":"purchasable","17":"product-type-simple"},"acf":[],"tiered_pricing_type":"fixed","tiered_pricing_fixed_rules":{"100":48},"tiered_pricing_product_settings":{"layout":"default","base_unit_name":{"singular":null,"plural":null},"default_variation":null},"tiered_pricing_minimum_quantity":null,"tiered_pricing_roles_data":[],"tiered_pricing_percentage_rules":[],"_links":{"self":[{"href":"https:\/\/hs-sensortechnik.at\/pl\/wp-json\/wp\/v2\/product\/5960","targetHints":{"allow":["GET"]}}],"collection":[{"href":"https:\/\/hs-sensortechnik.at\/pl\/wp-json\/wp\/v2\/product"}],"about":[{"href":"https:\/\/hs-sensortechnik.at\/pl\/wp-json\/wp\/v2\/types\/product"}],"replies":[{"embeddable":true,"href":"https:\/\/hs-sensortechnik.at\/pl\/wp-json\/wp\/v2\/comments?post=5960"}],"wp:featuredmedia":[{"embeddable":true,"href":"https:\/\/hs-sensortechnik.at\/pl\/wp-json\/wp\/v2\/media\/6473"}],"wp:attachment":[{"href":"https:\/\/hs-sensortechnik.at\/pl\/wp-json\/wp\/v2\/media?parent=5960"}],"wp:term":[{"taxonomy":"product_brand","embeddable":true,"href":"https:\/\/hs-sensortechnik.at\/pl\/wp-json\/wp\/v2\/product_brand?post=5960"},{"taxonomy":"product_cat","embeddable":true,"href":"https:\/\/hs-sensortechnik.at\/pl\/wp-json\/wp\/v2\/product_cat?post=5960"},{"taxonomy":"product_tag","embeddable":true,"href":"https:\/\/hs-sensortechnik.at\/pl\/wp-json\/wp\/v2\/product_tag?post=5960"}],"curies":[{"name":"wp","href":"https:\/\/api.w.org\/{rel}","templated":true}]}}