{"id":5980,"date":"2023-07-19T08:07:45","date_gmt":"2023-07-19T08:07:45","guid":{"rendered":"https:\/\/p-sil6td.project.space\/produkt\/czujnik-temperatury-zewnetrznej\/"},"modified":"2025-07-03T05:22:55","modified_gmt":"2025-07-03T05:22:55","slug":"czujnik-temperatury-zewnetrznej-110-07-1220","status":"publish","type":"product","link":"https:\/\/hs-sensortechnik.at\/pl\/produkt\/czujnik-temperatury-zewnetrznej-110-07-1220\/","title":{"rendered":"Czujnik temperatury zewn\u0119trznej PT1000"},"content":{"rendered":"<div>\n<h2>Czujnik temperatury zewn\u0119trznej PT1000<\/h2>\n<\/div>\n<div>\n<p><strong>Opis:<\/strong><\/p>\n<p>PT1000 to rezystancyjny czujnik temperatury wykorzystuj\u0105cy elementy platynowe o rezystancji 1000 om\u00f3w w temperaturze 0\u00b0C. Czujniki PT1000 s\u0105 zatem szczeg\u00f3lnie odpowiednie do zastosowa\u0144 2-przewodowych i s\u0105 u\u017cywane do szerokiej gamy r\u00f3\u017cnych pomiar\u00f3w temperatury.<\/p>\n<p>&nbsp;<\/p>\n<\/div>\n<div>\n<h5><b>W\u0142a\u015bciwo\u015bci:<\/b><\/h5>\n<\/div>\n<div>\n<ul>\n<li>Czujnik: Pt1000 Kl. B zgodnie z norm\u0105 DIN EN 60751<\/li>\n<li>Typ obwodu: obw\u00f3d 2-przewodowy<\/li>\n<li>Dopuszczalny zakres temperatur: -30&#8230;+70\u00b0C<\/li>\n<li>Obudowa: 82 x 54,6 x 32,3 mm<\/li>\n<li>Obudowa z tworzywa sztucznego, bia\u0142a<\/li>\n<li>ABS lightgrey<\/li>\n<li>Stopie\u0144 ochrony IP65<\/li>\n<\/ul>\n<p><b>Numer producenta:<\/b><br \/>\n8104 1455<b><br \/>\n<\/b><b><\/b><\/p>\n<\/div>\n","protected":false},"excerpt":{"rendered":"<div>\n<p>PT1000<\/p>\n<\/div>\n","protected":false},"featured_media":6467,"comment_status":"closed","ping_status":"closed","template":"","meta":{"_acf_changed":false,"_genesis_hide_title":false,"_genesis_hide_breadcrumbs":false,"_genesis_hide_singular_image":false,"_genesis_hide_footer_widgets":false,"_genesis_custom_body_class":"","_genesis_custom_post_class":"","_genesis_layout":""},"product_brand":[],"product_cat":[328,275],"product_tag":[329,330],"class_list":{"0":"post-5980","1":"product","2":"type-product","3":"status-publish","4":"has-post-thumbnail","6":"product_cat-czujnik-temperatury","7":"product_cat-uncategorized-pl","8":"product_tag-czujnik-temperatury","9":"product_tag-czujnik-temperatury-zewnetrznej","10":"entry","12":"first","13":"instock","14":"taxable","15":"shipping-taxable","16":"purchasable","17":"product-type-simple"},"acf":[],"tiered_pricing_type":"fixed","tiered_pricing_fixed_rules":{"20":6},"tiered_pricing_product_settings":{"layout":"default","base_unit_name":{"singular":null,"plural":null},"default_variation":null},"tiered_pricing_minimum_quantity":null,"tiered_pricing_roles_data":[],"tiered_pricing_percentage_rules":[],"_links":{"self":[{"href":"https:\/\/hs-sensortechnik.at\/pl\/wp-json\/wp\/v2\/product\/5980","targetHints":{"allow":["GET"]}}],"collection":[{"href":"https:\/\/hs-sensortechnik.at\/pl\/wp-json\/wp\/v2\/product"}],"about":[{"href":"https:\/\/hs-sensortechnik.at\/pl\/wp-json\/wp\/v2\/types\/product"}],"replies":[{"embeddable":true,"href":"https:\/\/hs-sensortechnik.at\/pl\/wp-json\/wp\/v2\/comments?post=5980"}],"wp:featuredmedia":[{"embeddable":true,"href":"https:\/\/hs-sensortechnik.at\/pl\/wp-json\/wp\/v2\/media\/6467"}],"wp:attachment":[{"href":"https:\/\/hs-sensortechnik.at\/pl\/wp-json\/wp\/v2\/media?parent=5980"}],"wp:term":[{"taxonomy":"product_brand","embeddable":true,"href":"https:\/\/hs-sensortechnik.at\/pl\/wp-json\/wp\/v2\/product_brand?post=5980"},{"taxonomy":"product_cat","embeddable":true,"href":"https:\/\/hs-sensortechnik.at\/pl\/wp-json\/wp\/v2\/product_cat?post=5980"},{"taxonomy":"product_tag","embeddable":true,"href":"https:\/\/hs-sensortechnik.at\/pl\/wp-json\/wp\/v2\/product_tag?post=5980"}],"curies":[{"name":"wp","href":"https:\/\/api.w.org\/{rel}","templated":true}]}}