{"id":6011,"date":"2023-07-31T06:48:12","date_gmt":"2023-07-31T06:48:12","guid":{"rendered":"https:\/\/p-sil6td.project.space\/produkt\/zlacze-5pol\/"},"modified":"2025-12-10T07:56:19","modified_gmt":"2025-12-10T07:56:19","slug":"zlacze-5pol-312-05-6205","status":"publish","type":"product","link":"https:\/\/hs-sensortechnik.at\/pl\/produkt\/zlacze-5pol-312-05-6205\/","title":{"rendered":"Z\u0142\u0105cze 5pol. SPRZEDA\u017b"},"content":{"rendered":"<div>\n<h2>Z\u0142\u0105cze 5 pol. &#8211; SPRZEDA\u017b<\/h2>\n<\/div>\n<div>\n<p><strong>Opis:<\/strong><\/p>\n<p>Obudowa gniazda Z\u0142\u0105cze 5pol. MSTB, zielony, bez nadruku, ze z\u0142\u0105czem \u015brubowym do monta\u017cu kabla.<\/p>\n<p>&nbsp;<\/p>\n<\/div>\n<div>\n<h5><b>W\u0142a\u015bciwo\u015bci:<\/b><\/h5>\n<\/div>\n<ul>\n<li>Wymiar siatki: 5 mm<\/li>\n<li>Konstrukcja: gniazdo proste<\/li>\n<li>Liczba biegun\u00f3w: 5<\/li>\n<li>Pr\u0105d znamionowy: 12 A<\/li>\n<li>Napi\u0119cie znamionowe: 320 V<\/li>\n<li>Wymiary: 15 x 25 x 18,20 mm (d\u0142. x szer. x wys.)<\/li>\n<li>Pod\u0142\u0105czenie: wtyczka z zaciskiem \u015brubowym<\/li>\n<\/ul>\n<p>&nbsp;<\/p>\n<p><strong>Numer producenta:<\/strong><\/p>\n<ul>\n<li>1754504<\/li>\n<\/ul>\n","protected":false},"excerpt":{"rendered":"<div>\n<p>zielony<\/p>\n<\/div>\n","protected":false},"featured_media":6488,"comment_status":"closed","ping_status":"closed","template":"","meta":{"_acf_changed":false,"_genesis_hide_title":false,"_genesis_hide_breadcrumbs":false,"_genesis_hide_singular_image":false,"_genesis_hide_footer_widgets":false,"_genesis_custom_body_class":"","_genesis_custom_post_class":"","_genesis_layout":""},"product_brand":[],"product_cat":[276,275],"product_tag":[338],"class_list":{"0":"post-6011","1":"product","2":"type-product","3":"status-publish","4":"has-post-thumbnail","6":"product_cat-pozostale-zapasy","7":"product_cat-uncategorized-pl","8":"product_tag-zlacze-5pol","9":"entry","11":"first","12":"instock","13":"taxable","14":"shipping-taxable","15":"purchasable","16":"product-type-simple"},"acf":[],"tiered_pricing_type":"fixed","tiered_pricing_fixed_rules":{"500":3.2},"tiered_pricing_product_settings":{"layout":"default","base_unit_name":{"singular":null,"plural":null},"default_variation":null},"tiered_pricing_minimum_quantity":null,"tiered_pricing_roles_data":[],"tiered_pricing_percentage_rules":[],"_links":{"self":[{"href":"https:\/\/hs-sensortechnik.at\/pl\/wp-json\/wp\/v2\/product\/6011","targetHints":{"allow":["GET"]}}],"collection":[{"href":"https:\/\/hs-sensortechnik.at\/pl\/wp-json\/wp\/v2\/product"}],"about":[{"href":"https:\/\/hs-sensortechnik.at\/pl\/wp-json\/wp\/v2\/types\/product"}],"replies":[{"embeddable":true,"href":"https:\/\/hs-sensortechnik.at\/pl\/wp-json\/wp\/v2\/comments?post=6011"}],"wp:featuredmedia":[{"embeddable":true,"href":"https:\/\/hs-sensortechnik.at\/pl\/wp-json\/wp\/v2\/media\/6488"}],"wp:attachment":[{"href":"https:\/\/hs-sensortechnik.at\/pl\/wp-json\/wp\/v2\/media?parent=6011"}],"wp:term":[{"taxonomy":"product_brand","embeddable":true,"href":"https:\/\/hs-sensortechnik.at\/pl\/wp-json\/wp\/v2\/product_brand?post=6011"},{"taxonomy":"product_cat","embeddable":true,"href":"https:\/\/hs-sensortechnik.at\/pl\/wp-json\/wp\/v2\/product_cat?post=6011"},{"taxonomy":"product_tag","embeddable":true,"href":"https:\/\/hs-sensortechnik.at\/pl\/wp-json\/wp\/v2\/product_tag?post=6011"}],"curies":[{"name":"wp","href":"https:\/\/api.w.org\/{rel}","templated":true}]}}