{"id":6018,"date":"2023-07-28T09:06:44","date_gmt":"2023-07-28T09:06:44","guid":{"rendered":"https:\/\/p-sil6td.project.space\/produkt\/mini-przekaznik-wtykowy\/"},"modified":"2025-12-10T07:56:03","modified_gmt":"2025-12-10T07:56:03","slug":"mini-przekaznik-wtykowy-123-10-0001","status":"publish","type":"product","link":"https:\/\/hs-sensortechnik.at\/pl\/produkt\/mini-przekaznik-wtykowy-123-10-0001\/","title":{"rendered":"Mini przeka\u017anik\u00f3w Sprzeda\u017c"},"content":{"rendered":"<div>\n<h2>Mini przeka\u017anik\u00f3w OMRON &#8211; ABVERKAUF<\/h2>\n<\/div>\n<div>\n<p><strong>Opis:<\/strong><\/p>\n<p>Mini przeka\u017anik wtykowy jest przeka\u017anikiem og\u00f3lnego przeznaczenia.<\/p>\n<p>&nbsp;<\/p>\n<\/div>\n<div>\n<h5><b>W\u0142a\u015bciwo\u015bci:<\/b><\/h5>\n<\/div>\n<div>\n<ul>\n<li>dla przeka\u017anika druku<\/li>\n<li>Napi\u0119cie znamionowe cewki: 24 V\/DC<\/li>\n<li>Pr\u0105d prze\u0142\u0105czania: 5 A (maks.)<\/li>\n<li>Typ styku: 2 styki prze\u0142\u0105czne<\/li>\n<li>Zacisk styku: ko\u0142ek lutowniczy<\/li>\n<li>Marka: Omron Electronics<\/li>\n<\/ul>\n<p>&nbsp;<\/p>\n<p><strong>Numer producenta:<\/strong><\/p>\n<ul>\n<li>G2R-2-24V<\/li>\n<\/ul>\n<\/div>\n","protected":false},"excerpt":{"rendered":"<div>\n<p>OMRON<\/p>\n<\/div>\n","protected":false},"featured_media":6470,"comment_status":"closed","ping_status":"closed","template":"","meta":{"_acf_changed":false,"_genesis_hide_title":false,"_genesis_hide_breadcrumbs":false,"_genesis_hide_singular_image":false,"_genesis_hide_footer_widgets":false,"_genesis_custom_body_class":"","_genesis_custom_post_class":"","_genesis_layout":""},"product_brand":[],"product_cat":[276,275],"product_tag":[345],"class_list":{"0":"post-6018","1":"product","2":"type-product","3":"status-publish","4":"has-post-thumbnail","6":"product_cat-pozostale-zapasy","7":"product_cat-uncategorized-pl","8":"product_tag-mini-przekaznik-wtykowy","9":"entry","11":"first","12":"instock","13":"taxable","14":"shipping-taxable","15":"purchasable","16":"product-type-simple"},"acf":[],"tiered_pricing_type":"fixed","tiered_pricing_fixed_rules":{"500":3},"tiered_pricing_product_settings":{"layout":"default","base_unit_name":{"singular":null,"plural":null},"default_variation":null},"tiered_pricing_minimum_quantity":null,"tiered_pricing_roles_data":[],"tiered_pricing_percentage_rules":[],"_links":{"self":[{"href":"https:\/\/hs-sensortechnik.at\/pl\/wp-json\/wp\/v2\/product\/6018","targetHints":{"allow":["GET"]}}],"collection":[{"href":"https:\/\/hs-sensortechnik.at\/pl\/wp-json\/wp\/v2\/product"}],"about":[{"href":"https:\/\/hs-sensortechnik.at\/pl\/wp-json\/wp\/v2\/types\/product"}],"replies":[{"embeddable":true,"href":"https:\/\/hs-sensortechnik.at\/pl\/wp-json\/wp\/v2\/comments?post=6018"}],"wp:featuredmedia":[{"embeddable":true,"href":"https:\/\/hs-sensortechnik.at\/pl\/wp-json\/wp\/v2\/media\/6470"}],"wp:attachment":[{"href":"https:\/\/hs-sensortechnik.at\/pl\/wp-json\/wp\/v2\/media?parent=6018"}],"wp:term":[{"taxonomy":"product_brand","embeddable":true,"href":"https:\/\/hs-sensortechnik.at\/pl\/wp-json\/wp\/v2\/product_brand?post=6018"},{"taxonomy":"product_cat","embeddable":true,"href":"https:\/\/hs-sensortechnik.at\/pl\/wp-json\/wp\/v2\/product_cat?post=6018"},{"taxonomy":"product_tag","embeddable":true,"href":"https:\/\/hs-sensortechnik.at\/pl\/wp-json\/wp\/v2\/product_tag?post=6018"}],"curies":[{"name":"wp","href":"https:\/\/api.w.org\/{rel}","templated":true}]}}