{"id":6022,"date":"2023-07-17T13:54:47","date_gmt":"2023-07-17T13:54:47","guid":{"rendered":"https:\/\/p-sil6td.project.space\/produkt\/przewodowy-czujnik-temperatury-2m-sil-w-zestawie-ade\/"},"modified":"2025-07-21T05:51:59","modified_gmt":"2025-07-21T05:51:59","slug":"kablowy-czujnik-temperatury-w-zestawie-110-01-0822","status":"publish","type":"product","link":"https:\/\/hs-sensortechnik.at\/pl\/produkt\/kablowy-czujnik-temperatury-w-zestawie-110-01-0822\/","title":{"rendered":"Czujnik temperatury PT1000\/B SIL w zestawie. Okucie 2,00m"},"content":{"rendered":"<div>\n<h2>Czujnik temperatury PT1000\/B SIL w zestawie. Okucie 2,00m<\/h2>\n<p>Kabel silikonowy czarny<br \/>\n+200\u00b0C<\/p>\n<\/div>\n<div>\n<div>\n<p><strong>Opis:<\/strong><\/p>\n<p>Kablowe czujniki temperatury s\u0105 stosowane g\u0142\u00f3wnie w technologii grzewczej. Mierz\u0105 one temperatur\u0119 za pomoc\u0105 czujnika umieszczonego wewn\u0105trz r\u0119kawa ochronnego.<\/p>\n<\/div>\n<div>\n<h5><b>W\u0142a\u015bciwo\u015bci:<\/b><\/h5>\n<ul>\n<li>Czujnik: Klasa B zgodnie z norm\u0105 DIN EN 60751<\/li>\n<li>Typ obwodu: obw\u00f3d 2-przewodowy<\/li>\n<li>\u015arednica tulei ochronnej: 6 mm<\/li>\n<li>D\u0142ugo\u015b\u0107 tulei ochronnej: 50 mm<\/li>\n<li>Kabel po\u0142\u0105czeniowy: FEP\/silikon 2 x 0,22 mm\u00b2<\/li>\n<li>D\u0142ugo\u015b\u0107 kabla po\u0142\u0105czeniowego: AL=2.000mm<\/li>\n<li>Ko\u0144c\u00f3wki przy\u0142\u0105czeniowe: izolowane tulejki kablowe<\/li>\n<li>Dopuszczalny zakres temperatur: -50&#8230;+200\u00b0C<\/li>\n<\/ul>\n<p><b>Numer producenta:<\/b><br \/>\n8800 1163<\/p>\n<\/div>\n<\/div>\n","protected":false},"excerpt":{"rendered":"<div>\n<p>PT1000\/B &#8211; 200\u00b0<\/p>\n<\/div>\n","protected":false},"featured_media":8296,"comment_status":"closed","ping_status":"closed","template":"","meta":{"_acf_changed":false,"_genesis_hide_title":false,"_genesis_hide_breadcrumbs":false,"_genesis_hide_singular_image":false,"_genesis_hide_footer_widgets":false,"_genesis_custom_body_class":"","_genesis_custom_post_class":"","_genesis_layout":""},"product_brand":[],"product_cat":[328,275],"product_tag":[329,346,347],"class_list":{"0":"post-6022","1":"product","2":"type-product","3":"status-publish","4":"has-post-thumbnail","6":"product_cat-czujnik-temperatury","7":"product_cat-uncategorized-pl","8":"product_tag-czujnik-temperatury","9":"product_tag-czujnik-temperatury-kabla","10":"product_tag-tuleja-na-koncu-drutu","11":"entry","13":"first","14":"instock","15":"taxable","16":"shipping-taxable","17":"purchasable","18":"product-type-simple"},"acf":[],"tiered_pricing_type":"fixed","tiered_pricing_fixed_rules":{"10":15.02,"20":11.55},"tiered_pricing_product_settings":{"layout":"default","base_unit_name":{"singular":null,"plural":null},"default_variation":null},"tiered_pricing_minimum_quantity":null,"tiered_pricing_roles_data":[],"tiered_pricing_percentage_rules":[],"_links":{"self":[{"href":"https:\/\/hs-sensortechnik.at\/pl\/wp-json\/wp\/v2\/product\/6022","targetHints":{"allow":["GET"]}}],"collection":[{"href":"https:\/\/hs-sensortechnik.at\/pl\/wp-json\/wp\/v2\/product"}],"about":[{"href":"https:\/\/hs-sensortechnik.at\/pl\/wp-json\/wp\/v2\/types\/product"}],"replies":[{"embeddable":true,"href":"https:\/\/hs-sensortechnik.at\/pl\/wp-json\/wp\/v2\/comments?post=6022"}],"wp:featuredmedia":[{"embeddable":true,"href":"https:\/\/hs-sensortechnik.at\/pl\/wp-json\/wp\/v2\/media\/8296"}],"wp:attachment":[{"href":"https:\/\/hs-sensortechnik.at\/pl\/wp-json\/wp\/v2\/media?parent=6022"}],"wp:term":[{"taxonomy":"product_brand","embeddable":true,"href":"https:\/\/hs-sensortechnik.at\/pl\/wp-json\/wp\/v2\/product_brand?post=6022"},{"taxonomy":"product_cat","embeddable":true,"href":"https:\/\/hs-sensortechnik.at\/pl\/wp-json\/wp\/v2\/product_cat?post=6022"},{"taxonomy":"product_tag","embeddable":true,"href":"https:\/\/hs-sensortechnik.at\/pl\/wp-json\/wp\/v2\/product_tag?post=6022"}],"curies":[{"name":"wp","href":"https:\/\/api.w.org\/{rel}","templated":true}]}}