{"id":6032,"date":"2023-07-31T07:24:00","date_gmt":"2023-07-31T07:24:00","guid":{"rendered":"https:\/\/p-sil6td.project.space\/produkt\/skrzynka-na-zimne-urzadzenia\/"},"modified":"2025-07-07T06:27:12","modified_gmt":"2025-07-07T06:27:12","slug":"skrzynka-na-zimne-urzadzenia-346-03-0225","status":"publish","type":"product","link":"https:\/\/hs-sensortechnik.at\/pl\/produkt\/skrzynka-na-zimne-urzadzenia-346-03-0225\/","title":{"rendered":"WYPRZEDA\u017b pude\u0142ka na zimne urz\u0105dzenia"},"content":{"rendered":"<div>\n<h2>Skrzynka na zimne urz\u0105dzenia z filtrem sieciowym &#8211; WYPRZEDA\u017b<\/h2>\n<\/div>\n<div>\n<p><strong>Opis:<\/strong><\/p>\n<p>Skrzynka na zimne urz\u0105dzenia w kolorze czarnym z modu\u0142em wej\u015bcia zasilania i filtrem sieciowym.<\/p>\n<p>&nbsp;<\/p>\n<\/div>\n<div>\n<h5><b>W\u0142a\u015bciwo\u015bci:<\/b><\/h5>\n<\/div>\n<ul>\n<li>Typ z\u0142\u0105cza: IEC C14<\/li>\n<li>Napi\u0119cie znamionowe: 250 VAC<\/li>\n<li>Pr\u0105d znamionowy: 6 A<\/li>\n<li>Liczba biegun\u00f3w: 2<\/li>\n<li>Po\u0142\u0105czenie lutowane, po\u0142\u0105czenie wtykowe<\/li>\n<li>2 biegun Uchwyt bezpiecznika<\/li>\n<li>Typ monta\u017cu: Monta\u017c ko\u0142nierzowy<\/li>\n<\/ul>\n<p><strong>Numer producenta:<\/strong><\/p>\n<ul>\n<li>FN389B-6\/21<\/li>\n<\/ul>\n","protected":false},"excerpt":{"rendered":"<div>\n<p>czarny<\/p>\n<\/div>\n","protected":false},"featured_media":6497,"comment_status":"closed","ping_status":"closed","template":"","meta":{"_acf_changed":false,"_genesis_hide_title":false,"_genesis_hide_breadcrumbs":false,"_genesis_hide_singular_image":false,"_genesis_hide_footer_widgets":false,"_genesis_custom_body_class":"","_genesis_custom_post_class":"","_genesis_layout":""},"product_brand":[],"product_cat":[276,275],"product_tag":[349],"class_list":{"0":"post-6032","1":"product","2":"type-product","3":"status-publish","4":"has-post-thumbnail","6":"product_cat-pozostale-zapasy","7":"product_cat-uncategorized-pl","8":"product_tag-skrzynka-na-zimne-urzadzenia","9":"entry","11":"first","12":"instock","13":"taxable","14":"shipping-taxable","15":"purchasable","16":"product-type-simple"},"acf":[],"tiered_pricing_type":"fixed","tiered_pricing_fixed_rules":{"50":28,"100":26},"tiered_pricing_product_settings":{"layout":"default","base_unit_name":{"singular":null,"plural":null},"default_variation":null},"tiered_pricing_minimum_quantity":null,"tiered_pricing_roles_data":[],"tiered_pricing_percentage_rules":[],"_links":{"self":[{"href":"https:\/\/hs-sensortechnik.at\/pl\/wp-json\/wp\/v2\/product\/6032","targetHints":{"allow":["GET"]}}],"collection":[{"href":"https:\/\/hs-sensortechnik.at\/pl\/wp-json\/wp\/v2\/product"}],"about":[{"href":"https:\/\/hs-sensortechnik.at\/pl\/wp-json\/wp\/v2\/types\/product"}],"replies":[{"embeddable":true,"href":"https:\/\/hs-sensortechnik.at\/pl\/wp-json\/wp\/v2\/comments?post=6032"}],"wp:featuredmedia":[{"embeddable":true,"href":"https:\/\/hs-sensortechnik.at\/pl\/wp-json\/wp\/v2\/media\/6497"}],"wp:attachment":[{"href":"https:\/\/hs-sensortechnik.at\/pl\/wp-json\/wp\/v2\/media?parent=6032"}],"wp:term":[{"taxonomy":"product_brand","embeddable":true,"href":"https:\/\/hs-sensortechnik.at\/pl\/wp-json\/wp\/v2\/product_brand?post=6032"},{"taxonomy":"product_cat","embeddable":true,"href":"https:\/\/hs-sensortechnik.at\/pl\/wp-json\/wp\/v2\/product_cat?post=6032"},{"taxonomy":"product_tag","embeddable":true,"href":"https:\/\/hs-sensortechnik.at\/pl\/wp-json\/wp\/v2\/product_tag?post=6032"}],"curies":[{"name":"wp","href":"https:\/\/api.w.org\/{rel}","templated":true}]}}