{"id":6069,"date":"2023-07-17T13:39:25","date_gmt":"2023-07-17T13:39:25","guid":{"rendered":"https:\/\/p-sil6td.project.space\/produkt\/tuleja-dla-sondy-lambda\/"},"modified":"2025-06-17T05:07:15","modified_gmt":"2025-06-17T05:07:15","slug":"tuleja-sondy-lambda-599-99-9520","status":"publish","type":"product","link":"https:\/\/hs-sensortechnik.at\/pl\/produkt\/tuleja-sondy-lambda-599-99-9520\/","title":{"rendered":"Tuleja dla sondy lambda"},"content":{"rendered":"<div>\n<h2>Tuleja sondy lambda NGK OZA685-WW1<\/h2>\n<\/div>\n<div>\n<h5><b>Opis:<br \/>\n<\/b><\/h5>\n<p>Tuleja chroni przed nadmiernym ch\u0142odzeniem, na przyk\u0142ad za pomoc\u0105 wentylatora indukcyjnego.<\/p>\n<p><strong>W\u0142a\u015bciwo\u015bci:<\/strong><\/p>\n<ul>\n<li>SW30\/3\/4&#8243; x M18<\/li>\n<li>Materia\u0142: Tecapeek (formowanie wtryskowe)<\/li>\n<li>W\u0105tek: 1,5 x 18 mm<\/li>\n<\/ul>\n<\/div>\n","protected":false},"excerpt":{"rendered":"<div>\n<p>Tuleja sondy lambda OZA685-WW1<\/p>\n<\/div>\n","protected":false},"featured_media":6452,"comment_status":"closed","ping_status":"closed","template":"","meta":{"_acf_changed":false,"_genesis_hide_title":false,"_genesis_hide_breadcrumbs":false,"_genesis_hide_singular_image":false,"_genesis_hide_footer_widgets":false,"_genesis_custom_body_class":"","_genesis_custom_post_class":"","_genesis_layout":""},"product_brand":[],"product_cat":[370,275],"product_tag":[372,371],"class_list":{"0":"post-6069","1":"product","2":"type-product","3":"status-publish","4":"has-post-thumbnail","6":"product_cat-sonda-lambda-pl","7":"product_cat-uncategorized-pl","8":"product_tag-akcesoria-do-sond-lambda","9":"product_tag-gniazdo","10":"entry","12":"first","13":"instock","14":"taxable","15":"shipping-taxable","16":"purchasable","17":"product-type-simple"},"acf":[],"tiered_pricing_type":"fixed","tiered_pricing_fixed_rules":[],"tiered_pricing_product_settings":{"layout":"default","base_unit_name":{"singular":null,"plural":null},"default_variation":null},"tiered_pricing_minimum_quantity":null,"tiered_pricing_roles_data":[],"tiered_pricing_percentage_rules":[],"_links":{"self":[{"href":"https:\/\/hs-sensortechnik.at\/pl\/wp-json\/wp\/v2\/product\/6069","targetHints":{"allow":["GET"]}}],"collection":[{"href":"https:\/\/hs-sensortechnik.at\/pl\/wp-json\/wp\/v2\/product"}],"about":[{"href":"https:\/\/hs-sensortechnik.at\/pl\/wp-json\/wp\/v2\/types\/product"}],"replies":[{"embeddable":true,"href":"https:\/\/hs-sensortechnik.at\/pl\/wp-json\/wp\/v2\/comments?post=6069"}],"wp:featuredmedia":[{"embeddable":true,"href":"https:\/\/hs-sensortechnik.at\/pl\/wp-json\/wp\/v2\/media\/6452"}],"wp:attachment":[{"href":"https:\/\/hs-sensortechnik.at\/pl\/wp-json\/wp\/v2\/media?parent=6069"}],"wp:term":[{"taxonomy":"product_brand","embeddable":true,"href":"https:\/\/hs-sensortechnik.at\/pl\/wp-json\/wp\/v2\/product_brand?post=6069"},{"taxonomy":"product_cat","embeddable":true,"href":"https:\/\/hs-sensortechnik.at\/pl\/wp-json\/wp\/v2\/product_cat?post=6069"},{"taxonomy":"product_tag","embeddable":true,"href":"https:\/\/hs-sensortechnik.at\/pl\/wp-json\/wp\/v2\/product_tag?post=6069"}],"curies":[{"name":"wp","href":"https:\/\/api.w.org\/{rel}","templated":true}]}}