{"id":6085,"date":"2023-07-12T12:41:58","date_gmt":"2023-07-12T12:41:58","guid":{"rendered":"https:\/\/p-sil6td.project.space\/produkt\/ogranicznik-temperatury-bezpieczenstwa-95c\/"},"modified":"2025-07-21T05:59:53","modified_gmt":"2025-07-21T05:59:53","slug":"ogranicznik-temperatury-bezpieczenstwa-95grad","status":"publish","type":"product","link":"https:\/\/hs-sensortechnik.at\/pl\/produkt\/ogranicznik-temperatury-bezpieczenstwa-95grad\/","title":{"rendered":"Ogranicznik temperatury bezpiecze\u0144stwa 95\u00b0C"},"content":{"rendered":"<div>\n<h2>Ogranicznik temperatury bezpiecze\u0144stwa 95\u00b0C<\/h2>\n<h3>D\u0142ugo\u015b\u0107 kapilary 1,5 m<\/h3>\n<\/div>\n<p><strong>Opis:<\/strong><\/p>\n<p>Urz\u0105dzenie do kontroli i ograniczania temperatury w systemach wytwarzania ciep\u0142a, sta\u0142a kalibracja z r\u0119cznym resetem.<\/p>\n<p>Podgrzanie czujnika powoduje otwarcie styk\u00f3w w obwodzie elektrycznym ogranicznika temperatury z powodu wzrostu ci\u015bnienia. Najp\u00f3\u017aniej po osi\u0105gni\u0119ciu temperatury bezpiecznej nast\u0119puje odci\u0119cie zasilania.<\/p>\n<p><strong>W\u0142a\u015bciwo\u015bci:<\/strong><\/p>\n<ul>\n<li>Poziom ustawienia: 95\u00b0C<\/li>\n<li>\u015arednica sondy: 6,5mm<\/li>\n<\/ul>\n<p><b>Numer producenta:<br \/>\n<\/b>971-95338-00A<\/p>\n","protected":false},"excerpt":{"rendered":"<p>D\u0142ugo\u015b\u0107 kapilary 1,5 m<\/p>\n","protected":false},"featured_media":8311,"comment_status":"closed","ping_status":"closed","template":"","meta":{"_acf_changed":false,"_genesis_hide_title":false,"_genesis_hide_breadcrumbs":false,"_genesis_hide_singular_image":false,"_genesis_hide_footer_widgets":false,"_genesis_custom_body_class":"","_genesis_custom_post_class":"","_genesis_layout":""},"product_brand":[],"product_cat":[374,275],"product_tag":[376,375],"class_list":{"0":"post-6085","1":"product","2":"type-product","3":"status-publish","4":"has-post-thumbnail","6":"product_cat-ogranicznik-temperatury-bezpieczenstwa-stb","7":"product_cat-uncategorized-pl","8":"product_tag-ogranicznik-temperatury-bezpieczenstwa","9":"product_tag-stb-pl","10":"entry","12":"first","13":"instock","14":"taxable","15":"shipping-taxable","16":"purchasable","17":"product-type-simple"},"acf":[],"tiered_pricing_type":"fixed","tiered_pricing_fixed_rules":[],"tiered_pricing_product_settings":{"layout":"default","base_unit_name":{"singular":null,"plural":null},"default_variation":null},"tiered_pricing_minimum_quantity":null,"tiered_pricing_roles_data":[],"tiered_pricing_percentage_rules":[],"_links":{"self":[{"href":"https:\/\/hs-sensortechnik.at\/pl\/wp-json\/wp\/v2\/product\/6085","targetHints":{"allow":["GET"]}}],"collection":[{"href":"https:\/\/hs-sensortechnik.at\/pl\/wp-json\/wp\/v2\/product"}],"about":[{"href":"https:\/\/hs-sensortechnik.at\/pl\/wp-json\/wp\/v2\/types\/product"}],"replies":[{"embeddable":true,"href":"https:\/\/hs-sensortechnik.at\/pl\/wp-json\/wp\/v2\/comments?post=6085"}],"wp:featuredmedia":[{"embeddable":true,"href":"https:\/\/hs-sensortechnik.at\/pl\/wp-json\/wp\/v2\/media\/8311"}],"wp:attachment":[{"href":"https:\/\/hs-sensortechnik.at\/pl\/wp-json\/wp\/v2\/media?parent=6085"}],"wp:term":[{"taxonomy":"product_brand","embeddable":true,"href":"https:\/\/hs-sensortechnik.at\/pl\/wp-json\/wp\/v2\/product_brand?post=6085"},{"taxonomy":"product_cat","embeddable":true,"href":"https:\/\/hs-sensortechnik.at\/pl\/wp-json\/wp\/v2\/product_cat?post=6085"},{"taxonomy":"product_tag","embeddable":true,"href":"https:\/\/hs-sensortechnik.at\/pl\/wp-json\/wp\/v2\/product_tag?post=6085"}],"curies":[{"name":"wp","href":"https:\/\/api.w.org\/{rel}","templated":true}]}}