{"id":6159,"date":"2023-06-28T06:30:04","date_gmt":"2023-06-28T06:30:04","guid":{"rendered":"https:\/\/p-sil6td.project.space\/produkt\/przetwornik-lambda-zfas-u2-12v\/"},"modified":"2025-12-10T07:49:24","modified_gmt":"2025-12-10T07:49:24","slug":"nadajnik-lambda-zfas-u2-12v","status":"publish","type":"product","link":"https:\/\/hs-sensortechnik.at\/pl\/produkt\/nadajnik-lambda-zfas-u2-12v\/","title":{"rendered":"Przetwornik lambda ZFAS-U2 12V"},"content":{"rendered":"<div>\n<h2>Przetwornik lambda ZFAS-U2 12V<\/h2>\n<div><b>Wej\u015bcie: 12V<br \/>\nWyj\u015bcie: 0-10V<br \/>\n<\/b><\/div>\n<\/div>\n<div>\n<p><span style=\"color: #000000;\">Kontrola systemu Lambda LSC zosta\u0142a opracowana do obs\u0142ugi szerokopasmowej <a href=\"https:\/\/hs-sensortechnik.at\/produkt\/breitbandsonde-zfas-u2\/\">sondy lambda typu NGK\/NTK 118.02-8110 ZFAS-U2<\/a>, a tak\u017ce Bosch 102.02-8110 LSU4.9. Tutaj przeprowadzana jest pe\u0142na kontrola czujnika. Sygna\u0142 wyj\u015bciowy to 0-10 V (0-21% O2). <\/span><\/p>\n<h4>Arkusz danych i krzywa charakterystyki:<\/h4>\n<p><a href=\"https:\/\/hs-sensortechnik.at\/wp-content\/uploads\/2023\/06\/118.02-1211-lambda-system-control-12V-HS-Sensortechnik.pdf\">Karta katalogowa przetwornika lambda ZFAS-U2 12V<\/a><\/p>\n<p><a href=\"https:\/\/hs-sensortechnik.at\/wp-content\/uploads\/2023\/06\/Kennlinie_Lambda-transmitter_ZFAS-118.02-xx11.pdf\">Krzywa charakterystyczna przetwornika Lambda ZFAS-U2<\/a><\/p>\n<\/div>\n","protected":false},"excerpt":{"rendered":"<p>Wej\u015bcie 12 V<br \/>\nWyj\u015bcie 0-10 V<\/p>\n","protected":false},"featured_media":6421,"comment_status":"closed","ping_status":"closed","template":"","meta":{"_acf_changed":false,"_genesis_hide_title":false,"_genesis_hide_breadcrumbs":false,"_genesis_hide_singular_image":false,"_genesis_hide_footer_widgets":false,"_genesis_custom_body_class":"","_genesis_custom_post_class":"","_genesis_layout":""},"product_brand":[],"product_cat":[405,275],"product_tag":[414],"class_list":{"0":"post-6159","1":"product","2":"type-product","3":"status-publish","4":"has-post-thumbnail","6":"product_cat-sonda-szerokopasmowa","7":"product_cat-uncategorized-pl","8":"product_tag-sonda-szerokopasmowa-nadajnika","9":"entry","11":"first","12":"instock","13":"taxable","14":"shipping-taxable","15":"purchasable","16":"product-type-simple"},"acf":[],"tiered_pricing_type":"fixed","tiered_pricing_fixed_rules":{"5":179,"10":139},"tiered_pricing_product_settings":{"layout":"default","base_unit_name":{"singular":null,"plural":null},"default_variation":null},"tiered_pricing_minimum_quantity":null,"tiered_pricing_roles_data":[],"tiered_pricing_percentage_rules":[],"_links":{"self":[{"href":"https:\/\/hs-sensortechnik.at\/pl\/wp-json\/wp\/v2\/product\/6159","targetHints":{"allow":["GET"]}}],"collection":[{"href":"https:\/\/hs-sensortechnik.at\/pl\/wp-json\/wp\/v2\/product"}],"about":[{"href":"https:\/\/hs-sensortechnik.at\/pl\/wp-json\/wp\/v2\/types\/product"}],"replies":[{"embeddable":true,"href":"https:\/\/hs-sensortechnik.at\/pl\/wp-json\/wp\/v2\/comments?post=6159"}],"wp:featuredmedia":[{"embeddable":true,"href":"https:\/\/hs-sensortechnik.at\/pl\/wp-json\/wp\/v2\/media\/6421"}],"wp:attachment":[{"href":"https:\/\/hs-sensortechnik.at\/pl\/wp-json\/wp\/v2\/media?parent=6159"}],"wp:term":[{"taxonomy":"product_brand","embeddable":true,"href":"https:\/\/hs-sensortechnik.at\/pl\/wp-json\/wp\/v2\/product_brand?post=6159"},{"taxonomy":"product_cat","embeddable":true,"href":"https:\/\/hs-sensortechnik.at\/pl\/wp-json\/wp\/v2\/product_cat?post=6159"},{"taxonomy":"product_tag","embeddable":true,"href":"https:\/\/hs-sensortechnik.at\/pl\/wp-json\/wp\/v2\/product_tag?post=6159"}],"curies":[{"name":"wp","href":"https:\/\/api.w.org\/{rel}","templated":true}]}}