{"id":6174,"date":"2023-06-27T07:25:02","date_gmt":"2023-06-27T07:25:02","guid":{"rendered":"https:\/\/p-sil6td.project.space\/produkt\/zapalnik-ceramiczny-psx-2-240-b\/"},"modified":"2025-05-26T11:18:57","modified_gmt":"2025-05-26T11:18:57","slug":"zapalnik-zarowy-psx-2-240-b-116-82-0300","status":"publish","type":"product","link":"https:\/\/hs-sensortechnik.at\/pl\/produkt\/zapalnik-zarowy-psx-2-240-b-116-82-0300\/","title":{"rendered":"Zapalnik ceramiczny PSX-2-240-B"},"content":{"rendered":"<h2>Zapalnik ceramiczny PSX-2-240-B (116.82-0300)<\/h2>\n<h3>\u017barnik do rozpalania drewna, pelletu i innych paliw z biomasy.<\/h3>\n<p>Te zaawansowane zapalniki \u017carowe s\u0105 idealne do zapalania system\u00f3w grzewczych na pellet i biomas\u0119. Zu\u017cywaj\u0105 one tylko u\u0142amek energii wymaganej przez dmuchawy gor\u0105cego powietrza i dmuchawy zap\u0142onowe. Pr\u0119t \u017carowy w nagrzewnicy jest idealny do pelletu drzewnego, zbo\u017ca, kukurydzy, w\u0119gla i koksu. Przy znacznie wy\u017cszej temperaturze, a mianowicie dwukrotnie wy\u017cszej ni\u017c w przypadku tradycyjnych produkt\u00f3w powlekanych metalem, czas zap\u0142onu skraca si\u0119 o oko\u0142o 60 sekund.  Dzi\u0119ki temu s\u0105 one znacznie bardziej ekonomiczne w u\u017cyciu.<\/p>\n<p><b>Ko\u0142nierz ceramiczny \u00d817,7 mm<\/b><\/p>\n<p>&nbsp;<\/p>\n<p><b>Systemy <\/b><\/p>\n<ul>\n<li>Piec na pellet<\/li>\n<li>Kocio\u0142 na pellet<\/li>\n<li>Palnik na pellet<\/li>\n<\/ul>\n<div><\/div>\n<p><b> Zalety techniczne ceramicznych zapalnik\u00f3w \u017carowych <\/b><\/p>\n<ul>\n<li>Znacznie ni\u017csze zu\u017cycie energii w por\u00f3wnaniu z konwencjonalnymi wk\u0142adami i dmuchawami gor\u0105cego powietrza<\/li>\n<li>Podczas rozruchu pieca powstaje mniej dymu, a tym samym szybciej si\u0119 nagrzewa.<\/li>\n<li>Zap\u0142on w ci\u0105gu 60~90 sekund<\/li>\n<li>D\u0142uga \u017cywotno\u015b\u0107 testowana do 100 000 cykli, u\u017cywana przez d\u0142ugi czas na rynku japo\u0144skim (15 lat).<\/li>\n<li>\u0141atwy monta\u017c<\/li>\n<li>1000\u00b0 przy sta\u0142ej temperaturze<\/li>\n<li>Dost\u0119pne dla 100\/120\/220\/240V<\/li>\n<li>W pe\u0142ni izolowany elektrycznie, bez ods\u0142oni\u0119tych styk\u00f3w<\/li>\n<li>Niewra\u017cliwo\u015b\u0107 na utlenianie i korozj\u0119<\/li>\n<li>Pe\u0142na zgodno\u015b\u0107 z dyrektywami CE (certyfikat T\u00dcV Rheinland), RoHS i REACH (certyfikat T\u00dcV Rheinland).<\/li>\n<li>Zapala zr\u0119bki drzewne, k\u0142ody, brykiety i inn\u0105 biomas\u0119, s\u0142om\u0119 itp.<\/li>\n<\/ul>\n<p>&nbsp;<\/p>\n<p><b>Rysunek i arkusz danych<br \/>\n<\/b><\/p>\n<p><a href=\"https:\/\/hs-sensortechnik.at\/wp-content\/uploads\/2023\/06\/Pellet_system_heater_PSx-2-240-B_drawing.pdf\">Rysunek PSX-2 116.82-0300<\/a><\/p>\n<p><a href=\"https:\/\/hs-sensortechnik.at\/wp-content\/uploads\/2025\/05\/Pellet_system_heater_PSx-2-240-B_data-sheet_PL.pdf\">Karta katalogowa PSX-2 116.82-0300_PL<\/a><\/p>\n<p>&nbsp;<\/p>\n","protected":false},"excerpt":{"rendered":"<p>Do rozpalania drewna, pelletu i innych paliw z biomasy<\/p>\n","protected":false},"featured_media":6349,"comment_status":"closed","ping_status":"closed","template":"","meta":{"_acf_changed":false,"_genesis_hide_title":false,"_genesis_hide_breadcrumbs":false,"_genesis_hide_singular_image":false,"_genesis_hide_footer_widgets":false,"_genesis_custom_body_class":"","_genesis_custom_post_class":"","_genesis_layout":""},"product_brand":[],"product_cat":[428,275],"product_tag":[429,431,430],"class_list":{"0":"post-6174","1":"product","2":"type-product","3":"status-publish","4":"has-post-thumbnail","6":"product_cat-ceramiczny-zapalnik-zarowy","7":"product_cat-uncategorized-pl","8":"product_tag-ceramiczny-zapalnik-zarowy","9":"product_tag-psx-2-pl","10":"product_tag-zapalniczka-na-pellet","11":"entry","13":"first","14":"instock","15":"taxable","16":"shipping-taxable","17":"purchasable","18":"product-type-simple"},"acf":[],"tiered_pricing_type":"fixed","tiered_pricing_fixed_rules":{"5":47.2,"10":35.4},"tiered_pricing_product_settings":{"layout":"default","base_unit_name":{"singular":null,"plural":null},"default_variation":null},"tiered_pricing_minimum_quantity":null,"tiered_pricing_roles_data":[],"tiered_pricing_percentage_rules":[],"_links":{"self":[{"href":"https:\/\/hs-sensortechnik.at\/pl\/wp-json\/wp\/v2\/product\/6174","targetHints":{"allow":["GET"]}}],"collection":[{"href":"https:\/\/hs-sensortechnik.at\/pl\/wp-json\/wp\/v2\/product"}],"about":[{"href":"https:\/\/hs-sensortechnik.at\/pl\/wp-json\/wp\/v2\/types\/product"}],"replies":[{"embeddable":true,"href":"https:\/\/hs-sensortechnik.at\/pl\/wp-json\/wp\/v2\/comments?post=6174"}],"wp:featuredmedia":[{"embeddable":true,"href":"https:\/\/hs-sensortechnik.at\/pl\/wp-json\/wp\/v2\/media\/6349"}],"wp:attachment":[{"href":"https:\/\/hs-sensortechnik.at\/pl\/wp-json\/wp\/v2\/media?parent=6174"}],"wp:term":[{"taxonomy":"product_brand","embeddable":true,"href":"https:\/\/hs-sensortechnik.at\/pl\/wp-json\/wp\/v2\/product_brand?post=6174"},{"taxonomy":"product_cat","embeddable":true,"href":"https:\/\/hs-sensortechnik.at\/pl\/wp-json\/wp\/v2\/product_cat?post=6174"},{"taxonomy":"product_tag","embeddable":true,"href":"https:\/\/hs-sensortechnik.at\/pl\/wp-json\/wp\/v2\/product_tag?post=6174"}],"curies":[{"name":"wp","href":"https:\/\/api.w.org\/{rel}","templated":true}]}}