{"id":6205,"date":"2023-06-28T06:02:22","date_gmt":"2023-06-28T06:02:22","guid":{"rendered":"https:\/\/p-sil6td.project.space\/produkt\/przetwornik-lambda-oza-24v\/"},"modified":"2025-12-10T07:50:03","modified_gmt":"2025-12-10T07:50:03","slug":"przetwornik-lambda-oza-24v-118-03-2411","status":"publish","type":"product","link":"https:\/\/hs-sensortechnik.at\/pl\/produkt\/przetwornik-lambda-oza-24v-118-03-2411\/","title":{"rendered":"Przetwornik lambda OZA 24V"},"content":{"rendered":"<div>\n<h2>Przetwornik lambda OZA 24V<\/h2>\n<div><b>Wej\u015bcie: 24V<br \/>\nWyj\u015bcie: 0-10V<br \/>\n<\/b><\/div>\n<\/div>\n<div>\n<p><span style=\"color: #000000;\">Przetwornik lambda (LT-OZA) to przetwornik do obs\u0142ugi sondy l<a href=\"https:\/\/hs-sensortechnik.at\/produkt\/lambdasonde-118-02-7100-ngkntk_oza685-ww1-kopie-kopie\/\">ambda typu NGK\/NTK 118.02-7100 OZA685-WW1.<\/a> W tym przypadku sygna\u0142 wyj\u015bciowy mV czujnika jest wzmacniany do sygna\u0142u 0-10 V.<\/span><\/p>\n<h4>Arkusz danych i krzywa charakterystyki:<\/h4>\n<p><a href=\"https:\/\/hs-sensortechnik.at\/wp-content\/uploads\/2023\/06\/118.03-2411-lambda-transmitter-HS-Sensortechnik.pdf\">Karta katalogowa Przetwornik lambda OZA<\/a><\/p>\n<p><a href=\"https:\/\/hs-sensortechnik.at\/wp-content\/uploads\/2023\/05\/Kennlinie_Lambda-transmitter_OZA_118.03-XX11.pdf\">Krzywa charakterystyczna Lambda przetwornika OZA<\/a><\/p>\n<\/div>\n","protected":false},"excerpt":{"rendered":"<p>Wej\u015bcie 24V<br \/>\nWyj\u015bcie 0-10V<\/p>\n","protected":false},"featured_media":6415,"comment_status":"closed","ping_status":"closed","template":"","meta":{"_acf_changed":false,"_genesis_hide_title":false,"_genesis_hide_breadcrumbs":false,"_genesis_hide_singular_image":false,"_genesis_hide_footer_widgets":false,"_genesis_custom_body_class":"","_genesis_custom_post_class":"","_genesis_layout":""},"product_brand":[],"product_cat":[370,275],"product_tag":[406,438],"class_list":{"0":"post-6205","1":"product","2":"type-product","3":"status-publish","4":"has-post-thumbnail","6":"product_cat-sonda-lambda-pl","7":"product_cat-uncategorized-pl","8":"product_tag-nadajnik-24-v","9":"product_tag-nadajnik-lambda","10":"entry","12":"first","13":"instock","14":"taxable","15":"shipping-taxable","16":"purchasable","17":"product-type-simple"},"acf":[],"tiered_pricing_type":"fixed","tiered_pricing_fixed_rules":{"5":135,"10":115},"tiered_pricing_product_settings":{"layout":"default","base_unit_name":{"singular":null,"plural":null},"default_variation":null},"tiered_pricing_minimum_quantity":null,"tiered_pricing_roles_data":[],"tiered_pricing_percentage_rules":[],"_links":{"self":[{"href":"https:\/\/hs-sensortechnik.at\/pl\/wp-json\/wp\/v2\/product\/6205","targetHints":{"allow":["GET"]}}],"collection":[{"href":"https:\/\/hs-sensortechnik.at\/pl\/wp-json\/wp\/v2\/product"}],"about":[{"href":"https:\/\/hs-sensortechnik.at\/pl\/wp-json\/wp\/v2\/types\/product"}],"replies":[{"embeddable":true,"href":"https:\/\/hs-sensortechnik.at\/pl\/wp-json\/wp\/v2\/comments?post=6205"}],"wp:featuredmedia":[{"embeddable":true,"href":"https:\/\/hs-sensortechnik.at\/pl\/wp-json\/wp\/v2\/media\/6415"}],"wp:attachment":[{"href":"https:\/\/hs-sensortechnik.at\/pl\/wp-json\/wp\/v2\/media?parent=6205"}],"wp:term":[{"taxonomy":"product_brand","embeddable":true,"href":"https:\/\/hs-sensortechnik.at\/pl\/wp-json\/wp\/v2\/product_brand?post=6205"},{"taxonomy":"product_cat","embeddable":true,"href":"https:\/\/hs-sensortechnik.at\/pl\/wp-json\/wp\/v2\/product_cat?post=6205"},{"taxonomy":"product_tag","embeddable":true,"href":"https:\/\/hs-sensortechnik.at\/pl\/wp-json\/wp\/v2\/product_tag?post=6205"}],"curies":[{"name":"wp","href":"https:\/\/api.w.org\/{rel}","templated":true}]}}