{"id":6222,"date":"2023-04-11T13:23:22","date_gmt":"2023-04-11T13:23:22","guid":{"rendered":"https:\/\/p-sil6td.project.space\/produkt\/przewod-zasilajacy-sondy-lambda-ngk-220-m\/"},"modified":"2025-07-21T05:50:01","modified_gmt":"2025-07-21T05:50:01","slug":"linia-zasilajaca-sonda-lambda-118-02-7120","status":"publish","type":"product","link":"https:\/\/hs-sensortechnik.at\/pl\/produkt\/linia-zasilajaca-sonda-lambda-118-02-7120\/","title":{"rendered":"Przew\u00f3d zasilaj\u0105cy sondy lambda NGK 2,20 m"},"content":{"rendered":"<div>\n<h2>Przew\u00f3d zasilaj\u0105cy sondy lambda NGK OZA685-WW1<\/h2>\n<\/div>\n<div>\n<p>Przew\u00f3d zasilaj\u0105cy do sondy lambda NGK OZA685-WW1 o d\u0142ugo\u015bci 2,20m.<\/p>\n<h5><b>Dost\u0119pne w r\u00f3\u017cnych d\u0142ugo\u015bciach i wariantach.<\/b><\/h5>\n<\/div>\n<h4>Rysunek:<\/h4>\n<p><a href=\"https:\/\/hs-sensortechnik.at\/wp-content\/uploads\/2023\/06\/118.02-7120_Zeichnung-Zuleitung-Lambdasonde-220m.pdf\">118.02-7120_Przew\u00f3d zasilaj\u0105cy sondy lambda 2,20 m<\/a><\/p>\n<div>\n<h4>Z przyjemno\u015bci\u0105 zamontujemy wybrany linia zasilaj\u0105ca. Mo\u017ce to wygl\u0105da\u0107 nast\u0119puj\u0105co:<\/h4>\n<p><img fetchpriority=\"high\" decoding=\"async\" class=\"wp-image-5411 size-medium alignleft\" src=\"https:\/\/hs-sensortechnik.at\/wp-content\/uploads\/2023\/06\/Zuleitung-Lambdasonde-Moeglichkeit_03-300x225.png\" alt=\"Mo\u017cliwo\u015b\u0107 pod\u0142\u0105czenia przewodu zasilaj\u0105cego sondy lambda_03\" width=\"300\" height=\"225\" srcset=\"https:\/\/hs-sensortechnik.at\/wp-content\/uploads\/2023\/06\/Zuleitung-Lambdasonde-Moeglichkeit_03-300x225.png 300w, https:\/\/hs-sensortechnik.at\/wp-content\/uploads\/2023\/06\/Zuleitung-Lambdasonde-Moeglichkeit_03.png 500w\" sizes=\"(max-width: 300px) 100vw, 300px\" \/><\/p>\n<p><img decoding=\"async\" class=\"wp-image-5407 size-medium alignnone\" src=\"https:\/\/hs-sensortechnik.at\/wp-content\/uploads\/2023\/06\/Zuleitung-Lambdasonde-Moeglichkeit-300x225.png\" alt=\"Przew\u00f3d zasilaj\u0105cy sondy lambda Mo\u017cliwo\u015b\u0107\" width=\"300\" height=\"225\" srcset=\"https:\/\/hs-sensortechnik.at\/wp-content\/uploads\/2023\/06\/Zuleitung-Lambdasonde-Moeglichkeit-300x225.png 300w, https:\/\/hs-sensortechnik.at\/wp-content\/uploads\/2023\/06\/Zuleitung-Lambdasonde-Moeglichkeit.png 500w\" sizes=\"(max-width: 300px) 100vw, 300px\" \/><\/p>\n<p><img decoding=\"async\" class=\"wp-image-5399 size-medium alignleft\" src=\"https:\/\/hs-sensortechnik.at\/wp-content\/uploads\/2023\/06\/Zuleitung-Lambdasonde-Moeglichkeit_04-300x225.png\" alt=\"Przew\u00f3d zasilaj\u0105cy sondy lambda Mo\u017cliwo\u015b\u0107\" width=\"300\" height=\"225\" srcset=\"https:\/\/hs-sensortechnik.at\/wp-content\/uploads\/2023\/06\/Zuleitung-Lambdasonde-Moeglichkeit_04-300x225.png 300w, https:\/\/hs-sensortechnik.at\/wp-content\/uploads\/2023\/06\/Zuleitung-Lambdasonde-Moeglichkeit_04.png 500w\" sizes=\"(max-width: 300px) 100vw, 300px\" \/><\/p>\n<p><img loading=\"lazy\" decoding=\"async\" class=\"wp-image-5409 size-medium alignleft\" src=\"https:\/\/hs-sensortechnik.at\/wp-content\/uploads\/2023\/06\/Zuleitung-Lambdasonde-Moeglichkeit_02-300x225.png\" alt=\"Mo\u017cliwo\u015b\u0107 sondy lambda przewodu zasilaj\u0105cego_02\" width=\"300\" height=\"225\" srcset=\"https:\/\/hs-sensortechnik.at\/wp-content\/uploads\/2023\/06\/Zuleitung-Lambdasonde-Moeglichkeit_02-300x225.png 300w, https:\/\/hs-sensortechnik.at\/wp-content\/uploads\/2023\/06\/Zuleitung-Lambdasonde-Moeglichkeit_02.png 500w\" sizes=\"(max-width: 300px) 100vw, 300px\" \/><\/p>\n<div><\/div>\n<\/div>\n","protected":false},"excerpt":{"rendered":"<div>\n<p>Po\u0142\u0105czenie linia zasilaj\u0105ca po\u0142\u0105czeniowy do sondy lambda OZA685-WW1<\/p>\n<\/div>\n","protected":false},"featured_media":8241,"comment_status":"closed","ping_status":"closed","template":"","meta":{"_acf_changed":false,"_genesis_hide_title":false,"_genesis_hide_breadcrumbs":false,"_genesis_hide_singular_image":false,"_genesis_hide_footer_widgets":false,"_genesis_custom_body_class":"","_genesis_custom_post_class":"","_genesis_layout":""},"product_brand":[],"product_cat":[370,275],"product_tag":[409,408],"class_list":{"0":"post-6222","1":"product","2":"type-product","3":"status-publish","4":"has-post-thumbnail","6":"product_cat-sonda-lambda-pl","7":"product_cat-uncategorized-pl","8":"product_tag-linia-zasilajaca","9":"product_tag-polaczeniezarzadzanie","10":"entry","12":"first","13":"instock","14":"taxable","15":"shipping-taxable","16":"purchasable","17":"product-type-simple"},"acf":[],"tiered_pricing_type":"fixed","tiered_pricing_fixed_rules":{"5":12,"10":9},"tiered_pricing_product_settings":{"layout":"default","base_unit_name":{"singular":null,"plural":null},"default_variation":null},"tiered_pricing_minimum_quantity":null,"tiered_pricing_roles_data":[],"tiered_pricing_percentage_rules":[],"_links":{"self":[{"href":"https:\/\/hs-sensortechnik.at\/pl\/wp-json\/wp\/v2\/product\/6222","targetHints":{"allow":["GET"]}}],"collection":[{"href":"https:\/\/hs-sensortechnik.at\/pl\/wp-json\/wp\/v2\/product"}],"about":[{"href":"https:\/\/hs-sensortechnik.at\/pl\/wp-json\/wp\/v2\/types\/product"}],"replies":[{"embeddable":true,"href":"https:\/\/hs-sensortechnik.at\/pl\/wp-json\/wp\/v2\/comments?post=6222"}],"wp:featuredmedia":[{"embeddable":true,"href":"https:\/\/hs-sensortechnik.at\/pl\/wp-json\/wp\/v2\/media\/8241"}],"wp:attachment":[{"href":"https:\/\/hs-sensortechnik.at\/pl\/wp-json\/wp\/v2\/media?parent=6222"}],"wp:term":[{"taxonomy":"product_brand","embeddable":true,"href":"https:\/\/hs-sensortechnik.at\/pl\/wp-json\/wp\/v2\/product_brand?post=6222"},{"taxonomy":"product_cat","embeddable":true,"href":"https:\/\/hs-sensortechnik.at\/pl\/wp-json\/wp\/v2\/product_cat?post=6222"},{"taxonomy":"product_tag","embeddable":true,"href":"https:\/\/hs-sensortechnik.at\/pl\/wp-json\/wp\/v2\/product_tag?post=6222"}],"curies":[{"name":"wp","href":"https:\/\/api.w.org\/{rel}","templated":true}]}}