{"id":6224,"date":"2023-06-28T06:10:10","date_gmt":"2023-06-28T06:10:10","guid":{"rendered":"https:\/\/p-sil6td.project.space\/produkt\/sonda-szerokopasmowa-zfas-u2\/"},"modified":"2025-08-19T08:28:43","modified_gmt":"2025-08-19T08:28:43","slug":"sonda-szerokopasmowa-zfas-u2-118-02-8110","status":"publish","type":"product","link":"https:\/\/hs-sensortechnik.at\/pl\/produkt\/sonda-szerokopasmowa-zfas-u2-118-02-8110\/","title":{"rendered":"Sonda szerokopasmowa ZFAS-U2"},"content":{"rendered":"<div>\n<h2>Sonda szerokopasmowa ZFAS-U2 118.02-8110 Niterra NGK|NTK<\/h2>\n<p><strong>Czujnik liniowy u\u017cywany z uk\u0142adem ASIC L9780<\/strong><\/p>\n<\/div>\n<div>\n<div><b>Numer producenta<br \/>\n<\/b><\/div>\n<div>UAA000A-WW001<\/div>\n<\/div>\n<div><\/div>\n<div><b>Rura ochronna <\/b><\/div>\n<div>Metalowa rurka ochronna chroni element sondy przed cia\u0142ami sta\u0142ymi i py\u0142em w spalinach.<\/div>\n<div><\/div>\n<div><b>Element p\u0142aski z grza\u0142k\u0105 <\/b><\/div>\n<div>Element planarny szerokopasmowej sondy lambda NTK sk\u0142ada si\u0119 z kilku warstw. Opr\u00f3cz celi pompy i celi pomiarowej zawiera r\u00f3wnie\u017c zintegrowan\u0105 grza\u0142k\u0119.<\/div>\n<div><\/div>\n<div><b>Uchwyt elementu <\/b><\/div>\n<div>Uchwyt elementu zapewnia pewne i chronione przed wibracjami mocowanie elementu ceramicznego.<\/div>\n<div><\/div>\n<div><b>Sze\u015bciok\u0105t <\/b><\/div>\n<div>Sze\u015bciok\u0105t s\u0142u\u017cy do monta\u017cu sondy przy u\u017cyciu prawid\u0142owego momentu dokr\u0119cania.<\/div>\n<div><\/div>\n<div><b>Piecz\u0119\u0107 <\/b><\/div>\n<div>Aby zapobiec przedostawaniu si\u0119 wilgoci do czujnika, kable s\u0105 wyprowadzone na zewn\u0105trz przez gumow\u0105 uszczelk\u0119. Ta gumowa uszczelka jest dociskana do obudowy czujnika.<\/div>\n<div><\/div>\n<div><b>Po\u0142\u0105czeniezarz\u0105dzanie <\/b><\/div>\n<div>Sonda jest pod\u0142\u0105czona do jednostki steruj\u0105cej za pomoc\u0105 kabli po\u0142\u0105czeniowych. Jednostka steruj\u0105ca reguluje ogniwo pompy i mierzy niezb\u0119dny pr\u0105d pompy oraz ocenia go pod k\u0105tem kontroli lambda.<\/div>\n<div><\/div>\n<div><b>Dane og\u00f3lne <\/b><\/div>\n<div>\n<ul>\n<li>zapewnia doskona\u0142e formowanie mieszanki<\/li>\n<li>gwarantuj\u0105 optymalne warunki pracy katalizatora<\/li>\n<li>ograniczenie szkodliwych emisji<\/li>\n<li>utrzymanie zu\u017cycia paliwa przez pojazd na jak najni\u017cszym poziomie<\/li>\n<\/ul>\n<\/div>\n<h4>Pobierz<\/h4>\n<p><a href=\"https:\/\/hs-sensortechnik.at\/wp-content\/uploads\/2025\/05\/Breitbandsonde-Katalog-Niterra-Neu.pdf\">118.02-8110_Breitbandsonde<\/a><\/p>\n<p>&nbsp;<\/p>\n<p><img fetchpriority=\"high\" decoding=\"async\" class=\"alignnone wp-image-8388 \" src=\"https:\/\/hs-sensortechnik.at\/wp-content\/uploads\/2023\/04\/ngk-ntk_niterra_quer.png\" alt=\"NGK NTK Niterra Logo\" width=\"487\" height=\"122\" srcset=\"https:\/\/hs-sensortechnik.at\/wp-content\/uploads\/2023\/04\/ngk-ntk_niterra_quer.png 1182w, https:\/\/hs-sensortechnik.at\/wp-content\/uploads\/2023\/04\/ngk-ntk_niterra_quer-655x164.png 655w, https:\/\/hs-sensortechnik.at\/wp-content\/uploads\/2023\/04\/ngk-ntk_niterra_quer-300x75.png 300w, https:\/\/hs-sensortechnik.at\/wp-content\/uploads\/2023\/04\/ngk-ntk_niterra_quer-1024x256.png 1024w, https:\/\/hs-sensortechnik.at\/wp-content\/uploads\/2023\/04\/ngk-ntk_niterra_quer-768x192.png 768w\" sizes=\"(max-width: 487px) 100vw, 487px\" \/><br \/>\n<b>Jeste\u015bmy og\u00f3lnoeuropejskim dystrybutorem <a href=\"https:\/\/www.ngkntk.com\/de\/produkte\/lambdasonden\/\" target=\"_blank\" rel=\"noopener\">sond szerokopasmowych Niterra<\/a> (dawniej NGK | NTK)<\/b><\/p>\n<p>&nbsp;<\/p>\n","protected":false},"excerpt":{"rendered":"<p>Czujnik liniowy u\u017cywany z uk\u0142adem ASIC L9780<\/p>\n<p>UAA000A-WW001<\/p>\n","protected":false},"featured_media":5905,"comment_status":"closed","ping_status":"closed","template":"","meta":{"_acf_changed":false,"_genesis_hide_title":false,"_genesis_hide_breadcrumbs":false,"_genesis_hide_singular_image":false,"_genesis_hide_footer_widgets":false,"_genesis_custom_body_class":"","_genesis_custom_post_class":"","_genesis_layout":""},"product_brand":[],"product_cat":[405,275],"product_tag":[446,445,444],"class_list":{"0":"post-6224","1":"product","2":"type-product","3":"status-publish","4":"has-post-thumbnail","6":"product_cat-sonda-szerokopasmowa","7":"product_cat-uncategorized-pl","8":"product_tag-asic-l9780-pl","9":"product_tag-czujnik-liniowy","10":"product_tag-sonda-szerokopasmowa","11":"entry","13":"first","14":"instock","15":"taxable","16":"shipping-taxable","17":"purchasable","18":"product-type-simple"},"acf":[],"tiered_pricing_type":"fixed","tiered_pricing_fixed_rules":{"5":185,"10":175},"tiered_pricing_product_settings":{"layout":"default","base_unit_name":{"singular":null,"plural":null},"default_variation":null},"tiered_pricing_minimum_quantity":null,"tiered_pricing_roles_data":[],"tiered_pricing_percentage_rules":[],"_links":{"self":[{"href":"https:\/\/hs-sensortechnik.at\/pl\/wp-json\/wp\/v2\/product\/6224","targetHints":{"allow":["GET"]}}],"collection":[{"href":"https:\/\/hs-sensortechnik.at\/pl\/wp-json\/wp\/v2\/product"}],"about":[{"href":"https:\/\/hs-sensortechnik.at\/pl\/wp-json\/wp\/v2\/types\/product"}],"replies":[{"embeddable":true,"href":"https:\/\/hs-sensortechnik.at\/pl\/wp-json\/wp\/v2\/comments?post=6224"}],"wp:featuredmedia":[{"embeddable":true,"href":"https:\/\/hs-sensortechnik.at\/pl\/wp-json\/wp\/v2\/media\/5905"}],"wp:attachment":[{"href":"https:\/\/hs-sensortechnik.at\/pl\/wp-json\/wp\/v2\/media?parent=6224"}],"wp:term":[{"taxonomy":"product_brand","embeddable":true,"href":"https:\/\/hs-sensortechnik.at\/pl\/wp-json\/wp\/v2\/product_brand?post=6224"},{"taxonomy":"product_cat","embeddable":true,"href":"https:\/\/hs-sensortechnik.at\/pl\/wp-json\/wp\/v2\/product_cat?post=6224"},{"taxonomy":"product_tag","embeddable":true,"href":"https:\/\/hs-sensortechnik.at\/pl\/wp-json\/wp\/v2\/product_tag?post=6224"}],"curies":[{"name":"wp","href":"https:\/\/api.w.org\/{rel}","templated":true}]}}