{"id":6248,"date":"2023-06-28T07:43:30","date_gmt":"2023-06-28T07:43:30","guid":{"rendered":"https:\/\/p-sil6td.project.space\/produkt\/linia-zasilajaca-dla-leister-300m\/"},"modified":"2025-07-21T06:09:07","modified_gmt":"2025-07-21T06:09:07","slug":"linia-zasilajaca-dla-leister-122-10-0010","status":"publish","type":"product","link":"https:\/\/hs-sensortechnik.at\/pl\/produkt\/linia-zasilajaca-dla-leister-122-10-0010\/","title":{"rendered":"Linia zasilaj\u0105ca dla Leister 3,00m"},"content":{"rendered":"<div>\n<h2>Linia zasilaj\u0105ca dla Leister Wentylator zap\u0142onu BM4<\/h2>\n<\/div>\n<div>\n<p>Linia zasilaj\u0105ca dla Leister Wentylator zap\u0142onu 3000 mm, SIHF 3&#215;1 .<\/p>\n<h5><b>Dost\u0119pne w r\u00f3\u017cnych d\u0142ugo\u015bciach i wariantach.<\/b><\/h5>\n<h4>Rysunek:<\/h4>\n<p><a href=\"https:\/\/hs-sensortechnik.at\/wp-content\/uploads\/2023\/06\/Zeichnung-Zuleitung-fuer-Leister-122.10-0010.pdf\">122.10-0010_Przew\u00f3d zasilaj\u0105cy Leister<\/a><\/p>\n<p>&nbsp;<\/p>\n<p>&nbsp;<\/p>\n<\/div>\n","protected":false},"excerpt":{"rendered":"<div>\n<p>Kabel po\u0142\u0105czeniowy wentylatora zap\u0142onu<\/p>\n<\/div>\n","protected":false},"featured_media":8271,"comment_status":"closed","ping_status":"closed","template":"","meta":{"_acf_changed":false,"_genesis_hide_title":false,"_genesis_hide_breadcrumbs":false,"_genesis_hide_singular_image":false,"_genesis_hide_footer_widgets":false,"_genesis_custom_body_class":"","_genesis_custom_post_class":"","_genesis_layout":""},"product_brand":[],"product_cat":[275,362],"product_tag":[409,408],"class_list":{"0":"post-6248","1":"product","2":"type-product","3":"status-publish","4":"has-post-thumbnail","6":"product_cat-uncategorized-pl","7":"product_cat-wentylator-zaplonu-leister","8":"product_tag-linia-zasilajaca","9":"product_tag-polaczeniezarzadzanie","10":"entry","12":"first","13":"instock","14":"taxable","15":"shipping-taxable","16":"purchasable","17":"product-type-simple"},"acf":[],"tiered_pricing_type":"fixed","tiered_pricing_fixed_rules":{"5":12,"10":9},"tiered_pricing_product_settings":{"layout":"default","base_unit_name":{"singular":null,"plural":null},"default_variation":null},"tiered_pricing_minimum_quantity":null,"tiered_pricing_roles_data":[],"tiered_pricing_percentage_rules":[],"_links":{"self":[{"href":"https:\/\/hs-sensortechnik.at\/pl\/wp-json\/wp\/v2\/product\/6248","targetHints":{"allow":["GET"]}}],"collection":[{"href":"https:\/\/hs-sensortechnik.at\/pl\/wp-json\/wp\/v2\/product"}],"about":[{"href":"https:\/\/hs-sensortechnik.at\/pl\/wp-json\/wp\/v2\/types\/product"}],"replies":[{"embeddable":true,"href":"https:\/\/hs-sensortechnik.at\/pl\/wp-json\/wp\/v2\/comments?post=6248"}],"wp:featuredmedia":[{"embeddable":true,"href":"https:\/\/hs-sensortechnik.at\/pl\/wp-json\/wp\/v2\/media\/8271"}],"wp:attachment":[{"href":"https:\/\/hs-sensortechnik.at\/pl\/wp-json\/wp\/v2\/media?parent=6248"}],"wp:term":[{"taxonomy":"product_brand","embeddable":true,"href":"https:\/\/hs-sensortechnik.at\/pl\/wp-json\/wp\/v2\/product_brand?post=6248"},{"taxonomy":"product_cat","embeddable":true,"href":"https:\/\/hs-sensortechnik.at\/pl\/wp-json\/wp\/v2\/product_cat?post=6248"},{"taxonomy":"product_tag","embeddable":true,"href":"https:\/\/hs-sensortechnik.at\/pl\/wp-json\/wp\/v2\/product_tag?post=6248"}],"curies":[{"name":"wp","href":"https:\/\/api.w.org\/{rel}","templated":true}]}}