{"id":7091,"date":"2024-03-26T14:37:10","date_gmt":"2024-03-26T14:37:10","guid":{"rendered":"https:\/\/p-sil6td.project.space\/?post_type=product&#038;p=7091"},"modified":"2025-07-21T06:25:17","modified_gmt":"2025-07-21T06:25:17","slug":"czujnik-temperatury-pt1000-b-sil-200-m-kopie","status":"publish","type":"product","link":"https:\/\/hs-sensortechnik.at\/pl\/produkt\/czujnik-temperatury-pt1000-b-sil-200-m-kopie\/","title":{"rendered":"Czujnik temperatury PT1000\/B SIL 20,00 m"},"content":{"rendered":"<div>\n<h2>Czujnik temperatury PT1000\/B SIL 20,00 m<\/h2>\n<\/div>\n<p>Przew\u00f3d silikonowy<\/p>\n<p>Obw\u00f3d 2-przewodowy, osadzony w pa\u015bcie przewodz\u0105cej ciep\u0142o<\/p>\n<p><strong>Opis:<\/strong><\/p>\n<p>PT1000 to rezystancyjny czujnik temperatury wykorzystuj\u0105cy elementy platynowe o rezystancji 1000 om\u00f3w w temperaturze 0\u00b0C. Czujniki PT1000 s\u0105 zatem szczeg\u00f3lnie odpowiednie do zastosowa\u0144 2-przewodowych i s\u0105 u\u017cywane do szerokiej gamy r\u00f3\u017cnych pomiar\u00f3w temperatury.<\/p>\n<p>&nbsp;<\/p>\n<div>\n<h5><b>W\u0142a\u015bciwo\u015bci:<br \/>\n<\/b><\/h5>\n<ul>\n<li>Czujnik: PT1000\/B zgodnie z norm\u0105 DIN EN 60751<\/li>\n<li>Typ obwodu: obw\u00f3d 2-przewodowy<\/li>\n<li>\u015arednica tulei ochronnej: 6 mm<\/li>\n<li>D\u0142ugo\u015b\u0107 tulei ochronnej: 50 mm<\/li>\n<li>Kabel po\u0142\u0105czeniowy: SIL\/SIL 2 x 0,22 mm\u00b2<\/li>\n<li>D\u0142ugo\u015b\u0107 kabla po\u0142\u0105czeniowego: AL=20,000mm<\/li>\n<li>Ko\u0144c\u00f3wki przy\u0142\u0105czeniowe: Ko\u0144c\u00f3wki przy\u0142\u0105czeniowe: 50 mm FE z ko\u0144c\u00f3wkami przewod\u00f3w<\/li>\n<li>Dopuszczalny zakres temperatur: -50&#8230;+180\u00b0C<\/li>\n<\/ul>\n<p><b>Numer producenta:<\/b><br \/>\nKBTF200S01-20.0601<b><br \/>\n<\/b><\/p>\n<table style=\"height: 28px\" width=\"133\">\n<tbody>\n<tr>\n<td width=\"131\"><\/td>\n<\/tr>\n<\/tbody>\n<\/table>\n<\/div>\n","protected":false},"excerpt":{"rendered":"<div>\n<p>PT1000\/B &#8211; 6x50mm<\/p>\n<\/div>\n","protected":false},"featured_media":8301,"comment_status":"closed","ping_status":"closed","template":"","meta":{"_acf_changed":false,"_genesis_hide_title":false,"_genesis_hide_breadcrumbs":false,"_genesis_hide_singular_image":false,"_genesis_hide_footer_widgets":false,"_genesis_custom_body_class":"","_genesis_custom_post_class":"","_genesis_layout":""},"product_brand":[],"product_cat":[328,275],"product_tag":[329,346],"class_list":{"0":"post-7091","1":"product","2":"type-product","3":"status-publish","4":"has-post-thumbnail","6":"product_cat-czujnik-temperatury","7":"product_cat-uncategorized-pl","8":"product_tag-czujnik-temperatury","9":"product_tag-czujnik-temperatury-kabla","10":"entry","12":"first","13":"instock","14":"taxable","15":"shipping-taxable","16":"purchasable","17":"product-type-simple"},"acf":[],"tiered_pricing_type":"fixed","tiered_pricing_fixed_rules":{"10":16.4,"20":16.2},"tiered_pricing_product_settings":{"layout":"default","base_unit_name":{"singular":null,"plural":null},"default_variation":null},"tiered_pricing_minimum_quantity":null,"tiered_pricing_roles_data":[],"tiered_pricing_percentage_rules":[],"_links":{"self":[{"href":"https:\/\/hs-sensortechnik.at\/pl\/wp-json\/wp\/v2\/product\/7091","targetHints":{"allow":["GET"]}}],"collection":[{"href":"https:\/\/hs-sensortechnik.at\/pl\/wp-json\/wp\/v2\/product"}],"about":[{"href":"https:\/\/hs-sensortechnik.at\/pl\/wp-json\/wp\/v2\/types\/product"}],"replies":[{"embeddable":true,"href":"https:\/\/hs-sensortechnik.at\/pl\/wp-json\/wp\/v2\/comments?post=7091"}],"wp:featuredmedia":[{"embeddable":true,"href":"https:\/\/hs-sensortechnik.at\/pl\/wp-json\/wp\/v2\/media\/8301"}],"wp:attachment":[{"href":"https:\/\/hs-sensortechnik.at\/pl\/wp-json\/wp\/v2\/media?parent=7091"}],"wp:term":[{"taxonomy":"product_brand","embeddable":true,"href":"https:\/\/hs-sensortechnik.at\/pl\/wp-json\/wp\/v2\/product_brand?post=7091"},{"taxonomy":"product_cat","embeddable":true,"href":"https:\/\/hs-sensortechnik.at\/pl\/wp-json\/wp\/v2\/product_cat?post=7091"},{"taxonomy":"product_tag","embeddable":true,"href":"https:\/\/hs-sensortechnik.at\/pl\/wp-json\/wp\/v2\/product_tag?post=7091"}],"curies":[{"name":"wp","href":"https:\/\/api.w.org\/{rel}","templated":true}]}}