{"id":8587,"date":"2025-11-19T07:49:28","date_gmt":"2025-11-19T07:49:28","guid":{"rendered":"https:\/\/hs-sensortechnik.at\/?post_type=product&#038;p=8587"},"modified":"2025-12-04T09:24:34","modified_gmt":"2025-12-04T09:24:34","slug":"zlacze-mc4-sale","status":"publish","type":"product","link":"https:\/\/hs-sensortechnik.at\/pl\/produkt\/zlacze-mc4-sale\/","title":{"rendered":"Z\u0142\u0105cze MC4 Wtyczka St\u00e4ubli &#8211; SALE"},"content":{"rendered":"<div>\n<h2>Z\u0142\u0105cze MC4 Wtyczka St\u00e4ubli &#8211; SALE<\/h2>\n<\/div>\n<div>\n<p><strong>Opis:<\/strong><\/p>\n<p>Wtyczka sprz\u0119gaj\u0105ca MC4<br \/>\nOtwarte styki zaciskane na ta\u015bmie no\u015bnej (wraz z elementem izolacyjnym)<\/p>\n<\/div>\n<div>\n<h5><a href=\"https:\/\/hs-sensortechnik.at\/wp-content\/uploads\/2025\/11\/DB_350.01-0120_17102023.pdf\" target=\"_blank\" rel=\"noopener\"><b>Download Arkusz danych technicznych<\/b><\/a><\/h5>\n<\/div>\n<p><strong>Numer producenta:<\/strong><\/p>\n<ul>\n<li>32.0011P2000-UR &#8211; St\u00e4ubli<\/li>\n<\/ul>\n","protected":false},"excerpt":{"rendered":"<p><strong>Minimalne zam\u00f3wienie: 100 szt.<\/strong><\/p>\n<p><strong>Cena za 100 szt.: <\/strong>Euro 105,&#8211;\/ 100 szt.<br \/>\n<strong>Cena za 1000 szt.: <\/strong>Euro 75,&#8211;\/ 100 szt.<\/p>\n<p>Niestety, ten produkt nie jest dost\u0119pny w sprzeda\u017cy poprzez sklep internetowy.<br \/>\n<strong>Czekamy na Pa\u0144stwa zapytanie bezpo\u015brednio przez e-mail na adres: <a href=\"mailto:office@hs-sensortechnik.at\">office@hs-sensortechnik.at<\/a><\/strong><\/p>\n","protected":false},"featured_media":8597,"comment_status":"closed","ping_status":"closed","template":"","meta":{"_acf_changed":false,"_genesis_hide_title":false,"_genesis_hide_breadcrumbs":false,"_genesis_hide_singular_image":false,"_genesis_hide_footer_widgets":false,"_genesis_custom_body_class":"","_genesis_custom_post_class":"","_genesis_layout":""},"product_brand":[],"product_cat":[276,275],"product_tag":[531,536,335],"class_list":{"0":"post-8587","1":"product","2":"type-product","3":"status-publish","4":"has-post-thumbnail","6":"product_cat-pozostale-zapasy","7":"product_cat-uncategorized-pl","8":"product_tag-mc4","9":"product_tag-wtyczka-sprzegajaca","10":"product_tag-zlacze","11":"entry","13":"first","14":"instock","15":"taxable","16":"shipping-taxable","17":"product-type-simple"},"acf":[],"tiered_pricing_type":"fixed","tiered_pricing_fixed_rules":[],"tiered_pricing_product_settings":{"layout":"default","base_unit_name":{"singular":null,"plural":null},"default_variation":null},"tiered_pricing_minimum_quantity":null,"tiered_pricing_roles_data":[],"tiered_pricing_percentage_rules":[],"_links":{"self":[{"href":"https:\/\/hs-sensortechnik.at\/pl\/wp-json\/wp\/v2\/product\/8587","targetHints":{"allow":["GET"]}}],"collection":[{"href":"https:\/\/hs-sensortechnik.at\/pl\/wp-json\/wp\/v2\/product"}],"about":[{"href":"https:\/\/hs-sensortechnik.at\/pl\/wp-json\/wp\/v2\/types\/product"}],"replies":[{"embeddable":true,"href":"https:\/\/hs-sensortechnik.at\/pl\/wp-json\/wp\/v2\/comments?post=8587"}],"wp:featuredmedia":[{"embeddable":true,"href":"https:\/\/hs-sensortechnik.at\/pl\/wp-json\/wp\/v2\/media\/8597"}],"wp:attachment":[{"href":"https:\/\/hs-sensortechnik.at\/pl\/wp-json\/wp\/v2\/media?parent=8587"}],"wp:term":[{"taxonomy":"product_brand","embeddable":true,"href":"https:\/\/hs-sensortechnik.at\/pl\/wp-json\/wp\/v2\/product_brand?post=8587"},{"taxonomy":"product_cat","embeddable":true,"href":"https:\/\/hs-sensortechnik.at\/pl\/wp-json\/wp\/v2\/product_cat?post=8587"},{"taxonomy":"product_tag","embeddable":true,"href":"https:\/\/hs-sensortechnik.at\/pl\/wp-json\/wp\/v2\/product_tag?post=8587"}],"curies":[{"name":"wp","href":"https:\/\/api.w.org\/{rel}","templated":true}]}}