{"id":8673,"date":"2025-12-04T07:10:58","date_gmt":"2025-12-04T07:10:58","guid":{"rendered":"https:\/\/hs-sensortechnik.at\/?post_type=product&#038;p=8673"},"modified":"2026-01-13T07:15:52","modified_gmt":"2026-01-13T07:15:52","slug":"sonda-lambda-211-02-26","status":"publish","type":"product","link":"https:\/\/hs-sensortechnik.at\/pl\/produkt\/sonda-lambda-211-02-26\/","title":{"rendered":"Sonda lambda OZA685-WW1 wraz z wtyczk\u0105 Superseal i tulej\u0105"},"content":{"rendered":"<div>\n<h2>Sonda lambda OZA685-WW1 (Niterra NGK) wraz z wtyczk\u0105 Superseal i tulej\u0105 <\/h2>\n<h3>Czujnik do biomasy z Superseal<\/h3>\n<\/div>\n<div><b>Pierwiastek dwutlenku cyrkonu<\/b><\/div>\n<div>\n<div>Pierwiastek cyrkonu jest tak zwanym elektrolitem w stanie sta\u0142ym.<\/div>\n<\/div>\n<div>\n<p>Pierwiastek cyrkonu jest tak zwanym elektrolitem w stanie sta\u0142ym.<br \/>\nRdze\u0144 tej sondy to ceramika w kszta\u0142cie palca, kt\u00f3ra jest pusta w \u015brodku.<br \/>Aby osi\u0105gn\u0105\u0107 \u017c\u0105dan\u0105 temperatur\u0119 robocz\u0105, w\u0142\u0105czana jest grza\u0142ka umieszczona w elemencie. W z\u0142o\u017conym procesie wytwarza to \u2013 w zale\u017cno\u015bci od resztkowej zawarto\u015bci tlenu w spalinach \u2013 wysokie lub niskie napi\u0119cie elektryczne. W z\u0142o\u017conym procesie wytwarza to &#8211; w zale\u017cno\u015bci od resztkowej zawarto\u015bci tlenu w spalinach &#8211; wysokie lub niskie napi\u0119cie elektryczne.<\/p>\n<p><b>Rura ochronna<\/b><br \/>\nMetalowa rurka ochronna chroni element sondy przed cia\u0142ami sta\u0142ymi i py\u0142em w spalinach<\/p>\n<p><b>Grza\u0142ka<\/b><br \/>\nZintegrowana grza\u0142ka zapewnia, \u017ce element sondy bardzo szybko osi\u0105ga wymagan\u0105 temperatur\u0119 pracy, a sta\u0142y sygna\u0142 mV jest podawany ju\u017c po kilku minutach.<\/p>\n<p><b>Uchwyt ceramiczny<\/b><br \/>\nCeramiczny uchwyt utrzymuje element sondy i chroni go przed wibracjami.<\/p>\n<p><b>Pier\u015bcie\u0144 uszczelniaj\u0105cy<\/b><br \/>\nPier\u015bcie\u0144 uszczelniaj\u0105cy zapewnia szczelne dopasowanie mi\u0119dzy sond\u0105 lambda a gwintowan\u0105 tulej\u0105.<\/p>\n<p><b>Sze\u015bciok\u0105t<\/b><br \/>\nSonda jest wkr\u0119cana za pomoc\u0105 sze\u015bciok\u0105ta. Nale\u017cy zastosowa\u0107 odpowiedni moment dokr\u0119cania. Nale\u017cy zastosowa\u0107 odpowiedni moment dokr\u0119cania.<\/p>\n<p><b>Piecz\u0119\u0107<\/b><br \/>\nAby zapobiec przedostawaniu si\u0119 wilgoci do czujnika, kable s\u0105 wyprowadzone na zewn\u0105trz przez gumow\u0105 uszczelk\u0119. Ta gumowa uszczelka jest dociskana do obudowy czujnika.<\/p>\n<p><b>Pod\u0142\u0105czenie grza\u0142ki<\/b><br \/>\nGrza\u0142ka sondy lambda jest zasilana przez te dwa bia\u0142e z\u0142\u0105cza.<\/p>\n<p><b>Masa sondy<\/b><br \/>\nTen szary przew\u00f3d tworzy po\u0142\u0105czenie uziemienia z elektronik\u0105.<\/p>\n<p><b>Sygna\u0142 sondy<\/b><br \/>\nSygna\u0142 sondy jest kierowany do elektroniki za po\u015brednictwem tego czarnego przewodu.<\/p>\n<p>&nbsp;<\/p>\n<\/div>\n<h4>Pobierz<\/h4>\n<p><a href=\"https:\/\/hs-sensortechnik.at\/wp-content\/uploads\/2025\/05\/HSSensortechnik_DEFRITE-Niterra.pdf\">Broszura Sonda lambda 118.02-7100<\/a><\/p>\n<p>&nbsp;<\/p>\n<p><img fetchpriority=\"high\" decoding=\"async\" class=\"alignnone wp-image-8388 \" src=\"https:\/\/hs-sensortechnik.at\/wp-content\/uploads\/2023\/04\/ngk-ntk_niterra_quer.png\" alt=\"NGK NTK Niterra Logo\" width=\"487\" height=\"122\" srcset=\"https:\/\/hs-sensortechnik.at\/wp-content\/uploads\/2023\/04\/ngk-ntk_niterra_quer.png 1182w, https:\/\/hs-sensortechnik.at\/wp-content\/uploads\/2023\/04\/ngk-ntk_niterra_quer-655x164.png 655w, https:\/\/hs-sensortechnik.at\/wp-content\/uploads\/2023\/04\/ngk-ntk_niterra_quer-300x75.png 300w, https:\/\/hs-sensortechnik.at\/wp-content\/uploads\/2023\/04\/ngk-ntk_niterra_quer-1024x256.png 1024w, https:\/\/hs-sensortechnik.at\/wp-content\/uploads\/2023\/04\/ngk-ntk_niterra_quer-768x192.png 768w\" sizes=\"(max-width: 487px) 100vw, 487px\" \/><br \/>\n<b>Jeste\u015bmy europejskim dystrybutorem sondy lambda <a href=\"https:\/\/www.ngkntk.com\/de\/produkte\/lambdasonden\/\" target=\"_blank\" rel=\"noopener\">Niterra <\/a>(dawniej NGK | NTK).<\/b><\/p>\n<p>&nbsp;<\/p>\n","protected":false},"excerpt":{"rendered":"<p>Czujnik Niterra (NGK | NTK) do system\u00f3w grzewczych na biomas\u0119 wraz z wtyczk\u0105 SuperSeal i tulej\u0105 <\/p>\n","protected":false},"featured_media":8698,"comment_status":"closed","ping_status":"closed","template":"","meta":{"_acf_changed":false,"_genesis_hide_title":false,"_genesis_hide_breadcrumbs":false,"_genesis_hide_singular_image":false,"_genesis_hide_footer_widgets":false,"_genesis_custom_body_class":"","_genesis_custom_post_class":"","_genesis_layout":""},"product_brand":[],"product_cat":[370,275],"product_tag":[565,561,450,562,452,505,451,449,563,564,566],"class_list":{"0":"post-8673","1":"product","2":"type-product","3":"status-publish","4":"has-post-thumbnail","6":"product_cat-sonda-lambda-pl","7":"product_cat-uncategorized-pl","8":"product_tag-amd","9":"product_tag-amd-superseal","10":"product_tag-biomasa-z-sondy-lambda","11":"product_tag-lambdasonde-superseal","12":"product_tag-ngk-ntk-pl","13":"product_tag-niterra-pl","14":"product_tag-oza685-ww1-pl","15":"product_tag-sonda-lambda-pl","16":"product_tag-sonda-lambda-amd","17":"product_tag-superseal","18":"product_tag-viessmann","19":"entry","21":"first","22":"instock","23":"taxable","24":"shipping-taxable","25":"purchasable","26":"product-type-simple"},"acf":[],"tiered_pricing_type":"fixed","tiered_pricing_fixed_rules":{"5":219,"10":209},"tiered_pricing_product_settings":{"layout":"default","base_unit_name":{"singular":null,"plural":null},"default_variation":null},"tiered_pricing_minimum_quantity":null,"tiered_pricing_roles_data":[],"tiered_pricing_percentage_rules":[],"_links":{"self":[{"href":"https:\/\/hs-sensortechnik.at\/pl\/wp-json\/wp\/v2\/product\/8673","targetHints":{"allow":["GET"]}}],"collection":[{"href":"https:\/\/hs-sensortechnik.at\/pl\/wp-json\/wp\/v2\/product"}],"about":[{"href":"https:\/\/hs-sensortechnik.at\/pl\/wp-json\/wp\/v2\/types\/product"}],"replies":[{"embeddable":true,"href":"https:\/\/hs-sensortechnik.at\/pl\/wp-json\/wp\/v2\/comments?post=8673"}],"wp:featuredmedia":[{"embeddable":true,"href":"https:\/\/hs-sensortechnik.at\/pl\/wp-json\/wp\/v2\/media\/8698"}],"wp:attachment":[{"href":"https:\/\/hs-sensortechnik.at\/pl\/wp-json\/wp\/v2\/media?parent=8673"}],"wp:term":[{"taxonomy":"product_brand","embeddable":true,"href":"https:\/\/hs-sensortechnik.at\/pl\/wp-json\/wp\/v2\/product_brand?post=8673"},{"taxonomy":"product_cat","embeddable":true,"href":"https:\/\/hs-sensortechnik.at\/pl\/wp-json\/wp\/v2\/product_cat?post=8673"},{"taxonomy":"product_tag","embeddable":true,"href":"https:\/\/hs-sensortechnik.at\/pl\/wp-json\/wp\/v2\/product_tag?post=8673"}],"curies":[{"name":"wp","href":"https:\/\/api.w.org\/{rel}","templated":true}]}}